{"id":8671,"date":"2023-08-12T12:12:31","date_gmt":"2023-08-12T12:12:31","guid":{"rendered":"https:\/\/isfelevatorshop.de\/modes-dexpedition\/"},"modified":"2023-08-12T12:12:31","modified_gmt":"2023-08-12T12:12:31","slug":"modes-dexpedition","status":"publish","type":"page","link":"https:\/\/isfelevatorshop.de\/fr\/modes-dexpedition\/","title":{"rendered":"Modes d&rsquo;exp\u00e9dition"},"content":{"rendered":"<h2>Livraison rapide et fiable de composants d&rsquo;ascenseur par ISF Elevator Shop<\/h2>\n<p>Chez ISF Elevator Shop, nous comprenons l&rsquo;urgence et l&rsquo;importance de recevoir les composants d&rsquo;ascenseur rapidement et en parfait \u00e9tat. C&rsquo;est pourquoi nous nous sommes associ\u00e9s \u00e0 DHL, un leader mondial de l&rsquo;exp\u00e9dition, pour garantir que nos clients, en particulier ceux situ\u00e9s en Allemagne et dans le monde entier, re\u00e7oivent leurs commandes avec rapidit\u00e9 et s\u00e9curit\u00e9. Notre engagement est de fournir :  <\/p>\n<ol>\n<li><strong>Livraisons Rapides :<\/strong> Gr\u00e2ce au vaste r\u00e9seau de DHL et \u00e0 notre syst\u00e8me de traitement efficace, nous garantissons que vos composants d&rsquo;ascenseurs vous parviendront dans les plus brefs d\u00e9lais.<\/li>\n<li><strong>Port\u00e9e mondiale :<\/strong> Que vous soyez en Allemagne ou dans n&rsquo;importe quelle autre partie du monde, nos services d&rsquo;exp\u00e9dition couvrent une vaste zone, garantissant que les entreprises d&rsquo;ascenseurs du monde entier aient acc\u00e8s \u00e0 des composants de haute qualit\u00e9.<\/li>\n<li><strong>Exp\u00e9dition s\u00fbre et s\u00e9curis\u00e9e :<\/strong> Nous accordons la priorit\u00e9 \u00e0 la s\u00e9curit\u00e9 des produits. Chaque colis est manipul\u00e9 avec soin, garantissant que vos composants d&rsquo;ascenseur arrivent intacts et pr\u00eats pour l&rsquo;installation. <\/li>\n<li><strong>Suivi transparent :<\/strong> Une fois votre commande exp\u00e9di\u00e9e, vous recevrez un num\u00e9ro de suivi, vous permettant de surveiller le trajet de votre colis en temps r\u00e9el.<\/li>\n<li><strong>Support client d\u00e9di\u00e9 :<\/strong> Notre \u00e9quipe est toujours pr\u00eate \u00e0 vous aider pour toute demande concernant l&rsquo;exp\u00e9dition, garantissant une exp\u00e9rience fluide et sans tracas, de la passation de la commande jusqu&rsquo;\u00e0 la livraison.<\/li>\n<\/ol>\n<p>Choisissez ISF Elevator Shop pour tous vos besoins en composants d&rsquo;ascenseurs et d\u00e9couvrez la commodit\u00e9, la fiabilit\u00e9 et la rapidit\u00e9 de nos services d&rsquo;exp\u00e9dition DHL.<\/p>\n<h2>Foire aux questions sur les m\u00e9thodes d&rsquo;exp\u00e9dition d&rsquo;ISF Elevator Shop<\/h2>\n<h3>1. Quel prestataire d&rsquo;exp\u00e9dition est utilis\u00e9 par ISF Elevator Shop ?<\/h3>\n<p>Nous utilisons exclusivement DHL pour tous nos besoins d&rsquo;exp\u00e9dition. DHL est un leader mondial du transport reconnu pour sa rapidit\u00e9, sa fiabilit\u00e9 et son r\u00e9seau \u00e9tendu. <\/p>\n<h3>2. Quel est le d\u00e9lai de livraison habituel pour une commande ?<\/h3>\n<p>Bien que les d\u00e9lais de livraison puissent varier en fonction de votre situation g\u00e9ographique et des produits sp\u00e9cifiques command\u00e9s, nous nous effor\u00e7ons de garantir que toutes les commandes soient livr\u00e9es dans les plus brefs d\u00e9lais. Une fois votre commande exp\u00e9di\u00e9e, vous recevrez un num\u00e9ro de suivi pour surveiller son acheminement. <\/p>\n<h3>3. Livrez-vous \u00e0 l&rsquo;international ?<\/h3>\n<p>Oui, nous proposons des services d&rsquo;exp\u00e9dition vers l&rsquo;Allemagne et toutes les autres parties du monde. Peu importe o\u00f9 vous vous trouvez, nous veillons \u00e0 ce que vous ayez acc\u00e8s \u00e0 nos composants d&rsquo;ascenseur de qualit\u00e9 sup\u00e9rieure. <\/p>\n<h3>4. Comment puis-je suivre ma commande ?<\/h3>\n<p>Une fois votre commande exp\u00e9di\u00e9e, vous recevrez un num\u00e9ro de suivi par e-mail. Vous pouvez utiliser ce num\u00e9ro sur le site web de DHL pour suivre l&rsquo;acheminement de votre colis en temps r\u00e9el. <\/p>\n<h3>5. Ma commande est-elle assur\u00e9e pendant le transit ?<\/h3>\n<p>Toutes les exp\u00e9ditions de ISF Elevator Shop sont assur\u00e9es. Nous accordons la priorit\u00e9 \u00e0 la s\u00e9curit\u00e9 des produits, en veillant \u00e0 ce qu&rsquo;ils arrivent en parfait \u00e9tat et pr\u00eats pour l&rsquo;installation. <\/p>\n<h3>6. Que dois-je faire si ma commande arrive endommag\u00e9e ?<\/h3>\n<p>Si vous recevez un produit endommag\u00e9, veuillez contacter imm\u00e9diatement notre support client. Nous vous guiderons \u00e0 travers le processus de retour de l&rsquo;article endommag\u00e9 et nous assurerons que vous receviez un remplacement. <\/p>\n<h3>7. Y a-t-il des frais suppl\u00e9mentaires ou des droits de douane pour les exp\u00e9ditions internationales ?<\/h3>\n<p>7. Y a-t-il des frais suppl\u00e9mentaires ou des droits de douane pour les exp\u00e9ditions internationales ? <\/p>\n<h3>8. Puis-je modifier mon adresse de livraison apr\u00e8s avoir pass\u00e9 une commande ?<\/h3>\n<p>Si vous devez modifier votre adresse de livraison, veuillez contacter notre service client d\u00e8s que possible. Nous ferons de notre mieux pour r\u00e9pondre \u00e0 votre demande, mais les modifications peuvent ne pas \u00eatre possibles si la commande a d\u00e9j\u00e0 \u00e9t\u00e9 exp\u00e9di\u00e9e. <\/p>\n<h3>9. Que se passe-t-il si je ne suis pas disponible pour recevoir ma commande ?<\/h3>\n<p>DHL fera g\u00e9n\u00e9ralement plusieurs tentatives de livraison. Si vous n&rsquo;\u00eates pas disponible lors de ces tentatives, le colis pourra \u00eatre d\u00e9pos\u00e9 dans un bureau ou un d\u00e9p\u00f4t DHL local pour que vous puissiez le r\u00e9cup\u00e9rer. <\/p>\n<h3>DHL fera g\u00e9n\u00e9ralement plusieurs tentatives de livraison. Si vous n&rsquo;\u00eates pas disponible lors de ces tentatives, le colis pourra \u00eatre d\u00e9pos\u00e9 dans un bureau ou un d\u00e9p\u00f4t DHL local pour que vous puissiez le r\u00e9cup\u00e9rer.<\/h3>\n<p>Notre \u00e9quipe d&rsquo;assistance \u00e0 la client\u00e8le d\u00e9di\u00e9e est toujours pr\u00eate \u00e0 vous aider pour toute demande concernant l&rsquo;exp\u00e9dition. Vous pouvez nous contacter par e-mail, par t\u00e9l\u00e9phone ou via le formulaire de contact de notre site web. <\/p>\n<p>Nous esp\u00e9rons que ces FAQ r\u00e9pondent \u00e0 toutes vos pr\u00e9occupations. Si vous avez d&rsquo;autres questions, n&rsquo;h\u00e9sitez pas \u00e0 nous <a title=\"Contact ISF Elevator Shop\" href=\"https:\/\/isfelevatorshop.de\/fr\/contactez-nous\/\" target=\"_blank\" rel=\"noopener\">contacter<\/a> <\/p>\n","protected":false},"excerpt":{"rendered":"<p>Livraison rapide et fiable de composants d&rsquo;ascenseur par ISF Elevator Shop Chez ISF Elevator Shop, nous comprenons l&rsquo;urgence et l&rsquo;importance<\/p>\n","protected":false},"author":5,"featured_media":0,"parent":0,"menu_order":0,"comment_status":"closed","ping_status":"closed","template":"","meta":{"footnotes":""},"class_list":["post-8671","page","type-page","status-publish","hentry"],"_links":{"self":[{"href":"https:\/\/isfelevatorshop.de\/fr\/wp-json\/wp\/v2\/pages\/8671","targetHints":{"allow":["GET"]}}],"collection":[{"href":"https:\/\/isfelevatorshop.de\/fr\/wp-json\/wp\/v2\/pages"}],"about":[{"href":"https:\/\/isfelevatorshop.de\/fr\/wp-json\/wp\/v2\/types\/page"}],"author":[{"embeddable":true,"href":"https:\/\/isfelevatorshop.de\/fr\/wp-json\/wp\/v2\/users\/5"}],"replies":[{"embeddable":true,"href":"https:\/\/isfelevatorshop.de\/fr\/wp-json\/wp\/v2\/comments?post=8671"}],"version-history":[{"count":0,"href":"https:\/\/isfelevatorshop.de\/fr\/wp-json\/wp\/v2\/pages\/8671\/revisions"}],"wp:attachment":[{"href":"https:\/\/isfelevatorshop.de\/fr\/wp-json\/wp\/v2\/media?parent=8671"}],"curies":[{"name":"wp","href":"https:\/\/api.w.org\/{rel}","templated":true}]}}