{"id":8111,"date":"2023-08-06T22:22:03","date_gmt":"2023-08-06T22:22:03","guid":{"rendered":"https:\/\/isfelevatorshop.de\/mentions-legales\/"},"modified":"2025-12-31T02:53:50","modified_gmt":"2025-12-31T02:53:50","slug":"mentions-legales","status":"publish","type":"page","link":"https:\/\/isfelevatorshop.de\/fr\/mentions-legales\/","title":{"rendered":"Mentions L\u00e9gales"},"content":{"rendered":"\t\t<div data-elementor-type=\"wp-page\" data-elementor-id=\"8111\" class=\"elementor elementor-8111 elementor-1803\" data-elementor-post-type=\"page\">\n\t\t\t\t<div class=\"wd-negative-gap elementor-element elementor-element-4957306 e-flex e-con-boxed e-con e-parent\" data-id=\"4957306\" data-element_type=\"container\" data-e-type=\"container\">\n\t\t\t\t\t<div class=\"e-con-inner\">\n\t\t\t\t<div class=\"elementor-element elementor-element-6152052 elementor-widget__width-auto color-scheme-inherit text-left elementor-widget elementor-widget-text-editor\" data-id=\"6152052\" data-element_type=\"widget\" data-e-type=\"widget\" data-widget_type=\"text-editor.default\">\n\t\t\t\t<div class=\"elementor-widget-container\">\n\t\t\t\t\t\t\t\t\t<p><strong>ISF Elevator Shop<\/strong> est une filiale de <strong>ISF Elevator GmbH<\/strong>.<\/p><p>Managing Director (Gesch\u00e4ftsf\u00fchrer): Irfan \u00d6zt\u00fcrk<\/p><h2>Adresse<\/h2><ul><li><strong>Adresse de la boutique : \ud83d\udccd <a href=\"https:\/\/maps.app.goo.gl\/fgF7UF6Xq9tn4wLp6\" target=\"_blank\" rel=\"noopener nofollow\">Raiffeisenstr. 8, 63814 Mainaschaff \/ Allemagne<\/a><\/strong><\/li><\/ul><h2>Contact<\/h2><p><strong>T\u00e9l\u00e9phone : <\/strong><a href=\"tel:\/\/+4915758828410\" target=\"_blank\" rel=\"noopener nofollow\">+49 157 58828410<\/a><\/p><p><strong> Adresses e-mail :<\/strong><\/p><ol><li><a href=\"mailto:info@isfelevatorshop.de\" target=\"_blank\" rel=\"noopener\">info@isfelevatorshop.de<\/a><\/li><li><a href=\"mailto:info@isfelevator.de\" target=\"_blank\" rel=\"noopener\">info@isfelevator.de<\/a><\/li><\/ol><h2>Num\u00e9ro d&rsquo;identification TVA<\/h2><p>Num\u00e9ro d&rsquo;identification TVA conform\u00e9ment au \u00a7 27a de la loi relative \u00e0 la taxe sur la valeur ajout\u00e9e : <strong>DE353298261<\/strong><\/p><p>Registre du commerce : Amtsgericht Aschaffenburg <strong>HRB 17386<\/strong> Juridiction : Aschaffenburg, Allemagne<\/p><p>R\u00e8glement en ligne des litiges de l&rsquo;UE : La Commission europ\u00e9enne fournit une plateforme de r\u00e8glement en ligne des litiges (RLL) : <a href=\"https:\/\/ec.europa.eu\/consumers\/odr\/\" target=\"_new\" rel=\"nofollow noopener\">https:\/\/ec.europa.eu\/consumers\/odr\/<\/a>.<\/p><p>Vous trouverez notre adresse e-mail ci-dessus dans l&rsquo;Impressum.<\/p><p>R\u00e8glement des litiges de consommation\/Organisme d&rsquo;arbitrage universel : Note selon l&rsquo;article 36 de la loi VSBG : ISF Elevator Shop n&rsquo;est ni dispos\u00e9 ni oblig\u00e9 de participer \u00e0 des proc\u00e9dures de r\u00e8glement des litiges devant un conseil d&rsquo;arbitrage de consommation.<\/p><p>Pour plus d&rsquo;informations, vous pouvez consulter la page <a title=\"\u00c0 propos de nous - ISF Elevator Shop\" href=\"https:\/\/isfelevatorshop.de\/fr\/a-propos-de-nous\/\" target=\"_blank\" rel=\"noopener\">\u00c0 propos de nous<\/a> ou la page <a title=\"Page de contact ISF Elevator Shop\" href=\"https:\/\/isfelevatorshop.de\/fr\/contactez-nous\/\" target=\"_blank\" rel=\"noopener\">Contact<\/a>.<\/p>\t\t\t\t\t\t\t\t<\/div>\n\t\t\t\t<\/div>\n\t\t\t\t\t<\/div>\n\t\t\t\t<\/div>\n\t\t\t\t<\/div>\n\t\t","protected":false},"excerpt":{"rendered":"<p>ISF Elevator Shop est une filiale de ISF Elevator GmbH. Managing Director (Gesch\u00e4ftsf\u00fchrer): Irfan \u00d6zt\u00fcrk Adresse Adresse de la boutique<\/p>\n","protected":false},"author":2,"featured_media":0,"parent":0,"menu_order":0,"comment_status":"closed","ping_status":"closed","template":"","meta":{"footnotes":""},"class_list":["post-8111","page","type-page","status-publish","hentry"],"_links":{"self":[{"href":"https:\/\/isfelevatorshop.de\/fr\/wp-json\/wp\/v2\/pages\/8111","targetHints":{"allow":["GET"]}}],"collection":[{"href":"https:\/\/isfelevatorshop.de\/fr\/wp-json\/wp\/v2\/pages"}],"about":[{"href":"https:\/\/isfelevatorshop.de\/fr\/wp-json\/wp\/v2\/types\/page"}],"author":[{"embeddable":true,"href":"https:\/\/isfelevatorshop.de\/fr\/wp-json\/wp\/v2\/users\/2"}],"replies":[{"embeddable":true,"href":"https:\/\/isfelevatorshop.de\/fr\/wp-json\/wp\/v2\/comments?post=8111"}],"version-history":[{"count":1,"href":"https:\/\/isfelevatorshop.de\/fr\/wp-json\/wp\/v2\/pages\/8111\/revisions"}],"predecessor-version":[{"id":8113,"href":"https:\/\/isfelevatorshop.de\/fr\/wp-json\/wp\/v2\/pages\/8111\/revisions\/8113"}],"wp:attachment":[{"href":"https:\/\/isfelevatorshop.de\/fr\/wp-json\/wp\/v2\/media?parent=8111"}],"curies":[{"name":"wp","href":"https:\/\/api.w.org\/{rel}","templated":true}]}}