{"id":8101,"date":"2022-05-23T11:10:26","date_gmt":"2022-05-23T11:10:26","guid":{"rendered":"https:\/\/isfelevatorshop.de\/contactez-nous\/"},"modified":"2025-12-31T02:51:04","modified_gmt":"2025-12-31T02:51:04","slug":"contactez-nous","status":"publish","type":"page","link":"https:\/\/isfelevatorshop.de\/fr\/contactez-nous\/","title":{"rendered":"Contactez-nous"},"content":{"rendered":"\t\t<div data-elementor-type=\"wp-page\" data-elementor-id=\"8101\" class=\"elementor elementor-8101 elementor-279\" data-elementor-post-type=\"page\">\n\t\t\t\t<div class=\"wd-negative-gap elementor-element elementor-element-bddfca2 e-flex e-con-boxed e-con e-parent\" data-id=\"bddfca2\" data-element_type=\"container\" data-e-type=\"container\">\n\t\t\t\t\t<div class=\"e-con-inner\">\n\t\t\t\t<div class=\"elementor-element elementor-element-44022ac elementor-widget elementor-widget-theme-post-title elementor-page-title elementor-widget-heading\" data-id=\"44022ac\" data-element_type=\"widget\" data-e-type=\"widget\" data-widget_type=\"theme-post-title.default\">\n\t\t\t\t<div class=\"elementor-widget-container\">\n\t\t\t\t\t<h1 class=\"elementor-heading-title elementor-size-default\">Contactez-nous<\/h1>\t\t\t\t<\/div>\n\t\t\t\t<\/div>\n\t\t\t\t<div class=\"elementor-element elementor-element-5e7604b elementor-widget elementor-widget-wd_text_block\" data-id=\"5e7604b\" data-element_type=\"widget\" data-e-type=\"widget\" data-widget_type=\"wd_text_block.default\">\n\t\t\t\t<div class=\"elementor-widget-container\">\n\t\t\t\t\t\t\t<div class=\"wd-text-block reset-last-child text-left\">\n\t\t\t\n\t\t\t<p>Merci d'avoir choisi <strong>ISF Elevator Shop<\/strong>, une fi\u00e8re filiale de <a href=\"https:\/\/isfelevator.de\/\" target=\"_blank\" rel=\"noopener\"><strong>ISF Elevator GmbH<\/strong><\/a>.<\/p><p>Nous sommes sp\u00e9cialis\u00e9s dans la vente d'ascenseurs de premier choix et de composants d'ascenseur, vous garantissant de recevoir uniquement le meilleur en termes de qualit\u00e9 et de performance. La s\u00e9curit\u00e9 et la satisfaction du client sont au c\u0153ur de notre mission. Pour toute demande, support technique ou opportunit\u00e9 de collaboration, n'h\u00e9sitez pas \u00e0 nous contacter. Nous sommes l\u00e0 pour vous accompagner \u00e0 chaque \u00e9tape du processus.   <\/p><p>Avez-vous des questions sur ISF Elevator Shop et sur la mani\u00e8re dont nous pouvons aider votre entreprise ? Ne vous inqui\u00e9tez pas, nous serions ravis de vous aider ! Quelle que soit votre demande, n'h\u00e9sitez pas \u00e0 nous envoyer un e-mail \u00e0 l'une des adresses ci-dessus, et nous vous r\u00e9pondrons dans les plus brefs d\u00e9lais.  <\/p><p>La satisfaction du client est notre priorit\u00e9 absolue, et nous nous efforcerons de vous fournir les meilleures r\u00e9ponses possibles \u00e0 vos questions. De plus, nous disposons d'une section de Questions Fr\u00e9quemment Pos\u00e9es (FAQ) o\u00f9 nous avons r\u00e9pondu aux demandes courantes de nos clients. N'h\u00e9sitez pas \u00e0 la consulter pour obtenir des informations relatives \u00e0 vos centres d'int\u00e9r\u00eat !  <\/p>\n\t\t\t\t\t<\/div>\n\t\t\t\t\t\t<\/div>\n\t\t\t\t<\/div>\n\t\t\t\t\t<\/div>\n\t\t\t\t<\/div>\n\t\t\t\t<section class=\"wd-negative-gap elementor-section elementor-top-section elementor-element elementor-element-1840760c elementor-section-content-middle elementor-section-boxed elementor-section-height-default elementor-section-height-default\" data-id=\"1840760c\" data-element_type=\"section\" data-e-type=\"section\">\n\t\t\t\t\t\t<div class=\"elementor-container elementor-column-gap-extended\">\n\t\t\t\t\t<div class=\"elementor-column elementor-col-100 elementor-top-column elementor-element elementor-element-24b47424\" data-id=\"24b47424\" data-element_type=\"column\" data-e-type=\"column\">\n\t\t\t<div class=\"elementor-widget-wrap elementor-element-populated\">\n\t\t\t\t\t\t<div class=\"elementor-element elementor-element-6595cd1 elementor-widget elementor-widget-google_maps\" data-id=\"6595cd1\" data-element_type=\"widget\" data-e-type=\"widget\" data-widget_type=\"google_maps.default\">\n\t\t\t\t<div class=\"elementor-widget-container\">\n\t\t\t\t\t\t\t<div class=\"elementor-custom-embed\">\n\t\t\t<iframe loading=\"lazy\"\n\t\t\t\t\tsrc=\"https:\/\/www.google.com\/maps\/embed\/v1\/place?key=AIzaSyBNTYFBwozXweVUGa0dz8ftN8W7G07TZAA&#038;q=ISF%20Elevator%20GmbH%27s%20Shop%20-%20Lift%20Supplier%2C%20Components%20%26%20Manufacturer%20%20Raiffeisenstra%C3%9Fe%208%2C%2063814%20Mainaschaff%2C%20Germany&#038;zoom=10\"\n\t\t\t\t\ttitle=\"ISF Elevator GmbH&#039;s Shop - Lift Supplier, Components &amp; Manufacturer  Raiffeisenstra\u00dfe 8, 63814 Mainaschaff, Germany\"\n\t\t\t\t\taria-label=\"ISF Elevator GmbH&#039;s Shop - Lift Supplier, Components &amp; Manufacturer  Raiffeisenstra\u00dfe 8, 63814 Mainaschaff, Germany\"\n\t\t\t><\/iframe>\n\t\t<\/div>\n\t\t\t\t\t\t<\/div>\n\t\t\t\t<\/div>\n\t\t\t\t\t<\/div>\n\t\t<\/div>\n\t\t\t\t\t<\/div>\n\t\t<\/section>\n\t\t<div class=\"wd-negative-gap elementor-element elementor-element-02c9685 e-flex e-con-boxed e-con e-parent\" data-id=\"02c9685\" data-element_type=\"container\" data-e-type=\"container\">\n\t\t\t\t\t<div class=\"e-con-inner\">\n\t\t\t\t<div class=\"elementor-element elementor-element-dd7dfad elementor-widget elementor-widget-wd_text_block\" data-id=\"dd7dfad\" data-element_type=\"widget\" data-e-type=\"widget\" data-widget_type=\"wd_text_block.default\">\n\t\t\t\t<div class=\"elementor-widget-container\">\n\t\t\t\t\t\t\t<div class=\"wd-text-block reset-last-child text-left\">\n\t\t\t\n\t\t\t<h2>Service client<\/h2><p>Notre \u00e9quipe d'assistance \u00e0 la client\u00e8le exp\u00e9riment\u00e9e est \u00e0 votre disposition pour r\u00e9pondre \u00e0 vos questions, traiter vos pr\u00e9occupations et vous guider tout au long de votre projet d'ascenseur. Que vous ayez besoin d'informations sur les composants d'ascenseur, les pi\u00e8ces de rechange ou des d\u00e9tails techniques, nous sommes l\u00e0 pour vous aider. <\/p><h2>Coordonn\u00e9es d'information<\/h2><ul><li><strong>T\u00e9l\u00e9phone<\/strong>: Contactez notre service client au <img decoding=\"async\" title=\"wd-phone-dark.svg\" src=\"https:\/\/isfelevatorshop.de\/wp-content\/uploads\/2023\/08\/wd-phone-dark.svg\" width=\"14\" height=\"14\"> <span class=\"list-content\"><strong>+49 157 58828410<\/strong><\/span>. Contactez-nous directement via WhatsApp au <a href=\"https:\/\/wa.me\/4915758828410\" target=\"_blank\" rel=\"noopener nofollow\"><strong>Num\u00e9ro de t\u00e9l\u00e9phone WhatsApp<\/strong><\/a>. <\/li><li><strong>E-mail<\/strong>: Pour toute demande \u00e9crite, veuillez envoyer un e-mail \u00e0 \ud83d\udce9<a href=\"mailto:info@isfelevatorshop.de\" target=\"_blank\" rel=\"noopener\"><strong>info@isfelevatorshop.de<\/strong><\/a>.<\/li><li><strong>Formulaire de demande en ligne<\/strong> : Remplissez notre formulaire en ligne sur notre site web pour soumettre vos questions ou demandes, et nous vous r\u00e9pondrons dans les plus brefs d\u00e9lais.<\/li><li><span class=\"list-content\"><strong>Adresse\/emplacement de ISF Elevator Shop :<\/strong> <a href=\"https:\/\/maps.app.goo.gl\/fgF7UF6Xq9tn4wLp6\" target=\"_blank\" rel=\"noopener nofollow\">Raiffeisenstr. 8, 63814 Mainaschaff \/ Germany<\/a><\/span><\/li><\/ul><h2>Visitez notre showroom<\/h2><p>Nous vous invitons \u00e0 d\u00e9couvrir nos solutions d'ascenseurs de pointe en visitant notre showroom situ\u00e9 au [Showroom Address]. Notre \u00e9quipe d\u00e9vou\u00e9e se fera un plaisir de vous pr\u00e9senter nos cartes de commande d'ascenseur, nos mat\u00e9riels et nos composants, et de r\u00e9pondre \u00e0 toutes vos questions. <\/p><h3>Heures d'ouverture<\/h3><p>Lundi - Vendredi : 09:00 - 16:30<\/p><h3>R\u00e9seaux Sociaux<\/h3><p>Restez au courant des derni\u00e8res actualit\u00e9s, innovations et projets en nous suivant sur les r\u00e9seaux sociaux :<\/p><ul><li><strong><a href=\"https:\/\/www.facebook.com\/isfElevatorShop\/\" target=\"_blank\" rel=\"noopener nofollow\">Facebook\ud83d\udd17<\/a><\/strong><\/li><li><strong><a title=\"ISF Elevator GmbH LinkedIn\" href=\"https:\/\/www.linkedin.com\/company\/isf-elevator-gmbh\/\" target=\"_blank\" rel=\"noopener nofollow\">LinkedIn<\/a>\ud83d\udd17<\/strong><\/li><li><strong><a href=\"https:\/\/www.instagram.com\/isfElevatorShop\/\" target=\"_blank\" rel=\"noopener nofollow\">Instagram\ud83d\udd17<\/a><\/strong><\/li><\/ul><p><strong>Votre avis nous int\u00e9resse<\/strong><\/p><p>Nous appr\u00e9cions vos commentaires et vos conseils. Si vous avez eu une exp\u00e9rience avec nos produits ou services, nous vous encourageons \u00e0 partager vos r\u00e9flexions. Votre contribution nous aide \u00e0 nous am\u00e9liorer continuellement et \u00e0 fournir des solutions encore meilleures.  <\/p><p>Merci d'avoir choisi ISF Elevator Shop. Nous nous r\u00e9jouissons de faire partie de votre parcours en mati\u00e8re de composants d'ascenseurs et de contribuer au succ\u00e8s de votre projet. <\/p>\n\t\t\t\t\t<\/div>\n\t\t\t\t\t\t<\/div>\n\t\t\t\t<\/div>\n\t\t\t\t\t<\/div>\n\t\t\t\t<\/div>\n\t\t<div class=\"wd-negative-gap elementor-element elementor-element-1c25b0a e-flex e-con-boxed e-con e-parent\" data-id=\"1c25b0a\" data-element_type=\"container\" data-e-type=\"container\">\n\t\t\t\t\t<div class=\"e-con-inner\">\n\t\t\t\t<div class=\"elementor-element elementor-element-4af47b6 elementor-widget elementor-widget-heading\" data-id=\"4af47b6\" data-element_type=\"widget\" data-e-type=\"widget\" data-widget_type=\"heading.default\">\n\t\t\t\t<div class=\"elementor-widget-container\">\n\t\t\t\t\t<h2 class=\"elementor-heading-title elementor-size-default\">Questions Fr\u00e9quemment Pos\u00e9es<\/h2>\t\t\t\t<\/div>\n\t\t\t\t<\/div>\n\t\t\t\t<div class=\"elementor-element elementor-element-0e9d766 elementor-widget elementor-widget-accordion\" data-id=\"0e9d766\" data-element_type=\"widget\" data-e-type=\"widget\" data-widget_type=\"accordion.default\">\n\t\t\t\t<div class=\"elementor-widget-container\">\n\t\t\t\t\t\t\t<div class=\"elementor-accordion\">\n\t\t\t\t\t\t\t<div class=\"elementor-accordion-item\">\n\t\t\t\t\t<h3 id=\"elementor-tab-title-1531\" class=\"elementor-tab-title\" data-tab=\"1\" role=\"button\" aria-controls=\"elementor-tab-content-1531\" aria-expanded=\"false\">\n\t\t\t\t\t\t\t\t\t\t\t\t<a class=\"elementor-accordion-title\" tabindex=\"0\">#1 Quels produits et services proposez-vous ?<\/a>\n\t\t\t\t\t<\/h3>\n\t\t\t\t\t<div id=\"elementor-tab-content-1531\" class=\"elementor-tab-content elementor-clearfix\" data-tab=\"1\" role=\"region\" aria-labelledby=\"elementor-tab-title-1531\"><p>Chez ISF Elevator Shop, nous fournissons des \u00e9quipements et des services d&rsquo;ascenseurs de haute qualit\u00e9. Qu&rsquo;il s&rsquo;agisse de la modernisation d&rsquo;un ascenseur, de la conception d&rsquo;un nouvel ascenseur ou plus encore, n&rsquo;h\u00e9sitez pas \u00e0 nous contacter. <\/p>\n<\/div>\n\t\t\t\t<\/div>\n\t\t\t\t\t\t\t<div class=\"elementor-accordion-item\">\n\t\t\t\t\t<h3 id=\"elementor-tab-title-1532\" class=\"elementor-tab-title\" data-tab=\"2\" role=\"button\" aria-controls=\"elementor-tab-content-1532\" aria-expanded=\"false\">\n\t\t\t\t\t\t\t\t\t\t\t\t<a class=\"elementor-accordion-title\" tabindex=\"0\">#2 Quel est le processus de commande ?<\/a>\n\t\t\t\t\t<\/h3>\n\t\t\t\t\t<div id=\"elementor-tab-content-1532\" class=\"elementor-tab-content elementor-clearfix\" data-tab=\"2\" role=\"region\" aria-labelledby=\"elementor-tab-title-1532\"><p>Pour en savoir plus sur notre processus de commande, vous pouvez nous contacter ou consulter la page de commande de notre site web.<\/p>\n<\/div>\n\t\t\t\t<\/div>\n\t\t\t\t\t\t\t<div class=\"elementor-accordion-item\">\n\t\t\t\t\t<h3 id=\"elementor-tab-title-1533\" class=\"elementor-tab-title\" data-tab=\"3\" role=\"button\" aria-controls=\"elementor-tab-content-1533\" aria-expanded=\"false\">\n\t\t\t\t\t\t\t\t\t\t\t\t<a class=\"elementor-accordion-title\" tabindex=\"0\">#3 Quel est le d\u00e9lai de livraison ?<\/a>\n\t\t\t\t\t<\/h3>\n\t\t\t\t\t<div id=\"elementor-tab-content-1533\" class=\"elementor-tab-content elementor-clearfix\" data-tab=\"3\" role=\"region\" aria-labelledby=\"elementor-tab-title-1533\"><p>Les d\u00e9lais de livraison varient en fonction du type et du volume de votre commande. Veuillez nous contacter pour plus d&rsquo;informations. <\/p>\n<\/div>\n\t\t\t\t<\/div>\n\t\t\t\t\t\t\t<div class=\"elementor-accordion-item\">\n\t\t\t\t\t<h3 id=\"elementor-tab-title-1534\" class=\"elementor-tab-title\" data-tab=\"4\" role=\"button\" aria-controls=\"elementor-tab-content-1534\" aria-expanded=\"false\">\n\t\t\t\t\t\t\t\t\t\t\t\t<a class=\"elementor-accordion-title\" tabindex=\"0\">#4 Quelles sont vos conditions de garantie ?<\/a>\n\t\t\t\t\t<\/h3>\n\t\t\t\t\t<div id=\"elementor-tab-content-1534\" class=\"elementor-tab-content elementor-clearfix\" data-tab=\"4\" role=\"region\" aria-labelledby=\"elementor-tab-title-1534\"><p>Pour obtenir des d\u00e9tails sur les conditions de garantie applicables \u00e0 nos produits, veuillez nous contacter.<\/p>\n<\/div>\n\t\t\t\t<\/div>\n\t\t\t\t\t\t\t<div class=\"elementor-accordion-item\">\n\t\t\t\t\t<h3 id=\"elementor-tab-title-1535\" class=\"elementor-tab-title\" data-tab=\"5\" role=\"button\" aria-controls=\"elementor-tab-content-1535\" aria-expanded=\"false\">\n\t\t\t\t\t\t\t\t\t\t\t\t<a class=\"elementor-accordion-title\" tabindex=\"0\">#5 Comment puis-je vous contacter ?<\/a>\n\t\t\t\t\t<\/h3>\n\t\t\t\t\t<div id=\"elementor-tab-content-1535\" class=\"elementor-tab-content elementor-clearfix\" data-tab=\"5\" role=\"region\" aria-labelledby=\"elementor-tab-title-1535\"><p>Vous pouvez choisir le mode de communication qui vous convient le mieux. Nos num\u00e9ros de t\u00e9l\u00e9phone et adresses e-mail sont indiqu\u00e9s ci-dessus. <\/p>\n<\/div>\n\t\t\t\t<\/div>\n\t\t\t\t\t\t\t\t\t\t<script type=\"application\/ld+json\">{\"@context\":\"https:\\\/\\\/schema.org\",\"@type\":\"FAQPage\",\"mainEntity\":[{\"@type\":\"Question\",\"name\":\"#1 Quels produits et services proposez-vous ?\",\"acceptedAnswer\":{\"@type\":\"Answer\",\"text\":\"<p>Chez ISF Elevator Shop, nous fournissons des \\u00e9quipements et des services d&rsquo;ascenseurs de haute qualit\\u00e9. Qu&rsquo;il s&rsquo;agisse de la modernisation d&rsquo;un ascenseur, de la conception d&rsquo;un nouvel ascenseur ou plus encore, n&rsquo;h\\u00e9sitez pas \\u00e0 nous contacter. <\\\/p>\\n\"}},{\"@type\":\"Question\",\"name\":\"#2 Quel est le processus de commande ?\",\"acceptedAnswer\":{\"@type\":\"Answer\",\"text\":\"<p>Pour en savoir plus sur notre processus de commande, vous pouvez nous contacter ou consulter la page de commande de notre site web.<\\\/p>\\n\"}},{\"@type\":\"Question\",\"name\":\"#3 Quel est le d\\u00e9lai de livraison ?\",\"acceptedAnswer\":{\"@type\":\"Answer\",\"text\":\"<p>Les d\\u00e9lais de livraison varient en fonction du type et du volume de votre commande. Veuillez nous contacter pour plus d&rsquo;informations. <\\\/p>\\n\"}},{\"@type\":\"Question\",\"name\":\"#4 Quelles sont vos conditions de garantie ?\",\"acceptedAnswer\":{\"@type\":\"Answer\",\"text\":\"<p>Pour obtenir des d\\u00e9tails sur les conditions de garantie applicables \\u00e0 nos produits, veuillez nous contacter.<\\\/p>\\n\"}},{\"@type\":\"Question\",\"name\":\"#5 Comment puis-je vous contacter ?\",\"acceptedAnswer\":{\"@type\":\"Answer\",\"text\":\"<p>Vous pouvez choisir le mode de communication qui vous convient le mieux. Nos num\\u00e9ros de t\\u00e9l\\u00e9phone et adresses e-mail sont indiqu\\u00e9s ci-dessus. <\\\/p>\\n\"}}]}<\/script>\n\t\t\t\t\t<\/div>\n\t\t\t\t\t\t<\/div>\n\t\t\t\t<\/div>\n\t\t\t\t<div class=\"elementor-element elementor-element-5d7bf04 color-scheme-inherit text-left elementor-widget elementor-widget-text-editor\" data-id=\"5d7bf04\" data-element_type=\"widget\" data-e-type=\"widget\" data-widget_type=\"text-editor.default\">\n\t\t\t\t<div class=\"elementor-widget-container\">\n\t\t\t\t\t\t\t\t\t<p>Nous sommes l\u00e0 pour vous aider et nous nous engageons \u00e0 vous fournir des r\u00e9ponses rapides et compl\u00e8tes \u00e0 toutes vos demandes !<\/p><p>Cordialement<\/p><p><strong>L\u2019\u00e9quipe d&rsquo;ISF Elevator Shop<\/strong><\/p>\t\t\t\t\t\t\t\t<\/div>\n\t\t\t\t<\/div>\n\t\t\t\t\t<\/div>\n\t\t\t\t<\/div>\n\t\t\t\t<\/div>\n\t\t","protected":false},"excerpt":{"rendered":"<p>Merci d&rsquo;avoir choisi ISF Elevator Shop, une fi\u00e8re filiale de ISF Elevator GmbH. Nous sommes sp\u00e9cialis\u00e9s dans la vente d&rsquo;ascenseurs<\/p>\n","protected":false},"author":2,"featured_media":0,"parent":0,"menu_order":0,"comment_status":"closed","ping_status":"closed","template":"","meta":{"footnotes":""},"class_list":["post-8101","page","type-page","status-publish","hentry"],"_links":{"self":[{"href":"https:\/\/isfelevatorshop.de\/fr\/wp-json\/wp\/v2\/pages\/8101","targetHints":{"allow":["GET"]}}],"collection":[{"href":"https:\/\/isfelevatorshop.de\/fr\/wp-json\/wp\/v2\/pages"}],"about":[{"href":"https:\/\/isfelevatorshop.de\/fr\/wp-json\/wp\/v2\/types\/page"}],"author":[{"embeddable":true,"href":"https:\/\/isfelevatorshop.de\/fr\/wp-json\/wp\/v2\/users\/2"}],"replies":[{"embeddable":true,"href":"https:\/\/isfelevatorshop.de\/fr\/wp-json\/wp\/v2\/comments?post=8101"}],"version-history":[{"count":2,"href":"https:\/\/isfelevatorshop.de\/fr\/wp-json\/wp\/v2\/pages\/8101\/revisions"}],"predecessor-version":[{"id":8104,"href":"https:\/\/isfelevatorshop.de\/fr\/wp-json\/wp\/v2\/pages\/8101\/revisions\/8104"}],"wp:attachment":[{"href":"https:\/\/isfelevatorshop.de\/fr\/wp-json\/wp\/v2\/media?parent=8101"}],"curies":[{"name":"wp","href":"https:\/\/api.w.org\/{rel}","templated":true}]}}