{"id":8117,"date":"2023-08-06T22:22:03","date_gmt":"2023-08-06T22:22:03","guid":{"rendered":"https:\/\/isfelevatorshop.de\/aviso-legal\/"},"modified":"2025-12-31T02:55:28","modified_gmt":"2025-12-31T02:55:28","slug":"aviso-legal","status":"publish","type":"page","link":"https:\/\/isfelevatorshop.de\/es\/aviso-legal\/","title":{"rendered":"Aviso legal"},"content":{"rendered":"\t\t<div data-elementor-type=\"wp-page\" data-elementor-id=\"8117\" class=\"elementor elementor-8117 elementor-1803\" data-elementor-post-type=\"page\">\n\t\t\t\t<div class=\"wd-negative-gap elementor-element elementor-element-4957306 e-flex e-con-boxed e-con e-parent\" data-id=\"4957306\" data-element_type=\"container\" data-e-type=\"container\">\n\t\t\t\t\t<div class=\"e-con-inner\">\n\t\t\t\t<div class=\"elementor-element elementor-element-6152052 elementor-widget__width-auto color-scheme-inherit text-left elementor-widget elementor-widget-text-editor\" data-id=\"6152052\" data-element_type=\"widget\" data-e-type=\"widget\" data-widget_type=\"text-editor.default\">\n\t\t\t\t<div class=\"elementor-widget-container\">\n\t\t\t\t\t\t\t\t\t<p><strong>ISF Elevator Shop<\/strong> es una subsidiaria de <strong>ISF Elevator GmbH<\/strong>.<\/p><p>Managing Director (Gesch\u00e4ftsf\u00fchrer): Irfan \u00d6zt\u00fcrk<\/p><h2>Direcci\u00f3n<\/h2><ul><li><strong>Direcci\u00f3n de la tienda: \ud83d\udccd <a href=\"https:\/\/maps.app.goo.gl\/fgF7UF6Xq9tn4wLp6\" target=\"_blank\" rel=\"noopener nofollow\">Raiffeisenstr. 8, 63814 Mainaschaff \/ Germany<\/a><\/strong><\/li><\/ul><h2>Contacto<\/h2><p><strong>Tel\u00e9fono: <\/strong><a href=\"tel:\/\/+4915758828410\" target=\"_blank\" rel=\"noopener nofollow\">+49 157 58828410<\/a><\/p><p><strong> Direcciones de correo electr\u00f3nico:<\/strong><\/p><ol><li><a href=\"mailto:info@isfelevatorshop.de\" target=\"_blank\" rel=\"noopener\">info@isfelevatorshop.de<\/a><\/li><li><a href=\"mailto:info@isfelevator.de\" target=\"_blank\" rel=\"noopener\">info@isfelevator.de<\/a><\/li><\/ol><h2>N\u00famero de identificaci\u00f3n de IVA<\/h2><p>N\u00famero de identificaci\u00f3n del IVA seg\u00fan el \u00a7 27a de la Ley del Impuesto sobre el Valor A\u00f1adido: <strong>DE353298261<\/strong><\/p><p>Registro comercial: Amtsgericht Aschaffenburg <strong>HRB 17386<\/strong> Jurisdicci\u00f3n: Aschaffenburg, Alemania<\/p><p>Resoluci\u00f3n de litigios en l\u00ednea de la UE: La Comisi\u00f3n Europea facilita una plataforma para la resoluci\u00f3n de litigios en l\u00ednea (ODR): <a href=\"https:\/\/ec.europa.eu\/consumers\/odr\/\" target=\"_new\" rel=\"nofollow noopener\">https:\/\/ec.europa.eu\/consumers\/odr\/<\/a>.<\/p><p>Puede encontrar nuestra direcci\u00f3n de correo electr\u00f3nico arriba en el Impressum.<\/p><p>Resoluci\u00f3n de disputas de consumidores\/Organismo de arbitraje universal: Nota de acuerdo con el \u00a7 36 VSBG: ISF Elevator Shop no est\u00e1 dispuesto ni obligado a participar en procedimientos de resoluci\u00f3n de disputas ante una junta de arbitraje de consumo.<\/p><p>Para obtener m\u00e1s informaci\u00f3n, puede visitar la p\u00e1gina <a title=\"ISF Elevator Shop P\u00e1gina Sobre Nosotros\" href=\"https:\/\/isfelevatorshop.de\/es\/sobre-nosotros\/\" target=\"_blank\" rel=\"noopener\">Sobre nosotros<\/a> o la de <a title=\"P\u00e1gina de contacto de ISF Elevator Shop\" href=\"https:\/\/isfelevatorshop.de\/es\/contactenos\/\" target=\"_blank\" rel=\"noopener\">Contacto<\/a>.<\/p>\t\t\t\t\t\t\t\t<\/div>\n\t\t\t\t<\/div>\n\t\t\t\t\t<\/div>\n\t\t\t\t<\/div>\n\t\t\t\t<\/div>\n\t\t","protected":false},"excerpt":{"rendered":"<p>ISF Elevator Shop es una subsidiaria de ISF Elevator GmbH. Managing Director (Gesch\u00e4ftsf\u00fchrer): Irfan \u00d6zt\u00fcrk Direcci\u00f3n Direcci\u00f3n de la tienda:<\/p>\n","protected":false},"author":2,"featured_media":0,"parent":0,"menu_order":0,"comment_status":"closed","ping_status":"closed","template":"","meta":{"footnotes":""},"class_list":["post-8117","page","type-page","status-publish","hentry"],"_links":{"self":[{"href":"https:\/\/isfelevatorshop.de\/es\/wp-json\/wp\/v2\/pages\/8117","targetHints":{"allow":["GET"]}}],"collection":[{"href":"https:\/\/isfelevatorshop.de\/es\/wp-json\/wp\/v2\/pages"}],"about":[{"href":"https:\/\/isfelevatorshop.de\/es\/wp-json\/wp\/v2\/types\/page"}],"author":[{"embeddable":true,"href":"https:\/\/isfelevatorshop.de\/es\/wp-json\/wp\/v2\/users\/2"}],"replies":[{"embeddable":true,"href":"https:\/\/isfelevatorshop.de\/es\/wp-json\/wp\/v2\/comments?post=8117"}],"version-history":[{"count":1,"href":"https:\/\/isfelevatorshop.de\/es\/wp-json\/wp\/v2\/pages\/8117\/revisions"}],"predecessor-version":[{"id":8119,"href":"https:\/\/isfelevatorshop.de\/es\/wp-json\/wp\/v2\/pages\/8117\/revisions\/8119"}],"wp:attachment":[{"href":"https:\/\/isfelevatorshop.de\/es\/wp-json\/wp\/v2\/media?parent=8117"}],"curies":[{"name":"wp","href":"https:\/\/api.w.org\/{rel}","templated":true}]}}