{"id":8094,"date":"2022-05-23T11:10:26","date_gmt":"2022-05-23T11:10:26","guid":{"rendered":"https:\/\/isfelevatorshop.de\/contactenos\/"},"modified":"2025-12-31T02:49:28","modified_gmt":"2025-12-31T02:49:28","slug":"contactenos","status":"publish","type":"page","link":"https:\/\/isfelevatorshop.de\/es\/contactenos\/","title":{"rendered":"Cont\u00e1ctenos"},"content":{"rendered":"\t\t<div data-elementor-type=\"wp-page\" data-elementor-id=\"8094\" class=\"elementor elementor-8094 elementor-279\" data-elementor-post-type=\"page\">\n\t\t\t\t<div class=\"wd-negative-gap elementor-element elementor-element-bddfca2 e-flex e-con-boxed e-con e-parent\" data-id=\"bddfca2\" data-element_type=\"container\" data-e-type=\"container\">\n\t\t\t\t\t<div class=\"e-con-inner\">\n\t\t\t\t<div class=\"elementor-element elementor-element-44022ac elementor-widget elementor-widget-theme-post-title elementor-page-title elementor-widget-heading\" data-id=\"44022ac\" data-element_type=\"widget\" data-e-type=\"widget\" data-widget_type=\"theme-post-title.default\">\n\t\t\t\t<div class=\"elementor-widget-container\">\n\t\t\t\t\t<h1 class=\"elementor-heading-title elementor-size-default\">Cont\u00e1ctenos<\/h1>\t\t\t\t<\/div>\n\t\t\t\t<\/div>\n\t\t\t\t<div class=\"elementor-element elementor-element-5e7604b elementor-widget elementor-widget-wd_text_block\" data-id=\"5e7604b\" data-element_type=\"widget\" data-e-type=\"widget\" data-widget_type=\"wd_text_block.default\">\n\t\t\t\t<div class=\"elementor-widget-container\">\n\t\t\t\t\t\t\t<div class=\"wd-text-block reset-last-child text-left\">\n\t\t\t\n\t\t\t<p>Gracias por considerar a <strong>ISF Elevator Shop<\/strong>, una orgullosa filial de <a href=\"https:\/\/isfelevator.de\/\" target=\"_blank\" rel=\"noopener\"><strong>ISF Elevator GmbH<\/strong><\/a>.<\/p><p>Nos especializamos en la venta de ascensores y componentes para ascensores de primera categor\u00eda, asegurando que reciba solo lo mejor en calidad y rendimiento. La seguridad y la satisfacci\u00f3n del cliente impulsan nuestra misi\u00f3n. Para cualquier consulta, soporte t\u00e9cnico o niveles de colaboraci\u00f3n, por favor no dude en ponerse en contacto con nosotros. Estamos aqu\u00ed para apoyarle en cada paso del camino.   <\/p><p>\u00bfTiene alguna pregunta sobre ISF Elevator Shop y c\u00f3mo podemos ayudar a su empresa? \u00a1No se preocupe, estaremos encantados de ayudarle! Sea cual sea su consulta, no dude en enviarnos un correo electr\u00f3nico a cualquiera de las direcciones anteriores y le responderemos lo antes posible.  <\/p><p>La satisfacci\u00f3n del cliente es nuestra m\u00e1xima prioridad y nos esforzaremos por ofrecerle las mejores respuestas posibles a sus preguntas. Adem\u00e1s, disponemos de una secci\u00f3n de Preguntas Frecuentes (FAQ) donde hemos abordado las consultas comunes de nuestros clientes. \u00a1Aseg\u00farese de consultarla para obtener informaci\u00f3n relacionada con sus intereses!  <\/p>\n\t\t\t\t\t<\/div>\n\t\t\t\t\t\t<\/div>\n\t\t\t\t<\/div>\n\t\t\t\t\t<\/div>\n\t\t\t\t<\/div>\n\t\t\t\t<section class=\"wd-negative-gap elementor-section elementor-top-section elementor-element elementor-element-1840760c elementor-section-content-middle elementor-section-boxed elementor-section-height-default elementor-section-height-default\" data-id=\"1840760c\" data-element_type=\"section\" data-e-type=\"section\">\n\t\t\t\t\t\t<div class=\"elementor-container elementor-column-gap-extended\">\n\t\t\t\t\t<div class=\"elementor-column elementor-col-100 elementor-top-column elementor-element elementor-element-24b47424\" data-id=\"24b47424\" data-element_type=\"column\" data-e-type=\"column\">\n\t\t\t<div class=\"elementor-widget-wrap elementor-element-populated\">\n\t\t\t\t\t\t<div class=\"elementor-element elementor-element-6595cd1 elementor-widget elementor-widget-google_maps\" data-id=\"6595cd1\" data-element_type=\"widget\" data-e-type=\"widget\" data-widget_type=\"google_maps.default\">\n\t\t\t\t<div class=\"elementor-widget-container\">\n\t\t\t\t\t\t\t<div class=\"elementor-custom-embed\">\n\t\t\t<iframe loading=\"lazy\"\n\t\t\t\t\tsrc=\"https:\/\/www.google.com\/maps\/embed\/v1\/place?key=AIzaSyBNTYFBwozXweVUGa0dz8ftN8W7G07TZAA&#038;q=ISF%20Elevator%20GmbH%27s%20Shop%20-%20Lift%20Supplier%2C%20Components%20%26%20Manufacturer%20%20Raiffeisenstra%C3%9Fe%208%2C%2063814%20Mainaschaff%2C%20Germany&#038;zoom=10\"\n\t\t\t\t\ttitle=\"ISF Elevator GmbH&#039;s Shop - Lift Supplier, Components &amp; Manufacturer  Raiffeisenstra\u00dfe 8, 63814 Mainaschaff, Germany\"\n\t\t\t\t\taria-label=\"ISF Elevator GmbH&#039;s Shop - Lift Supplier, Components &amp; Manufacturer  Raiffeisenstra\u00dfe 8, 63814 Mainaschaff, Germany\"\n\t\t\t><\/iframe>\n\t\t<\/div>\n\t\t\t\t\t\t<\/div>\n\t\t\t\t<\/div>\n\t\t\t\t\t<\/div>\n\t\t<\/div>\n\t\t\t\t\t<\/div>\n\t\t<\/section>\n\t\t<div class=\"wd-negative-gap elementor-element elementor-element-02c9685 e-flex e-con-boxed e-con e-parent\" data-id=\"02c9685\" data-element_type=\"container\" data-e-type=\"container\">\n\t\t\t\t\t<div class=\"e-con-inner\">\n\t\t\t\t<div class=\"elementor-element elementor-element-dd7dfad elementor-widget elementor-widget-wd_text_block\" data-id=\"dd7dfad\" data-element_type=\"widget\" data-e-type=\"widget\" data-widget_type=\"wd_text_block.default\">\n\t\t\t\t<div class=\"elementor-widget-container\">\n\t\t\t\t\t\t\t<div class=\"wd-text-block reset-last-child text-left\">\n\t\t\t\n\t\t\t<h2>Atenci\u00f3n al Cliente<\/h2><p>Nuestro experimentado equipo de atenci\u00f3n al cliente est\u00e1 disponible para responder a sus preguntas, atender sus inquietudes y guiarle a lo largo de su proyecto de ascensor. Tanto si necesita informaci\u00f3n sobre componentes de ascensores, piezas de repuesto o detalles t\u00e9cnicos, estamos aqu\u00ed para ayudarle. <\/p><h2>Informaci\u00f3n de contacto<\/h2><ul><li><strong>Tel\u00e9fono<\/strong>: P\u00f3ngase en contacto con nuestro equipo de atenci\u00f3n al cliente en el <img decoding=\"async\" title=\"wd-phone-dark.svg\" src=\"https:\/\/isfelevatorshop.de\/wp-content\/uploads\/2023\/08\/wd-phone-dark.svg\" width=\"14\" height=\"14\"> <span class=\"list-content\"><strong>+49 157 58828410<\/strong><\/span>. Cont\u00e1ctenos directamente a trav\u00e9s de WhatsApp al <a href=\"https:\/\/wa.me\/4915758828410\" target=\"_blank\" rel=\"noopener nofollow\"><strong>N\u00famero de tel\u00e9fono de WhatsApp<\/strong><\/a>. <\/li><li><strong>Correo electr\u00f3nico<\/strong>: Para consultas por escrito, env\u00ede un correo electr\u00f3nico a \ud83d\udce9<a href=\"mailto:info@isfelevatorshop.de\" target=\"_blank\" rel=\"noopener\"><strong>info@isfelevatorshop.de<\/strong><\/a>.<\/li><li><strong>Formulario de consulta en l\u00ednea<\/strong>: Complete nuestro formulario en l\u00ednea en nuestro sitio web para enviar sus preguntas o solicitudes, y nos pondremos en contacto con usted a la brevedad.<\/li><li><span class=\"list-content\"><strong>Direcci\u00f3n\/Ubicaci\u00f3n de ISF Elevator Shop:<\/strong> <a href=\"https:\/\/maps.app.goo.gl\/fgF7UF6Xq9tn4wLp6\" target=\"_blank\" rel=\"noopener nofollow\">Raiffeisenstr. 8, 63814 Mainaschaff \/ Germany<\/a><\/span><\/li><\/ul><h2>Visite nuestra sala de exposici\u00f3n<\/h2><p>Le invitamos a experimentar nuestras soluciones avanzadas para ascensores de primera mano visitando nuestra sala de exposici\u00f3n ubicada en [Showroom Address]. Nuestro personal especializado estar\u00e1 encantado de mostrarle nuestras tarjetas de control de ascensor, materiales y componentes, y responder a cualquier pregunta que pueda tener. <\/p><h3>Horario comercial<\/h3><p>Lunes - Viernes: 09:00 - 16:30<\/p><h3>Redes Sociales<\/h3><p>Mant\u00e9ngase al d\u00eda con las \u00faltimas noticias, innovaciones y proyectos sigui\u00e9ndonos en nuestras redes sociales:<\/p><ul><li><strong><a href=\"https:\/\/www.facebook.com\/isfElevatorShop\/\" target=\"_blank\" rel=\"noopener nofollow\">Facebook\ud83d\udd17<\/a><\/strong><\/li><li><strong><a title=\"ISF Elevator GmbH LinkedIn\" href=\"https:\/\/www.linkedin.com\/company\/isf-elevator-gmbh\/\" target=\"_blank\" rel=\"noopener nofollow\">LinkedIn<\/a>\ud83d\udd17<\/strong><\/li><li><strong><a href=\"https:\/\/www.instagram.com\/isfElevatorShop\/\" target=\"_blank\" rel=\"noopener nofollow\">Instagram\ud83d\udd17<\/a><\/strong><\/li><\/ul><p><strong>Su opini\u00f3n nos importa<\/strong><\/p><p>Valoramos sus comentarios y opiniones. Si ha tenido una experiencia con nuestros productos o servicios, le animamos a compartir sus ideas. Su aportaci\u00f3n nos ayuda a mejorar continuamente y a ofrecer soluciones a\u00fan mejores.  <\/p><p>Gracias por elegir ISF Elevator Shop. Esperamos formar parte del suministro de sus componentes de ascensor y de su trayectoria en el sector, contribuyendo al \u00e9xito de su proyecto. <\/p>\n\t\t\t\t\t<\/div>\n\t\t\t\t\t\t<\/div>\n\t\t\t\t<\/div>\n\t\t\t\t\t<\/div>\n\t\t\t\t<\/div>\n\t\t<div class=\"wd-negative-gap elementor-element elementor-element-1c25b0a e-flex e-con-boxed e-con e-parent\" data-id=\"1c25b0a\" data-element_type=\"container\" data-e-type=\"container\">\n\t\t\t\t\t<div class=\"e-con-inner\">\n\t\t\t\t<div class=\"elementor-element elementor-element-4af47b6 elementor-widget elementor-widget-heading\" data-id=\"4af47b6\" data-element_type=\"widget\" data-e-type=\"widget\" data-widget_type=\"heading.default\">\n\t\t\t\t<div class=\"elementor-widget-container\">\n\t\t\t\t\t<h2 class=\"elementor-heading-title elementor-size-default\">Preguntas frecuentes<\/h2>\t\t\t\t<\/div>\n\t\t\t\t<\/div>\n\t\t\t\t<div class=\"elementor-element elementor-element-0e9d766 elementor-widget elementor-widget-accordion\" data-id=\"0e9d766\" data-element_type=\"widget\" data-e-type=\"widget\" data-widget_type=\"accordion.default\">\n\t\t\t\t<div class=\"elementor-widget-container\">\n\t\t\t\t\t\t\t<div class=\"elementor-accordion\">\n\t\t\t\t\t\t\t<div class=\"elementor-accordion-item\">\n\t\t\t\t\t<h3 id=\"elementor-tab-title-1531\" class=\"elementor-tab-title\" data-tab=\"1\" role=\"button\" aria-controls=\"elementor-tab-content-1531\" aria-expanded=\"false\">\n\t\t\t\t\t\t\t\t\t\t\t\t<a class=\"elementor-accordion-title\" tabindex=\"0\">Preguntas frecuentes<\/a>\n\t\t\t\t\t<\/h3>\n\t\t\t\t\t<div id=\"elementor-tab-content-1531\" class=\"elementor-tab-content elementor-clearfix\" data-tab=\"1\" role=\"region\" aria-labelledby=\"elementor-tab-title-1531\"><p>En ISF Elevator Shop, ofrecemos equipos y servicios de alta calidad para ascensores. Tanto si se trata de la modernizaci\u00f3n de ascensores como del dise\u00f1o de nuevos ascensores u otros servicios, no dude en ponerse en contacto con nosotros. <\/p>\n<\/div>\n\t\t\t\t<\/div>\n\t\t\t\t\t\t\t<div class=\"elementor-accordion-item\">\n\t\t\t\t\t<h3 id=\"elementor-tab-title-1532\" class=\"elementor-tab-title\" data-tab=\"2\" role=\"button\" aria-controls=\"elementor-tab-content-1532\" aria-expanded=\"false\">\n\t\t\t\t\t\t\t\t\t\t\t\t<a class=\"elementor-accordion-title\" tabindex=\"0\">#2 \u00bfCu\u00e1l es el proceso de pedido?<\/a>\n\t\t\t\t\t<\/h3>\n\t\t\t\t\t<div id=\"elementor-tab-content-1532\" class=\"elementor-tab-content elementor-clearfix\" data-tab=\"2\" role=\"region\" aria-labelledby=\"elementor-tab-title-1532\"><p>Para obtener m\u00e1s informaci\u00f3n sobre nuestro proceso de pedido, puede ponerse en contacto con nosotros o visitar la p\u00e1gina de pedidos de nuestro sitio web.<\/p>\n<\/div>\n\t\t\t\t<\/div>\n\t\t\t\t\t\t\t<div class=\"elementor-accordion-item\">\n\t\t\t\t\t<h3 id=\"elementor-tab-title-1533\" class=\"elementor-tab-title\" data-tab=\"3\" role=\"button\" aria-controls=\"elementor-tab-content-1533\" aria-expanded=\"false\">\n\t\t\t\t\t\t\t\t\t\t\t\t<a class=\"elementor-accordion-title\" tabindex=\"0\">Para obtener m\u00e1s informaci\u00f3n sobre nuestro proceso de pedido, puede ponerse en contacto con nosotros o visitar la p\u00e1gina de pedidos de nuestro sitio web.<\/a>\n\t\t\t\t\t<\/h3>\n\t\t\t\t\t<div id=\"elementor-tab-content-1533\" class=\"elementor-tab-content elementor-clearfix\" data-tab=\"3\" role=\"region\" aria-labelledby=\"elementor-tab-title-1533\"><p>Los plazos de entrega var\u00edan seg\u00fan el tipo y el volumen de su pedido. Por favor, p\u00f3ngase en contacto con nosotros para obtener m\u00e1s informaci\u00f3n. <\/p>\n<\/div>\n\t\t\t\t<\/div>\n\t\t\t\t\t\t\t<div class=\"elementor-accordion-item\">\n\t\t\t\t\t<h3 id=\"elementor-tab-title-1534\" class=\"elementor-tab-title\" data-tab=\"4\" role=\"button\" aria-controls=\"elementor-tab-content-1534\" aria-expanded=\"false\">\n\t\t\t\t\t\t\t\t\t\t\t\t<a class=\"elementor-accordion-title\" tabindex=\"0\">#4 \u00bfCu\u00e1les son sus condiciones de garant\u00eda?<\/a>\n\t\t\t\t\t<\/h3>\n\t\t\t\t\t<div id=\"elementor-tab-content-1534\" class=\"elementor-tab-content elementor-clearfix\" data-tab=\"4\" role=\"region\" aria-labelledby=\"elementor-tab-title-1534\"><p>Para obtener detalles sobre los t\u00e9rminos de garant\u00eda que ofrecemos para nuestros productos, p\u00f3ngase en contacto con nosotros.<\/p>\n<\/div>\n\t\t\t\t<\/div>\n\t\t\t\t\t\t\t<div class=\"elementor-accordion-item\">\n\t\t\t\t\t<h3 id=\"elementor-tab-title-1535\" class=\"elementor-tab-title\" data-tab=\"5\" role=\"button\" aria-controls=\"elementor-tab-content-1535\" aria-expanded=\"false\">\n\t\t\t\t\t\t\t\t\t\t\t\t<a class=\"elementor-accordion-title\" tabindex=\"0\">#5 \u00bfC\u00f3mo puedo ponerme en contacto?<\/a>\n\t\t\t\t\t<\/h3>\n\t\t\t\t\t<div id=\"elementor-tab-content-1535\" class=\"elementor-tab-content elementor-clearfix\" data-tab=\"5\" role=\"region\" aria-labelledby=\"elementor-tab-title-1535\"><p>Puede elegir el m\u00e9todo de comunicaci\u00f3n que le resulte m\u00e1s conveniente. Nuestros n\u00fameros de tel\u00e9fono y direcciones de correo electr\u00f3nico se indican arriba. <\/p>\n<\/div>\n\t\t\t\t<\/div>\n\t\t\t\t\t\t\t\t\t\t<script type=\"application\/ld+json\">{\"@context\":\"https:\\\/\\\/schema.org\",\"@type\":\"FAQPage\",\"mainEntity\":[{\"@type\":\"Question\",\"name\":\"Preguntas frecuentes\",\"acceptedAnswer\":{\"@type\":\"Answer\",\"text\":\"<p>En ISF Elevator Shop, ofrecemos equipos y servicios de alta calidad para ascensores. Tanto si se trata de la modernizaci\\u00f3n de ascensores como del dise\\u00f1o de nuevos ascensores u otros servicios, no dude en ponerse en contacto con nosotros. <\\\/p>\\n\"}},{\"@type\":\"Question\",\"name\":\"#2 \\u00bfCu\\u00e1l es el proceso de pedido?\",\"acceptedAnswer\":{\"@type\":\"Answer\",\"text\":\"<p>Para obtener m\\u00e1s informaci\\u00f3n sobre nuestro proceso de pedido, puede ponerse en contacto con nosotros o visitar la p\\u00e1gina de pedidos de nuestro sitio web.<\\\/p>\\n\"}},{\"@type\":\"Question\",\"name\":\"Para obtener m\\u00e1s informaci\\u00f3n sobre nuestro proceso de pedido, puede ponerse en contacto con nosotros o visitar la p\\u00e1gina de pedidos de nuestro sitio web.\",\"acceptedAnswer\":{\"@type\":\"Answer\",\"text\":\"<p>Los plazos de entrega var\\u00edan seg\\u00fan el tipo y el volumen de su pedido. Por favor, p\\u00f3ngase en contacto con nosotros para obtener m\\u00e1s informaci\\u00f3n. <\\\/p>\\n\"}},{\"@type\":\"Question\",\"name\":\"#4 \\u00bfCu\\u00e1les son sus condiciones de garant\\u00eda?\",\"acceptedAnswer\":{\"@type\":\"Answer\",\"text\":\"<p>Para obtener detalles sobre los t\\u00e9rminos de garant\\u00eda que ofrecemos para nuestros productos, p\\u00f3ngase en contacto con nosotros.<\\\/p>\\n\"}},{\"@type\":\"Question\",\"name\":\"#5 \\u00bfC\\u00f3mo puedo ponerme en contacto?\",\"acceptedAnswer\":{\"@type\":\"Answer\",\"text\":\"<p>Puede elegir el m\\u00e9todo de comunicaci\\u00f3n que le resulte m\\u00e1s conveniente. Nuestros n\\u00fameros de tel\\u00e9fono y direcciones de correo electr\\u00f3nico se indican arriba. <\\\/p>\\n\"}}]}<\/script>\n\t\t\t\t\t<\/div>\n\t\t\t\t\t\t<\/div>\n\t\t\t\t<\/div>\n\t\t\t\t<div class=\"elementor-element elementor-element-5d7bf04 color-scheme-inherit text-left elementor-widget elementor-widget-text-editor\" data-id=\"5d7bf04\" data-element_type=\"widget\" data-e-type=\"widget\" data-widget_type=\"text-editor.default\">\n\t\t\t\t<div class=\"elementor-widget-container\">\n\t\t\t\t\t\t\t\t\t<p>\u00a1Estamos aqu\u00ed para ayudarle y deseamos proporcionarle respuestas r\u00e1pidas y completas a todas sus consultas<\/p><p>Atentamente<\/p><p><strong>Equipo de ISF Elevator Shop<\/strong><\/p>\t\t\t\t\t\t\t\t<\/div>\n\t\t\t\t<\/div>\n\t\t\t\t\t<\/div>\n\t\t\t\t<\/div>\n\t\t\t\t<\/div>\n\t\t","protected":false},"excerpt":{"rendered":"<p>Gracias por considerar a ISF Elevator Shop, una orgullosa filial de ISF Elevator GmbH. Nos especializamos en la venta de<\/p>\n","protected":false},"author":2,"featured_media":0,"parent":0,"menu_order":0,"comment_status":"closed","ping_status":"closed","template":"","meta":{"footnotes":""},"class_list":["post-8094","page","type-page","status-publish","hentry"],"_links":{"self":[{"href":"https:\/\/isfelevatorshop.de\/es\/wp-json\/wp\/v2\/pages\/8094","targetHints":{"allow":["GET"]}}],"collection":[{"href":"https:\/\/isfelevatorshop.de\/es\/wp-json\/wp\/v2\/pages"}],"about":[{"href":"https:\/\/isfelevatorshop.de\/es\/wp-json\/wp\/v2\/types\/page"}],"author":[{"embeddable":true,"href":"https:\/\/isfelevatorshop.de\/es\/wp-json\/wp\/v2\/users\/2"}],"replies":[{"embeddable":true,"href":"https:\/\/isfelevatorshop.de\/es\/wp-json\/wp\/v2\/comments?post=8094"}],"version-history":[{"count":2,"href":"https:\/\/isfelevatorshop.de\/es\/wp-json\/wp\/v2\/pages\/8094\/revisions"}],"predecessor-version":[{"id":8097,"href":"https:\/\/isfelevatorshop.de\/es\/wp-json\/wp\/v2\/pages\/8094\/revisions\/8097"}],"wp:attachment":[{"href":"https:\/\/isfelevatorshop.de\/es\/wp-json\/wp\/v2\/media?parent=8094"}],"curies":[{"name":"wp","href":"https:\/\/api.w.org\/{rel}","templated":true}]}}