{"id":9252,"date":"2023-09-03T15:27:41","date_gmt":"2023-09-03T15:27:41","guid":{"rendered":"https:\/\/isfelevatorshop.de\/arkel-kbl-bt4-tasterkabel-150cm\/"},"modified":"2023-09-03T15:27:41","modified_gmt":"2023-09-03T15:27:41","slug":"arkel-kbl-bt4-tasterkabel-150cm","status":"publish","type":"product","link":"https:\/\/isfelevatorshop.de\/de\/arkel-kbl-bt4-tasterkabel-150cm\/","title":{"rendered":"Arkel KBL-BT4 Tasterkabel 150cm"},"content":{"rendered":"<h2>Arkel KBL-BT4 Tasterkabel 150cm (beidseitig mit Buchsensteckern)<\/h2>\n<ul>\n<li>Produktcode: 1000504<\/li>\n<li>MODEL No: KBL-BT4<\/li>\n<li>MODEL No: KBL-BT4<\/li>\n<\/ul>\n<p>Arkel <strong>KBL-BT4 Tasterkabel 150cm<\/strong> wird im Allgemeinen in Aufzugssystemen verwendet, um Tasterverbindungen herzustellen. Das Tasterkabel gew\u00e4hrleistet den Stromfluss vom Schaltschrank des Aufzugs zu seinen Tastern. Bei diesem Produkt handelt es sich um ein 150 cm langes Kabel mit Buchsensteckern an beiden Enden.  <\/p>\n<h2>Eigenschaften von ARKEL KBL-BT4 Tastenkabel 150cm (beidseitig Buchsenstecker)<\/h2>\n<ul>\n<li><strong>Langlebige Konstruktion:<\/strong> Dieses Kabel ist so konzipiert, dass es harten Arbeitsbedingungen standh\u00e4lt.<\/li>\n<li><strong>150 cm L\u00e4nge:<\/strong> Die Standardl\u00e4nge bietet ausreichende Flexibilit\u00e4t f\u00fcr die meisten Anwendungen.<\/li>\n<li><strong>Buchsenleisten:<\/strong> Buchsenleisten an beiden Enden erm\u00f6glichen einfache und schnelle Verbindungen.<\/li>\n<\/ul>\n<h2>Vorteile und Kernpunkte des ARKEL KBL-BT4 Tasterkabels 150cm (beidseitig Buchsenstecker)<\/h2>\n<ul>\n<li><strong>Einfache Installation:<\/strong> Buchsenstecker erm\u00f6glichen Ihnen den schnellen und einfachen Anschluss von Kabeln.<\/li>\n<li><strong>Hohe Effizienz:<\/strong> Eine robuste und zuverl\u00e4ssige Verbindung tr\u00e4gt dazu bei, den reibungslosen und unterbrechungsfreien Betrieb des Aufzugssystems zu gew\u00e4hrleisten.<\/li>\n<li><strong>Flexibler Einsatz:<\/strong> Dieses 150 cm lange Kabel bietet Flexibilit\u00e4t f\u00fcr verschiedene Aufzugsanwendungen.<\/li>\n<\/ul>\n<h3>Einsatzbereiche der KBL-BT4:<\/h3>\n<p><!-- I'll need to research this further to provide accurate information. --><\/p>\n<ul>\n<li>Moderne Aufzugssysteme, die Tasteranschl\u00fcsse erfordern.<\/li>\n<li>Modernisierungsprojekte f\u00fcr \u00e4ltere Aufz\u00fcge.<\/li>\n<li>Gewerbegeb\u00e4ude mit mehreren Aufzugseinheiten.<\/li>\n<li>Wohnanlagen mit zentralisierten Aufzugssystemen.<\/li>\n<li>Notrufreparatur und Wartung von Aufz\u00fcgen.<\/li>\n<li>Spezialisierte Aufzugsteuerungen in industriellen Umgebungen.<\/li>\n<\/ul>\n<h2>H\u00e4ufig gestellte Fragen (FAQ)<\/h2>\n<h3>Mit welchen Arten von Aufzugssystemen ist dieses Kabel kompatibel?<\/h3>\n<p>Das ARKEL KBL-BT4 Tastenkabel kann mit allen Aufzugssystemen verwendet werden, die mit Buchsensteckern kompatibel sind.<\/p>\n<h3>Wie lang ist das Kabel?<\/h3>\n<p>Das Kabel ist 150 cm lang.<\/p>\n<h3>Welche Art von Steckverbindern wird verwendet?<\/h3>\n<p>Dieses Kabel verf\u00fcgt \u00fcber beidseitige Buchsenstecker.<\/p>\n<h3>Wof\u00fcr wird dieses Kabel verwendet?<\/h3>\n<p>Das ARKEL KBL-BT4 Tastenkabel wird in der Regel f\u00fcr den Anschluss von Befehlsgebern in Aufzugsteuerungen verwendet.<\/p>\n<h2>ISF Elevator Shop Contact Information<\/h2>\n<ul>\n<li>Telefon: <a href=\"tel:+4915758828410\">+ 49 157 588 284 10<\/a><\/li>\n<li>Email: <a href=\"mailto:info@isfelevatorshop.de\">info@isfelevatorshop.de<\/a><\/li>\n<\/ul>\n","protected":false},"excerpt":{"rendered":"<ul>\n<li><strong>Artikelnummer:<\/strong> 1000504<\/li>\n<li><strong>Modell-Nr:<\/strong> KBL-BT4<\/li>\n<li><strong>Beschreibung:<\/strong> Ein 150 cm langes Tasterkabel mit Buchsensteckern an beiden Enden, konzipiert f\u00fcr Aufzugsysteme.<\/li>\n<\/ul>\n<p><strong>Eigenschaften:<\/strong><\/p>\n<ul>\n<li><strong>Langlebige Konstruktion:<\/strong> Ausgelegt f\u00fcr den Einsatz unter harten Arbeitsbedingungen.<\/li>\n<li><strong>150 cm L\u00e4nge:<\/strong> Standardgr\u00f6\u00dfe f\u00fcr optimale Flexibilit\u00e4t in den meisten Szenarien.<\/li>\n<li><strong>Buchsenstecker:<\/strong> Beide Enden sind mit Buchsensteckern f\u00fcr schnelle und einfache Verbindungen ausgestattet.<\/li>\n<li><strong>Kompatibilit\u00e4t:<\/strong> Geeignet f\u00fcr alle Aufzugssysteme, die Buchsenstecker unterst\u00fctzen.<\/li>\n<li><strong>Effizienz:<\/strong> Gew\u00e4hrleistet einen reibungslosen und unterbrechungsfreien Betrieb des Aufzugs.<\/li>\n<li><strong>Flexibler Einsatz:<\/strong> Anpassbar f\u00fcr eine Vielzahl von Aufzugsanwendungen.<\/li>\n<\/ul>\n<p><strong>Vorteile:<\/strong><\/p>\n<ul>\n<li><strong>Einfache Installation:<\/strong> Schnelle Verbindungen dank Buchsensteckern.<\/li>\n<li><strong>Hohe Effizienz:<\/strong> Zuverl\u00e4ssige Verbindungen f\u00fcr einen reibungslosen Aufzugsbetrieb.<\/li>\n<li><strong>Anpassungsf\u00e4hig:<\/strong> 150 cm L\u00e4nge, geeignet f\u00fcr verschiedene Aufzugskonfigurationen.<\/li>\n<li><strong>Zuverl\u00e4ssigkeit:<\/strong> Entwickelt f\u00fcr langlebige Leistung.<\/li>\n<li><strong>Universelle Kompatibilit\u00e4t:<\/strong> Funktioniert mit einer Vielzahl von Aufzugsystemen.<\/li>\n<li><strong>Professionelle Qualit\u00e4t:<\/strong> Weltweites Vertrauen von Aufzugstechnikern.<\/li>\n<\/ul>\n","protected":false},"featured_media":8418,"comment_status":"open","ping_status":"closed","template":"","meta":[],"product_brand":[],"product_cat":[648,611,645],"product_tag":[],"class_list":{"0":"post-9252","1":"product","2":"type-product","3":"status-publish","4":"has-post-thumbnail","6":"product_cat-tasterkabel","7":"product_cat-arkel","8":"product_cat-kabel-verdrahtung","10":"first","11":"instock","12":"taxable","13":"shipping-taxable","14":"purchasable","15":"product-type-simple"},"_links":{"self":[{"href":"https:\/\/isfelevatorshop.de\/de\/wp-json\/wp\/v2\/product\/9252","targetHints":{"allow":["GET"]}}],"collection":[{"href":"https:\/\/isfelevatorshop.de\/de\/wp-json\/wp\/v2\/product"}],"about":[{"href":"https:\/\/isfelevatorshop.de\/de\/wp-json\/wp\/v2\/types\/product"}],"replies":[{"embeddable":true,"href":"https:\/\/isfelevatorshop.de\/de\/wp-json\/wp\/v2\/comments?post=9252"}],"version-history":[{"count":0,"href":"https:\/\/isfelevatorshop.de\/de\/wp-json\/wp\/v2\/product\/9252\/revisions"}],"wp:featuredmedia":[{"embeddable":true,"href":"https:\/\/isfelevatorshop.de\/de\/wp-json\/wp\/v2\/media\/8418"}],"wp:attachment":[{"href":"https:\/\/isfelevatorshop.de\/de\/wp-json\/wp\/v2\/media?parent=9252"}],"wp:term":[{"taxonomy":"product_brand","embeddable":true,"href":"https:\/\/isfelevatorshop.de\/de\/wp-json\/wp\/v2\/product_brand?post=9252"},{"taxonomy":"product_cat","embeddable":true,"href":"https:\/\/isfelevatorshop.de\/de\/wp-json\/wp\/v2\/product_cat?post=9252"},{"taxonomy":"product_tag","embeddable":true,"href":"https:\/\/isfelevatorshop.de\/de\/wp-json\/wp\/v2\/product_tag?post=9252"}],"curies":[{"name":"wp","href":"https:\/\/api.w.org\/{rel}","templated":true}]}}