{"id":9243,"date":"2023-09-02T16:50:35","date_gmt":"2023-09-02T16:50:35","guid":{"rendered":"https:\/\/isfelevatorshop.de\/sparen-sie-energie-und-kosten-mit-der-arkel-rgn-b06-rueckspeiseeinheit-fuer-aufzuege\/"},"modified":"2023-09-02T16:50:35","modified_gmt":"2023-09-02T16:50:35","slug":"sparen-sie-energie-und-kosten-mit-der-arkel-rgn-b06-rueckspeiseeinheit-fuer-aufzuege","status":"publish","type":"product","link":"https:\/\/isfelevatorshop.de\/de\/sparen-sie-energie-und-kosten-mit-der-arkel-rgn-b06-rueckspeiseeinheit-fuer-aufzuege\/","title":{"rendered":"Sparen Sie Energie und Kosten mit der Arkel RGN-B06 R\u00fcckspeiseeinheit f\u00fcr Aufz\u00fcge"},"content":{"rendered":"<p class=\"ng-star-inserted\"><strong class=\"ng-star-inserted\"><span class=\"ng-star-inserted\">Technische Spezifikationen (Highlights):<\/span><\/strong><\/p>\n<div class=\"table-container ng-star-inserted\">\n<table>\n<tbody>\n<tr class=\"table-header ng-star-inserted\">\n<td class=\"ng-star-inserted\"><span class=\"ng-star-inserted\">Merkmal<\/span><\/td>\n<td class=\"ng-star-inserted\"><span class=\"ng-star-inserted\">Spezifikation<\/span><\/td>\n<\/tr>\n<tr class=\"ng-star-inserted\">\n<td class=\"ng-star-inserted\"><span class=\"ng-star-inserted\">Motorsteuerung<\/span><\/td>\n<td class=\"ng-star-inserted\"><span class=\"ng-star-inserted\">Synchron &amp; Asynchron<\/span><\/td>\n<\/tr>\n<tr class=\"ng-star-inserted\">\n<td class=\"ng-star-inserted\"><span class=\"ng-star-inserted\">Netzeingang<\/span><\/td>\n<td class=\"ng-star-inserted\"><span class=\"ng-star-inserted\">AC 3 Phasen, 200-240V, 50\/60 Hz<\/span><\/td>\n<\/tr>\n<tr class=\"ng-star-inserted\">\n<td class=\"ng-star-inserted\"><span class=\"ng-star-inserted\">Kompatible Modelle<\/span><\/td>\n<td class=\"ng-star-inserted\"><span class=\"ng-star-inserted\">ARCODE 14, 17, 26, 35, 50, 75 A<\/span><\/td>\n<\/tr>\n<tr class=\"ng-star-inserted\">\nthoughtful illumination pins help me stay focused on the precision and formatting instructions. Nodes: German translation, HTML preservation, industrial accuracy. **Original Text:** <\/p>\n<td class=\"ng-star-inserted\"><span class=\"ng-star-inserted\">Geschwindigkeit<\/span><\/td>\n<td class=\"ng-star-inserted\"><span class=\"ng-star-inserted\">Bis zu 4 m\/s<\/span><\/td>\n<\/tr>\n<tr class=\"ng-star-inserted\">\n<td class=\"ng-star-inserted\"><span class=\"ng-star-inserted\">Etagen<\/span><\/td>\n<td class=\"ng-star-inserted\"><span class=\"ng-star-inserted\">Bis zu 64 Etagen<\/span><\/td>\n<\/tr>\n<tr class=\"ng-star-inserted\">\n<td class=\"ng-star-inserted\"><span class=\"ng-star-inserted\">Abmessungen<\/span><\/td>\n<td class=\"ng-star-inserted\"><span class=\"ng-star-inserted\">347.50mm x 512mm x 271mm<\/span><\/td>\n<\/tr>\n<tr class=\"ng-star-inserted\">\n<td class=\"ng-star-inserted\"><span class=\"ng-star-inserted\">Nennleistung<\/span><\/td>\n<td class=\"ng-star-inserted\"><span class=\"ng-star-inserted\">6 kW<\/span><\/td>\n<\/tr>\n<\/tbody>\n<\/table>\n<\/div>\n<h2 class=\"ng-star-inserted\"><strong class=\"ng-star-inserted\"><span class=\"ng-star-inserted\">What is the Arkel RGN-B06?<\/span><\/strong><\/h2>\n<p class=\"ng-star-inserted\"><span class=\"ng-star-inserted\">Der Arkel RGN-B06 ist eine innovative <\/span><strong class=\"ng-star-inserted\"><span class=\"ng-star-inserted\">R\u00fcckspeiseeinheit, die speziell f\u00fcr Aufz\u00fcge entwickelt wurde<\/span><\/strong><span class=\"ng-star-inserted\">. Diese zuverl\u00e4ssige 6kW-Einheit l\u00e4sst sich problemlos in Ihr bestehendes Aufzugssystem integrieren. Sie funktioniert, indem sie die beim Bremsen erzeugte Energie nutzt und in nutzbaren Strom umwandelt. Anstatt diese Energie als W\u00e4rme zu verschwenden, erm\u00f6glicht der RGN-B06 Ihnen, diese <\/span><strong class=\"ng-star-inserted\"><span class=\"ng-star-inserted\">zur\u00fcckzugewinnen und wiederzuverwenden<\/span><\/strong><span class=\"ng-star-inserted\">, was zu erheblichen Einsparungen bei Ihren Energiekosten f\u00fchrt.<\/span><\/p>\n<h2 class=\"ng-star-inserted\"><strong class=\"ng-star-inserted\"><span class=\"ng-star-inserted\">Wesentliche Merkmale und Vorteile:<\/span><\/strong><\/h2>\n<ul class=\"ng-star-inserted\">\n<li class=\"ng-star-inserted\">\n<p class=\"ng-star-inserted\"><strong class=\"ng-star-inserted\"><span class=\"ng-star-inserted\">Erhebliche Energieeinsparungen:<\/span><\/strong><span class=\"ng-star-inserted\"> Im Vergleich zu Aufz\u00fcgen ohne R\u00fcckspeisung kann das RGN-B06 <\/span><strong class=\"ng-star-inserted\"><span class=\"ng-star-inserted\">bis zu 35 % des Energieverbrauchs einsparen<\/span><\/strong><span class=\"ng-star-inserted\">. Dies f\u00fchrt zu erheblichen Kostensenkungen \u00fcber die gesamte Lebensdauer Ihres Aufzugs.<\/span><\/p>\n<\/li>\n<li class=\"ng-star-inserted\">\n<p class=\"ng-star-inserted\"><strong class=\"ng-star-inserted\"><span class=\"ng-star-inserted\">Hohe Leistungsf\u00e4higkeit:<\/span><\/strong><span class=\"ng-star-inserted\"> Leistungsstark und zuverl\u00e4ssig mit einer 6kW-Nennleistung, geeignet f\u00fcr viele Aufzugstypen.<\/span><\/p>\n<\/li>\n<li class=\"ng-star-inserted\">\n<p class=\"ng-star-inserted\"><strong class=\"ng-star-inserted\"><span class=\"ng-star-inserted\">Einfache Upgrades:<\/span><\/strong><span class=\"ng-star-inserted\"> Einfache Vor-Ort-Updates \u00fcber <\/span><strong class=\"ng-star-inserted\"><span class=\"ng-star-inserted\">USB-Konnektivit\u00e4t<\/span><\/strong><span class=\"ng-star-inserted\"> garantieren, dass Sie immer \u00fcber die neuesten Funktionen verf\u00fcgen.<\/span><\/p>\n<\/li>\n<li class=\"ng-star-inserted\">\n<p class=\"ng-star-inserted\"><strong class=\"ng-star-inserted\"><span class=\"ng-star-inserted\">Green Building Ready:<\/span><\/strong><span class=\"ng-star-inserted\"> Unterst\u00fctzt das Erreichen von <\/span><strong class=\"ng-star-inserted\"><span class=\"ng-star-inserted\">Zertifizierungen f\u00fcr nachhaltiges Bauen<\/span><\/strong><span class=\"ng-star-inserted\"> wie LEED oder BREEAM und unterstreicht Ihr Engagement f\u00fcr die Nachhaltigkeit.<\/span><\/p>\n<\/li>\n<li class=\"ng-star-inserted\">\n<p class=\"ng-star-inserted\"><strong class=\"ng-star-inserted\"><span class=\"ng-star-inserted\">Breite Kompatibilit\u00e4t:<\/span><\/strong><span class=\"ng-star-inserted\"> Funktioniert sowohl mit <\/span><strong class=\"ng-star-inserted\"><span class=\"ng-star-inserted\">Synchron- und Asynchronmotoren<\/span><\/strong><span class=\"ng-star-inserted\"> als auch mit <\/span><strong class=\"ng-star-inserted\"><span class=\"ng-star-inserted\">ARCODE<\/span><\/strong><span class=\"ng-star-inserted\"> Steuerungen (Modelle 14, 17, 26, 35, 50 und 75 A).<\/span><\/p>\n<\/li>\n<li class=\"ng-star-inserted\">\n<p class=\"ng-star-inserted\"><strong class=\"ng-star-inserted\"><span class=\"ng-star-inserted\">EU-Normen konform:<\/span><\/strong><span class=\"ng-star-inserted\"> Erf\u00fcllt vollst\u00e4ndig die <\/span><strong class=\"ng-star-inserted\"><span class=\"ng-star-inserted\">EU-Normen<\/span><\/strong><span class=\"ng-star-inserted\"> f\u00fcr die Netzr\u00fcckspeisung und gew\u00e4hrleistet Sicherheit und Zuverl\u00e4ssigkeit in EU-M\u00e4rkten.<\/span><\/p>\n<\/li>\n<li class=\"ng-star-inserted\">\n<p class=\"ng-star-inserted\"><strong class=\"ng-star-inserted\"><span class=\"ng-star-inserted\">Vielseitiges Bremsen:<\/span><\/strong><span class=\"ng-star-inserted\"> Kompatibel mit <\/span><strong class=\"ng-star-inserted\"><span class=\"ng-star-inserted\">NICHT-EU-Bremseinheiten<\/span><\/strong><span class=\"ng-star-inserted\">, was es f\u00fcr verschiedene M\u00e4rkte geeignet macht.<\/span><\/p>\n<\/li>\n<li class=\"ng-star-inserted\">\n<p class=\"ng-star-inserted\"><strong class=\"ng-star-inserted\"><span class=\"ng-star-inserted\">Kompaktes Design:<\/span><\/strong><span class=\"ng-star-inserted\"> Geringe Abmessungen (347,50mm x 512mm x 271mm) f\u00fcr eine einfache Montage, selbst in engen Maschinenr\u00e4umen.<\/span><\/p>\n<\/li>\n<li class=\"ng-star-inserted\">\n<p class=\"ng-star-inserted\"><strong class=\"ng-star-inserted\"><span class=\"ng-star-inserted\">Hohe Netzqualit\u00e4t:<\/span><\/strong><span class=\"ng-star-inserted\"> <\/span><strong class=\"ng-star-inserted\"><span class=\"ng-star-inserted\">THD &lt; 5%<\/span><\/strong><span class=\"ng-star-inserted\"> gew\u00e4hrleistet minimale harmonische Verzerrungen und sch\u00fctzt Ihre elektrische Ausr\u00fcstung.<\/span><\/p>\n<\/li>\n<\/ul>\n<h2 class=\"ng-star-inserted\"><strong class=\"ng-star-inserted\"><span class=\"ng-star-inserted\">Wie funktioniert es? \u267b\ufe0f <\/span><\/strong><\/h2>\n<p class=\"ng-star-inserted\"><span class=\"ng-star-inserted\">Aufzugsmotoren werden oft zu Generatoren, insbesondere wenn:<\/span><\/p>\n<ul class=\"ng-star-inserted\">\n<li class=\"ng-star-inserted\">\n<p class=\"ng-star-inserted\"><strong class=\"ng-star-inserted\"><span class=\"ng-star-inserted\">Abw\u00e4rtsfahrt mit schwerer Last:<\/span><\/strong><span class=\"ng-star-inserted\"> Das Gewicht zieht den Aufzug nach unten und erzeugt dabei Energie.<\/span><\/p>\n<\/li>\n<li class=\"ng-star-inserted\">\n<p class=\"ng-star-inserted\"><strong class=\"ng-star-inserted\"><span class=\"ng-star-inserted\">Aufw\u00e4rtsfahrt mit geringer Last:<\/span><\/strong><span class=\"ng-star-inserted\"> Das Gegengewicht ist schwerer, zieht die Kabine nach unten und erzeugt Energie, w\u00e4hrend der Motor hebt.<\/span><\/p>\n<\/li>\n<\/ul>\n<p class=\"ng-star-inserted\"><span class=\"ng-star-inserted\">Normalerweise wird diese Energie als W\u00e4rme verschwendet. Die Arkel RGN-B06 f\u00e4ngt diese Energie auf und speist sie <\/span><strong class=\"ng-star-inserted\"><span class=\"ng-star-inserted\">zur\u00fcck in das Stromnetz Ihres Geb\u00e4udes ein<\/span><\/strong><span class=\"ng-star-inserted\">. Diese recycelte Energie kann dann andere Systeme wie Beleuchtung, HLK oder sogar andere Aufz\u00fcge versorgen.<\/span><\/p>\n","protected":false},"excerpt":{"rendered":"<p class=\"ng-star-inserted\"><span class=\"ng-star-inserted\">M\u00f6chten Sie die Energiekosten Ihres Aufzugs senken und umweltfreundlicher agieren? Die <\/span><strong class=\"ng-star-inserted\"><span class=\"ng-star-inserted\">Arkel RGN-B06 Regenerative Unit<\/span><\/strong><span class=\"ng-star-inserted\"> ist die intelligente L\u00f6sung f\u00fcr Geb\u00e4udeeigent\u00fcmer und Aufzugsunternehmen, die <\/span><strong class=\"ng-star-inserted\"><span class=\"ng-star-inserted\">Energieeffizienz, Nachhaltigkeit und echte Kosteneinsparungen<\/span><\/strong><span class=\"ng-star-inserted\"> anstreben. Diese innovative Einheit f\u00e4ngt die beim Betrieb Ihres Aufzugs erzeugte Energie auf und speist sie in das Stromnetz Ihres Geb\u00e4udes zur\u00fcck. Reduzieren Sie Ihren \u00f6kologischen Fu\u00dfabdruck und tragen Sie zu einer gr\u00fcneren Umwelt bei \u2013 eine Win-Win-Situation!<\/span><\/p>\n","protected":false},"featured_media":8413,"comment_status":"open","ping_status":"closed","template":"","meta":[],"product_brand":[],"product_cat":[681],"product_tag":[],"class_list":{"0":"post-9243","1":"product","2":"type-product","3":"status-publish","4":"has-post-thumbnail","6":"product_cat-ruckspeiseeinheit","8":"first","9":"instock","10":"taxable","11":"shipping-taxable","12":"purchasable","13":"product-type-simple"},"_links":{"self":[{"href":"https:\/\/isfelevatorshop.de\/de\/wp-json\/wp\/v2\/product\/9243","targetHints":{"allow":["GET"]}}],"collection":[{"href":"https:\/\/isfelevatorshop.de\/de\/wp-json\/wp\/v2\/product"}],"about":[{"href":"https:\/\/isfelevatorshop.de\/de\/wp-json\/wp\/v2\/types\/product"}],"replies":[{"embeddable":true,"href":"https:\/\/isfelevatorshop.de\/de\/wp-json\/wp\/v2\/comments?post=9243"}],"version-history":[{"count":0,"href":"https:\/\/isfelevatorshop.de\/de\/wp-json\/wp\/v2\/product\/9243\/revisions"}],"wp:featuredmedia":[{"embeddable":true,"href":"https:\/\/isfelevatorshop.de\/de\/wp-json\/wp\/v2\/media\/8413"}],"wp:attachment":[{"href":"https:\/\/isfelevatorshop.de\/de\/wp-json\/wp\/v2\/media?parent=9243"}],"wp:term":[{"taxonomy":"product_brand","embeddable":true,"href":"https:\/\/isfelevatorshop.de\/de\/wp-json\/wp\/v2\/product_brand?post=9243"},{"taxonomy":"product_cat","embeddable":true,"href":"https:\/\/isfelevatorshop.de\/de\/wp-json\/wp\/v2\/product_cat?post=9243"},{"taxonomy":"product_tag","embeddable":true,"href":"https:\/\/isfelevatorshop.de\/de\/wp-json\/wp\/v2\/product_tag?post=9243"}],"curies":[{"name":"wp","href":"https:\/\/api.w.org\/{rel}","templated":true}]}}