{"id":9237,"date":"2023-09-02T12:28:45","date_gmt":"2023-09-02T12:28:45","guid":{"rendered":"https:\/\/isfelevatorshop.de\/arkel-kxcba-canbus-anschlussmodul\/"},"modified":"2026-01-06T03:07:26","modified_gmt":"2026-01-06T03:07:26","slug":"arkel-kxcba-canbus-anschlussmodul","status":"publish","type":"product","link":"https:\/\/isfelevatorshop.de\/de\/arkel-kxcba-canbus-anschlussmodul\/","title":{"rendered":"Arkel KXCBA CANbus-Anschlussmodul"},"content":{"rendered":"&#13;\n<h2 class=\"wp-block-heading\">ARKEL KXCBA CANbus-Anschlusskarte<\/h2>&#13;\n&#13;\n<ul>&#13;\n<li><strong>Product Code:<\/strong> 1001398<\/li>&#13;\n<li><\/li><\/ul><strong>MODEL No:<\/strong> KXCBA&#13;\n<li><\/li><strong>DESCRIPTION:<\/strong> Can-bus connection card&#13;\n&#13;\n&#13;\n<p>Die ARKEL KXCBA CANbus-Anschlusskarte ist eine Schnittstellenkarte, die das CANbus-System (Controller Area Network), eine digitale Datenkommunikationsleitung, unterst\u00fctzt. Sie erm\u00f6glicht die Kommunikation zwischen elektronischen Ger\u00e4ten und wird h\u00e4ufig in Aufzugsteuerungen eingesetzt. Diese Karte stellt sicher, dass Ger\u00e4te Daten korrekt und schnell austauschen k\u00f6nnen, wodurch der reibungslose und sichere Betrieb des Aufzugs unterst\u00fctzt wird.  <\/p>&#13;\n<p><img decoding=\"async\" class=\"aligncenter wp-image-4004 size-full\" src=\"https:\/\/isfelevatorshop.de\/wp-content\/uploads\/2023\/08\/Arkel-KXCBA-Can-bus-Junction.png\" alt=\"Arkel KXCBA CANbus-Anschlussmodul\" width=\"1957\" height=\"1504\" srcset=\"https:\/\/isfelevatorshop.de\/wp-content\/uploads\/2023\/08\/Arkel-KXCBA-Can-bus-Junction.png 1957w, https:\/\/isfelevatorshop.de\/wp-content\/uploads\/2023\/08\/Arkel-KXCBA-Can-bus-Junction-30x23.png 30w, https:\/\/isfelevatorshop.de\/wp-content\/uploads\/2023\/08\/Arkel-KXCBA-Can-bus-Junction-1200x922.png 1200w, https:\/\/isfelevatorshop.de\/wp-content\/uploads\/2023\/08\/Arkel-KXCBA-Can-bus-Junction-300x231.png 300w, https:\/\/isfelevatorshop.de\/wp-content\/uploads\/2023\/08\/Arkel-KXCBA-Can-bus-Junction-1024x787.png 1024w, https:\/\/isfelevatorshop.de\/wp-content\/uploads\/2023\/08\/Arkel-KXCBA-Can-bus-Junction-768x590.png 768w, https:\/\/isfelevatorshop.de\/wp-content\/uploads\/2023\/08\/Arkel-KXCBA-Can-bus-Junction-1536x1180.png 1536w\" sizes=\"(max-width: 1957px) 100vw, 1957px\" \/><\/p>&#13;\n&#13;\n<ul>&#13;\n<li><a title=\"Arkel KBL-CBI2 Cable 2 m.\" href=\"https:\/\/isfelevatorshop.de\/arkel-kbl-cbi2-1001545\/\" target=\"_blank\" rel=\"noopener\">Arkel KBL-CBI2 Can-bus Cable 2 m.(For Connec. From Main Line to Landings with 2,5 mm Connector)<\/a><\/li>&#13;\n<li><a title=\"Arkel KBL-CBK3 Can-bus Cable 3.3 m. (Main Line &#x2013; With 3,96 mm Connector)\" href=\"https:\/\/isfelevatorshop.de\/arkel-kbl-cbk3-1002485\/\" target=\"_blank\" rel=\"noopener\">Arkel KBL-CBK3 Can-bus Cable 3.3 m. (Main Line \u2013 With 3,96 mm Connector)<\/a><\/li>&#13;\n<li><a title=\"KBL-CBK10 Can-bus Cable 10 m.(Main Line &#x2013; With 3,96 mm Connector)\" href=\"https:\/\/isfelevatorshop.de\/arkel-kbl-cbk10-can-bus-cable-10m-1001546\/\" target=\"_blank\" rel=\"noopener\">KBL-CBK10 Can-bus Cable 10 m.(Main Line \u2013 With 3,96 mm Connector)<\/a><\/li>&#13;\n<li><a title=\"Arkel KBL-CBT Can-bus Line Terminator\" href=\"https:\/\/isfelevatorshop.de\/arkel-kbl-cbt-can-bus-line-terminator-1001695\/\" target=\"_blank\" rel=\"noopener\">Arkel KBL-CBT Can-bus Line Terminator<\/a><\/li>&#13;\n<\/ul>&#13;\n<h3 class=\"wp-block-heading\">ARKEL KXCBA CANbus-Anschlusskarte Eigenschaften<\/h3>&#13;\n\r\n<ul class=\"wp-block-list\">&#13;\n<li><strong>Fortschrittliche Datenkommunikation:<\/strong> ARKEL KXCBA gew\u00e4hrleistet eine schnelle und zuverl\u00e4ssige Daten\u00fcbertragung zwischen den Ger\u00e4ten \u00fcber das CANbus-System.<\/li>&#13;\n\r\n\r\n&#13;\n<li><strong>Breite Kompatibilit\u00e4t:<\/strong> Kompatibel mit verschiedenen Aufzugsteuerungen, was ein breites Anwendungsspektrum bietet.<\/li>&#13;\n\r\n\r\n&#13;\n<li><strong>Langlebigkeit:<\/strong> Diese speziell entwickelte Karte ist auch bei intensiver Nutzung langlebig.<\/li>&#13;\n<\/ul>\r\n&#13;\n<h3 class=\"wp-block-heading\">Vorteile und Kernpunkte der ARKEL KXCBA CANbus-Anschlusskarte<\/h3>&#13;\n\r\n<ul class=\"wp-block-list\">&#13;\n<li><strong>Effektive Kommunikation:<\/strong> ARKEL KXCBA bietet einen schnellen und unterbrechungsfreien Datentransfer zwischen den Ger\u00e4ten und unterst\u00fctzt Aufzugsteuerungen dabei, effizienter zu arbeiten.<\/li>&#13;\n\r\n\r\n&#13;\n<li><strong>Langlebig:<\/strong> Die Best\u00e4ndigkeit der Karte macht sie zu einer langfristigen Investition. Ihre Leistung l\u00e4sst selbst bei intensiver Nutzung nicht nach. <\/li>&#13;\n\r\n\r\n&#13;\n<li><strong>Breite Kompatibilit\u00e4t:<\/strong> Die Kompatibilit\u00e4t dieser Karte mit verschiedenen Aufzugsteuerungen bietet ein breites Spektrum an Anwendungsm\u00f6glichkeiten.<\/li>&#13;\n<\/ul>\r\n&#13;\n<h2 class=\"wp-block-heading\">ARKEL KXCBA CANbus-Kartenanschluss H\u00e4ufig gestellte Fragen<\/h2>&#13;\n<div id=\"rank-math-faq\" class=\"rank-math-block\">\n<div class=\"rank-math-list \">\n<div id=\"faq-question-1691565080814\" class=\"rank-math-list-item\">\n<h3 class=\"rank-math-question \">Was ist die ARKEL KXCBA CANbus-Anschlusskarte?<\/h3>\n<div class=\"rank-math-answer \">\n\n<p>Die ARKEL KXCBA CANbus-Anschlusskarte ist eine Schnittstellenkarte, die Aufzugsteuerungen dabei unterst\u00fctzt, effizienter zu arbeiten. Sie unterst\u00fctzt das CANbus-System (Controller Area Network) und bietet eine schnelle sowie unterbrechungsfreie Daten\u00fcbertragung zwischen den Ger\u00e4ten. <\/p>\n\n<\/div>\n<\/div>\n<div id=\"faq-question-1691565089095\" class=\"rank-math-list-item\">\n<h3 class=\"rank-math-question \">Was sind die besonderen Merkmale des ARKEL KXCBA?<\/h3>\n<div class=\"rank-math-answer \">\n\n<p>Diese Karte bietet eine schnelle und zuverl\u00e4ssige Daten\u00fcbertragung. Sie ist mit verschiedenen Aufzugsteuerungen kompatibel und auch bei intensiver Nutzung langlebig. <\/p>\n\n<\/div>\n<\/div>\n<div id=\"faq-question-1691565100170\" class=\"rank-math-list-item\">\n<h3 class=\"rank-math-question \">Mit welchen Aufzugssystemen ist das ARKEL KXCBA kompatibel?<\/h3>\n<div class=\"rank-math-answer \">\n\n<p>ARKEL KXCBA ist mit verschiedenen Aufzugsteuerungen kompatibel. Diese breite Kompatibilit\u00e4t deckt die vielf\u00e4ltigen Anforderungen der Anwender ab. <\/p>\n\n<\/div>\n<\/div>\n<div id=\"faq-question-1691565103648\" class=\"rank-math-list-item\">\n<h3 class=\"rank-math-question \">Wie langlebig ist das ARKEL KXCBA?<\/h3>\n<div class=\"rank-math-answer \">\n\n<p>ARKEL KXCBA ist selbst bei intensiver Nutzung langlebig. Dies unterstreicht, dass dieses Produkt eine langfristige Investition darstellt. <\/p>\n\n<\/div>\n<\/div>\n<\/div>\n<\/div>&#13;\n<h2 class=\"wp-block-heading\"><strong>isfElevatorShop.de Kontaktinformationen<\/strong><\/h2>&#13;\n\r\n<ul class=\"wp-block-list\">&#13;\n<li>Telefon: <a href=\"tel:+4915758828410\">+ 49 157 58828410<\/a><\/li>&#13;\n\r\n\r\n&#13;\n<li>Email: <a href=\"mailto:info@isfelevatorshop.de\">info@isfelevatorshop.de<\/a><\/li>&#13;\n\r\n\r\n<\/ul>\r\n&#13;\n<p>\u00a0<\/p>&#13;\n","protected":false},"excerpt":{"rendered":"<p>Die ARKEL KXCBA CANbus-Anschlusskarte ist eine Schnittstellenkarte zur Unterst\u00fctzung des CAN (Controller Area Network) Aufzugssystems, einer digitalen Datenkommunikationsleitung. Sie erm\u00f6glicht die Kommunikation elektronischer Ger\u00e4te untereinander und findet weitreichende Verwendung in Aufzugsteuerungen. <\/p>\n","protected":false},"featured_media":1906,"comment_status":"open","ping_status":"closed","template":"","meta":[],"product_brand":[],"product_cat":[645,611],"product_tag":[],"class_list":{"0":"post-9237","1":"product","2":"type-product","3":"status-publish","4":"has-post-thumbnail","6":"product_cat-kabel-verdrahtung","7":"product_cat-arkel","9":"first","10":"instock","11":"taxable","12":"shipping-taxable","13":"purchasable","14":"product-type-simple"},"_links":{"self":[{"href":"https:\/\/isfelevatorshop.de\/de\/wp-json\/wp\/v2\/product\/9237","targetHints":{"allow":["GET"]}}],"collection":[{"href":"https:\/\/isfelevatorshop.de\/de\/wp-json\/wp\/v2\/product"}],"about":[{"href":"https:\/\/isfelevatorshop.de\/de\/wp-json\/wp\/v2\/types\/product"}],"replies":[{"embeddable":true,"href":"https:\/\/isfelevatorshop.de\/de\/wp-json\/wp\/v2\/comments?post=9237"}],"version-history":[{"count":1,"href":"https:\/\/isfelevatorshop.de\/de\/wp-json\/wp\/v2\/product\/9237\/revisions"}],"predecessor-version":[{"id":9239,"href":"https:\/\/isfelevatorshop.de\/de\/wp-json\/wp\/v2\/product\/9237\/revisions\/9239"}],"wp:featuredmedia":[{"embeddable":true,"href":"https:\/\/isfelevatorshop.de\/de\/wp-json\/wp\/v2\/media\/1906"}],"wp:attachment":[{"href":"https:\/\/isfelevatorshop.de\/de\/wp-json\/wp\/v2\/media?parent=9237"}],"wp:term":[{"taxonomy":"product_brand","embeddable":true,"href":"https:\/\/isfelevatorshop.de\/de\/wp-json\/wp\/v2\/product_brand?post=9237"},{"taxonomy":"product_cat","embeddable":true,"href":"https:\/\/isfelevatorshop.de\/de\/wp-json\/wp\/v2\/product_cat?post=9237"},{"taxonomy":"product_tag","embeddable":true,"href":"https:\/\/isfelevatorshop.de\/de\/wp-json\/wp\/v2\/product_tag?post=9237"}],"curies":[{"name":"wp","href":"https:\/\/api.w.org\/{rel}","templated":true}]}}