{"id":9167,"date":"2023-10-01T07:16:05","date_gmt":"2023-10-01T07:16:05","guid":{"rendered":"https:\/\/isfelevatorshop.de\/asg-lay5-be101-no-kontaktblock-22mm-schliesser-10a-ith\/"},"modified":"2023-10-01T07:16:05","modified_gmt":"2023-10-01T07:16:05","slug":"asg-lay5-be101-no-kontaktblock-22mm-schliesser-10a-ith","status":"publish","type":"product","link":"https:\/\/isfelevatorshop.de\/de\/asg-lay5-be101-no-kontaktblock-22mm-schliesser-10a-ith\/","title":{"rendered":"ASG LAY5-BE101 NO Kontaktblock (22mm, Schlie\u00dfer, 10A Ith)"},"content":{"rendered":"<p class=\"ng-star-inserted\"><span class=\"ng-star-inserted\">Erweitern Sie die Funktionalit\u00e4t Ihrer Schaltschr\u00e4nke mit dem <\/span><strong class=\"ng-star-inserted\"><span class=\"ng-star-inserted\">ASG LAY5-BE101 Schlie\u00dferkontaktblock (NO)<\/span><\/strong><span class=\"ng-star-inserted\">. Dieser Kontaktblock wurde f\u00fcr den Einsatz mit Standard-22mm-Drucktastern, Wahlschaltern und Befehlsger\u00e4ten der Serie LAY5 entwickelt und bietet einen zuverl\u00e4ssigen Schlie\u00dferkreis f\u00fcr Ihre <\/span><strong class=\"ng-star-inserted\"><span class=\"ng-star-inserted\">Aufzugsteuerungen<\/span><\/strong><span class=\"ng-star-inserted\">, Maschinensteuerungen und industriellen Automatisierungssysteme. Mit klaren Kennzeichnungen gem\u00e4\u00df <\/span><strong class=\"ng-star-inserted\"><span class=\"ng-star-inserted\">EN 60947-5-1<\/span><\/strong><span class=\"ng-star-inserted\"> bietet er eine verl\u00e4ssliche L\u00f6sung, die im ISF Elevator Shop erh\u00e4ltlich ist.<\/span><\/p>\n<h2 class=\"ng-star-inserted\"><span class=\"ng-star-inserted\">Hauptmerkmale &amp; Vorteile:<\/span><\/h2>\n<ul class=\"ng-star-inserted\">\n<li class=\"ng-star-inserted\">\n<p class=\"ng-star-inserted\"><strong class=\"ng-star-inserted\"><span class=\"ng-star-inserted\">Schlie\u00dfer-Funktion (NO):<\/span><\/strong><span class=\"ng-star-inserted\"> Bietet einen NO-Kontaktpfad (Klemmen <\/span><strong class=\"ng-star-inserted\"><span class=\"ng-star-inserted\">.3<\/span><\/strong><span class=\"ng-star-inserted\"> und <\/span><strong class=\"ng-star-inserted\"><span class=\"ng-star-inserted\">.4<\/span><\/strong><span class=\"ng-star-inserted\">), was bedeutet, dass der Stromkreis offen ist, wenn das Bet\u00e4tigungselement nicht gedr\u00fcckt wird, und schlie\u00dft (Strom leitet), wenn das Bet\u00e4tigungselement bet\u00e4tigt wird.<\/span><\/p>\n<\/li>\n<li class=\"ng-star-inserted\">\n<p class=\"ng-star-inserted\"><strong class=\"ng-star-inserted\"><span class=\"ng-star-inserted\">Standard 22mm Einbau:<\/span><\/strong><span class=\"ng-star-inserted\"> Vollst\u00e4ndig kompatibel mit dem weit verbreiteten 22mm-Montagesystem, speziell entwickelt f\u00fcr Sockel und Bet\u00e4tiger der LAY5-Serie.<\/span><\/p>\n<\/li>\n<li class=\"ng-star-inserted\">\n<p class=\"ng-star-inserted\"><strong class=\"ng-star-inserted\"><span class=\"ng-star-inserted\">Eindeutige Kennzeichnung:<\/span><\/strong><span class=\"ng-star-inserted\"> Verf\u00fcgt \u00fcber ein <\/span><strong class=\"ng-star-inserted\"><span class=\"ng-star-inserted\">schwarzes<\/span><\/strong><span class=\"ng-star-inserted\"> Geh\u00e4use mit einem <\/span><strong class=\"ng-star-inserted\"><span class=\"ng-star-inserted\">gr\u00fcnen<\/span><\/strong><span class=\"ng-star-inserted\"> Bet\u00e4tigungsst\u00f6\u00dfel, entsprechend dem Industriestandard zur einfachen Identifizierung der Schlie\u00dfer-Funktion (NO).<\/span><\/p>\n<\/li>\n<li class=\"ng-star-inserted\">\n<p class=\"ng-star-inserted\"><strong class=\"ng-star-inserted\"><span class=\"ng-star-inserted\">Zuverl\u00e4ssige Nennwerte:<\/span><\/strong><span class=\"ng-star-inserted\"> Klar gekennzeichnet mit <\/span><strong class=\"ng-star-inserted\"><span class=\"ng-star-inserted\">Ith: 10(6)A<\/span><\/strong><span class=\"ng-star-inserted\">, <\/span><strong class=\"ng-star-inserted\"><span class=\"ng-star-inserted\">Ui: 400V~<\/span><\/strong><span class=\"ng-star-inserted\">, und <\/span><strong class=\"ng-star-inserted\"><span class=\"ng-star-inserted\">Ie: 3A\/240V~<\/span><\/strong><span class=\"ng-star-inserted\"> (AC-15), was die Eignung f\u00fcr Standard-Steuerstromkreise gem\u00e4\u00df <\/span><strong class=\"ng-star-inserted\"><span class=\"ng-star-inserted\">EN 60947-5-1<\/span><\/strong><span class=\"ng-star-inserted\"> best\u00e4tigt.<\/span><\/p>\n<\/li>\n<li class=\"ng-star-inserted\">\n<p class=\"ng-star-inserted\"><strong class=\"ng-star-inserted\"><span class=\"ng-star-inserted\">Sichere Verdrahtung:<\/span><\/strong><span class=\"ng-star-inserted\"> Ausgestattet mit leicht zug\u00e4nglichen <\/span><strong class=\"ng-star-inserted\"><span class=\"ng-star-inserted\">Schraubklemmen<\/span><\/strong><span class=\"ng-star-inserted\"> f\u00fcr zuverl\u00e4ssige Drahtverbindungen (Klemmen .3 und .4 f\u00fcr Schlie\u00dferkontakt).<\/span><\/p>\n<\/li>\n<li class=\"ng-star-inserted\">\n<p class=\"ng-star-inserted\"><strong class=\"ng-star-inserted\"><span class=\"ng-star-inserted\">Einfache Installation:<\/span><\/strong><span class=\"ng-star-inserted\"> Entwickelt f\u00fcr eine schnelle und sichere Rastmontage auf dem entsprechenden Druckknopfsockel oder Halter.<\/span><\/p>\n<\/li>\n<li class=\"ng-star-inserted\">\n<p class=\"ng-star-inserted\"><strong class=\"ng-star-inserted\"><span class=\"ng-star-inserted\">Vielseitige Anwendung:<\/span><\/strong><span class=\"ng-star-inserted\"> Ideal zum Hinzuf\u00fcgen von Startfunktionen, Signalbest\u00e4tigungen, Logikeing\u00e4ngen oder jeglichen Anwendungen in industriellen Umgebungen, die das Schlie\u00dfen eines Stromkreises bei Bet\u00e4tigung erfordern.<\/span><\/p>\n<\/li>\n<\/ul>\n<h2 class=\"ng-star-inserted\"><span class=\"ng-star-inserted\">Typische Anwendungen:<\/span><\/h2>\n<p class=\"ng-star-inserted\"><span class=\"ng-star-inserted\">Der ASG LAY5-BE101 NO Kontaktblock wird h\u00e4ufig verwendet in:<\/span><\/p>\n<ul class=\"ng-star-inserted\">\n<li class=\"ng-star-inserted\">\n<p class=\"ng-star-inserted\"><strong class=\"ng-star-inserted\"><span class=\"ng-star-inserted\">Aufzugsschaltschr\u00e4nke:<\/span><\/strong><span class=\"ng-star-inserted\"> F\u00fcr Funktionen wie Stockwerksrufe (bei Verwendung mit entsprechendem Taster), Signaleing\u00e4nge oder spezifische Steuerungslogik.<\/span><\/p>\n<\/li>\n<li class=\"ng-star-inserted\">\n<p class=\"ng-star-inserted\"><strong class=\"ng-star-inserted\"><span class=\"ng-star-inserted\">Industrielle Schaltschr\u00e4nke:<\/span><\/strong><span class=\"ng-star-inserted\"> Starttaster, Aktivierung des Steuerkreises, Signale f\u00fcr den Maschinenbetrieb.<\/span><\/p>\n<\/li>\n<li class=\"ng-star-inserted\">\n<p class=\"ng-star-inserted\"><strong class=\"ng-star-inserted\"><span class=\"ng-star-inserted\">Automatisierungssysteme:<\/span><\/strong><span class=\"ng-star-inserted\"> Bereitstellung von Zustandsr\u00fcckmeldungen oder Ausl\u00f6sen von Aktionen innerhalb automatisierter Abl\u00e4ufe.<\/span><\/p>\n<\/li>\n<li class=\"ng-star-inserted\">\n<p class=\"ng-star-inserted\"><strong class=\"ng-star-inserted\"><span class=\"ng-star-inserted\">Schaltschr\u00e4nke:<\/span><\/strong><span class=\"ng-star-inserted\"> Universelles Schalten f\u00fcr diverse Steuerungsanwendungen gem\u00e4\u00df EN 60947-5-1.<\/span><\/p>\n<\/li>\n<\/ul>\n<h2 class=\"ng-star-inserted\"><span class=\"ng-star-inserted\">Technische Spezifikationen:<\/span><\/h2>\n<div class=\"table-container ng-star-inserted\">\n<table>\n<tbody>\n<tr class=\"table-header ng-star-inserted\">\n<td class=\"ng-star-inserted\"><span class=\"ng-star-inserted\">Spezifikation<\/span><\/td>\n<td class=\"ng-star-inserted\"><span class=\"ng-star-inserted\">Wert<\/span><\/td>\n<\/tr>\n<tr class=\"ng-star-inserted\">\n<td class=\"ng-star-inserted\"><strong class=\"ng-star-inserted\"><span class=\"ng-star-inserted\">Modell<\/span><\/strong><\/td>\n<td class=\"ng-star-inserted\"><span class=\"ng-star-inserted\">ASG LAY5-BE101<\/span><\/td>\n<\/tr>\n<tr class=\"ng-star-inserted\">\n<td class=\"ng-star-inserted\"><strong class=\"ng-star-inserted\"><span class=\"ng-star-inserted\">Typ<\/span><\/strong><\/td>\n<td class=\"ng-star-inserted\"><span class=\"ng-star-inserted\">Kontaktblock<\/span><\/td>\n<\/tr>\n<tr class=\"ng-star-inserted\">\n<td class=\"ng-star-inserted\"><strong class=\"ng-star-inserted\"><span class=\"ng-star-inserted\">Kontaktfunktion<\/span><\/strong><\/td>\n<td class=\"ng-star-inserted\"><span class=\"ng-star-inserted\">1 Schlie\u00dfer (1NO)<\/span><\/td>\n<\/tr>\n<tr class=\"ng-star-inserted\">\n<td class=\"ng-star-inserted\"><strong class=\"ng-star-inserted\"><span class=\"ng-star-inserted\">Klemmen<\/span><\/strong><\/td>\n<td class=\"ng-star-inserted\"><span class=\"ng-star-inserted\">Schraubklemmen (.3 \/ .4 NO)<\/span><\/td>\n<\/tr>\n<tr class=\"ng-star-inserted\">\n<td class=\"ng-star-inserted\"><strong class=\"ng-star-inserted\"><span class=\"ng-star-inserted\">Einbaudurchmesser<\/span><\/strong><\/td>\n<td class=\"ng-star-inserted\"><span class=\"ng-star-inserted\">22 mm (F\u00fcr LAY5-Serie)<\/span><\/td>\n<\/tr>\n<tr class=\"ng-star-inserted\">\n<td class=\"ng-star-inserted\"><strong class=\"ng-star-inserted\"><span class=\"ng-star-inserted\">Farbe<\/span><\/strong><\/td>\n<td class=\"ng-star-inserted\"><span class=\"ng-star-inserted\">Schwarzes Geh\u00e4use \/ Gr\u00fcner Bet\u00e4tiger-St\u00f6\u00dfel<\/span><\/td>\n<\/tr>\n<tr class=\"ng-star-inserted\">\n<td class=\"ng-star-inserted\"><strong class=\"ng-star-inserted\"><span class=\"ng-star-inserted\">Bemessungsisolationsspannung (Ui)<\/span><\/strong><\/td>\n<td class=\"ng-star-inserted\"><span class=\"ng-star-inserted\">400 V~<\/span><\/td>\n<\/tr>\n<tr class=\"ng-star-inserted\">\n<td class=\"ng-star-inserted\"><strong class=\"ng-star-inserted\"><span class=\"ng-star-inserted\">Konventioneller thermischer Strom (Ith)<\/span><\/strong><\/td>\n<td class=\"ng-star-inserted\"><span class=\"ng-star-inserted\">10 A (Freiluft) \/ 6 A (Im Geh\u00e4use)<\/span><\/td>\n<\/tr>\n<tr class=\"ng-star-inserted\">\n<td class=\"ng-star-inserted\"><strong class=\"ng-star-inserted\"><span class=\"ng-star-inserted\">Bemessungsbetriebsstrom (Ie)<\/span><\/strong><\/td>\n<td class=\"ng-star-inserted\"><span class=\"ng-star-inserted\">3 A @ 240 V~ (Gebrauchskategorie AC-15)<\/span><\/td>\n<\/tr>\n<tr class=\"ng-star-inserted\">\n<td class=\"ng-star-inserted\"><strong class=\"ng-star-inserted\"><span class=\"ng-star-inserted\">Normkonformit\u00e4t<\/span><\/strong><\/td>\n<td class=\"ng-star-inserted\"><span class=\"ng-star-inserted\">EN 60947-5-1<\/span><\/td>\n<\/tr>\n<tr class=\"ng-star-inserted\">\n<td class=\"ng-star-inserted\"><strong class=\"ng-star-inserted\"><span class=\"ng-star-inserted\">Zertifizierungen (Sichtbar)<\/span><\/strong><\/td>\n<td class=\"ng-star-inserted\"><span class=\"ng-star-inserted\">CE<\/span><\/td>\n<\/tr>\n<tr class=\"ng-star-inserted\">\n<td class=\"ng-star-inserted\"><strong class=\"ng-star-inserted\"><span class=\"ng-star-inserted\">Ursprungsland<\/span><\/strong><\/td>\n<td class=\"ng-star-inserted\"><span class=\"ng-star-inserted\">Hergestellt in P.R.C.<\/span><\/td>\n<\/tr>\n<tr class=\"ng-star-inserted\">\n<td class=\"ng-star-inserted\"><strong class=\"ng-star-inserted\"><span class=\"ng-star-inserted\">Installation<\/span><\/strong><\/td>\n<td class=\"ng-star-inserted\"><span class=\"ng-star-inserted\">Snap-on-Montage auf Sockel\/Halterung<\/span><\/td>\n<\/tr>\n<\/tbody>\n<\/table>\n<\/div>\n<p class=\"ng-star-inserted\"><span class=\"ng-star-inserted\"><strong class=\"ng-star-inserted\">Hinweis:<\/strong><\/span><span class=\"ng-star-inserted\"> <\/span><span class=\"ng-star-inserted\">Stellen Sie vor der Installation die Kompatibilit\u00e4t mit Ihrem spezifischen 22mm LAY5-Serie Drucktasterunterteil oder Schalterelement sicher.<\/span><\/p>\n<h2 class=\"ng-star-inserted\"><span class=\"ng-star-inserted\">H\u00e4ufig gestellte Fragen (FAQ) \u2013 ASG LAY5-BE101 NO Kontaktblock<\/span><\/h2>\n<h3 class=\"ng-star-inserted\"><strong class=\"ng-star-inserted\"><span class=\"ng-star-inserted\">F1: Was ist die Funktion dieses Kontaktblocks?<\/span><\/strong><\/h3>\n<p class=\"ng-star-inserted\"><span class=\"ng-star-inserted\">A: Es f\u00fcgt einer 22mm Drucktaste oder Wahlschalter-Baugruppe der LAY5-Serie einen elektrischen \u201eSchlie\u00dfer\u201c-Schaltpfad (Klemmen .3 und .4) hinzu. Der Stromkreis schlie\u00dft sich nur, wenn der Bet\u00e4tiger gedr\u00fcckt wird. <\/span><\/p>\n<h3 class=\"ng-star-inserted\"><strong class=\"ng-star-inserted\"><span class=\"ng-star-inserted\">F2: Was bedeutet \u201eNO\u201c (Normally Open &#8211; Schlie\u00dfer)?<\/span><\/strong><\/h3>\n<p class=\"ng-star-inserted\"><span class=\"ng-star-inserted\">A: Schlie\u00dfer (Normally Open) bedeutet, dass die elektrischen Kontakte im Block in ihrem Ruhezustand getrennt sind (offener Stromkreis). Durch Bet\u00e4tigen der Vorrichtung werden die Kontakte geschlossen. <\/span><\/p>\n<h3 class=\"ng-star-inserted\"><strong class=\"ng-star-inserted\"><span class=\"ng-star-inserted\">F3: Warum ist der kleine Kolben gr\u00fcn?<\/span><\/strong><\/h3>\n<p class=\"ng-star-inserted\"><span class=\"ng-star-inserted\">A: Der gr\u00fcne St\u00f6\u00dfel zeigt optisch an, dass es sich um einen Schlie\u00dferkontakt (NO) handelt, entsprechend den Industriestandards.<\/span><\/p>\n<h3 class=\"ng-star-inserted\"><strong class=\"ng-star-inserted\"><span class=\"ng-star-inserted\">Frage 4: Passt dies zu jedem 22mm-Drucktaster?<\/span><\/strong><\/h3>\n<p class=\"ng-star-inserted\"><span class=\"ng-star-inserted\">A: Es wurde speziell f\u00fcr das <\/span><strong class=\"ng-star-inserted\"><span class=\"ng-star-inserted\">ASG LAY5 series<\/span><\/strong><span class=\"ng-star-inserted\"> 22mm Montagesystem entwickelt. Stellen Sie die Kompatibilit\u00e4t mit Ihrer Basiseinheit sicher.<\/span><\/p>\n<h3 class=\"ng-star-inserted\"><strong class=\"ng-star-inserted\"><span class=\"ng-star-inserted\">Frage 5: Wie werden die Dr\u00e4hte angeschlossen?<\/span><\/strong><\/h3>\n<p class=\"ng-star-inserted\"><span class=\"ng-star-inserted\">A: Der Anschluss der Leitungen erfolgt \u00fcber die <\/span><strong class=\"ng-star-inserted\"><span class=\"ng-star-inserted\">Schraubklemmen<\/span><\/strong><span class=\"ng-star-inserted\"> an der Seite\/R\u00fcckseite des Blocks (Klemmen .3 und .4).<\/span><\/p>\n<h3 class=\"ng-star-inserted\"><strong class=\"ng-star-inserted\"><span class=\"ng-star-inserted\">F6: Was sind die elektrischen Bemessungswerte (Ith, Ui, Ie)?<\/span><\/strong><\/h3>\n<p class=\"ng-star-inserted\"><span class=\"ng-star-inserted\">A: Wie auf dem Block markiert: Ith (thermischer Strom) betr\u00e4gt 10A (oder 6A in einem Geh\u00e4use), Ui (Isolationsspannung) betr\u00e4gt 400V AC und Ie (Betriebsstrom f\u00fcr AC-15) betr\u00e4gt 3A bei 240V AC. Dies deutet darauf hin, dass es f\u00fcr Standard-Steuerkreise geeignet ist, nicht f\u00fcr direktes Schalten von hoher Leistung. Verwenden Sie es zur Steuerung von Relais, Sch\u00fctzen oder PLC-Eing\u00e4ngen.  <\/span><\/p>\n<hr class=\"ng-star-inserted\">\n","protected":false},"excerpt":{"rendered":"<p><!-- wp:list --><\/p>\n<ul class=\"wp-block-list\">\n<li style=\"list-style-type: none;\">\n<ul class=\"wp-block-list\"><!-- wp:list-item --><\/p>\n<li><strong>Typ:<\/strong> Kontaktblock Schlie\u00dfer (NO)<\/li>\n<\/ul>\n<\/li>\n<\/ul>\n<p><!-- \/wp:list-item --> <!-- wp:list-item --><\/p>\n<ul class=\"wp-block-list\">\n<li style=\"list-style-type: none;\">\n<ul class=\"wp-block-list\">\n<li><strong>Kompatibilit\u00e4t:<\/strong> Standard 22mm LAY5 Serie Drucktasten-Basiselemente<\/li>\n<\/ul>\n<\/li>\n<\/ul>\n<p><!-- \/wp:list-item --> <!-- wp:list-item --><\/p>\n<ul class=\"wp-block-list\">\n<li style=\"list-style-type: none;\">\n<ul class=\"wp-block-list\">\n<li><strong>Bemessung:<\/strong> Ith 10(6)A, Ui 400V~, Ie 3A\/240V~ (AC-15)<\/li>\n<\/ul>\n<\/li>\n<\/ul>\n<p><!-- \/wp:list-item --> <!-- wp:list-item --><\/p>\n<ul class=\"wp-block-list\">\n<li style=\"list-style-type: none;\">\n<ul class=\"wp-block-list\">\n<li><strong>Modell:<\/strong> ASG LAY5-BE101 (Hergestellt in P.R.C.)<\/li>\n<\/ul>\n<\/li>\n<\/ul>\n<p><!-- \/wp:list-item --> <!-- wp:list-item --><\/p>\n<ul class=\"wp-block-list\">\n<li style=\"list-style-type: none;\">\n<ul class=\"wp-block-list\">\n<li><strong>Identifikation:<\/strong> Schwarzes Geh\u00e4use mit gr\u00fcnem NO-Bet\u00e4tigerst\u00f6\u00dfel<\/li>\n<\/ul>\n<\/li>\n<\/ul>\n<p><!-- \/wp:list-item --> <!-- wp:list-item --><\/p>\n<ul class=\"wp-block-list\">\n<li style=\"list-style-type: none;\">\n<ul class=\"wp-block-list\">\n<li><strong>Anschl\u00fcsse:<\/strong> Schraubklemmen (.3 \/ .4 NO)<\/li>\n<\/ul>\n<\/li>\n<\/ul>\n<p><!-- \/wp:list-item --><\/p>\n<p><!-- \/wp:list --><\/p>\n","protected":false},"featured_media":5107,"comment_status":"open","ping_status":"closed","template":"","meta":[],"product_brand":[],"product_cat":[608],"product_tag":[],"class_list":{"0":"post-9167","1":"product","2":"type-product","3":"status-publish","4":"has-post-thumbnail","6":"product_cat-isf-elevator-gmbh","8":"first","9":"instock","10":"taxable","11":"shipping-taxable","12":"purchasable","13":"product-type-simple"},"_links":{"self":[{"href":"https:\/\/isfelevatorshop.de\/de\/wp-json\/wp\/v2\/product\/9167","targetHints":{"allow":["GET"]}}],"collection":[{"href":"https:\/\/isfelevatorshop.de\/de\/wp-json\/wp\/v2\/product"}],"about":[{"href":"https:\/\/isfelevatorshop.de\/de\/wp-json\/wp\/v2\/types\/product"}],"replies":[{"embeddable":true,"href":"https:\/\/isfelevatorshop.de\/de\/wp-json\/wp\/v2\/comments?post=9167"}],"version-history":[{"count":0,"href":"https:\/\/isfelevatorshop.de\/de\/wp-json\/wp\/v2\/product\/9167\/revisions"}],"wp:featuredmedia":[{"embeddable":true,"href":"https:\/\/isfelevatorshop.de\/de\/wp-json\/wp\/v2\/media\/5107"}],"wp:attachment":[{"href":"https:\/\/isfelevatorshop.de\/de\/wp-json\/wp\/v2\/media?parent=9167"}],"wp:term":[{"taxonomy":"product_brand","embeddable":true,"href":"https:\/\/isfelevatorshop.de\/de\/wp-json\/wp\/v2\/product_brand?post=9167"},{"taxonomy":"product_cat","embeddable":true,"href":"https:\/\/isfelevatorshop.de\/de\/wp-json\/wp\/v2\/product_cat?post=9167"},{"taxonomy":"product_tag","embeddable":true,"href":"https:\/\/isfelevatorshop.de\/de\/wp-json\/wp\/v2\/product_tag?post=9167"}],"curies":[{"name":"wp","href":"https:\/\/api.w.org\/{rel}","templated":true}]}}