{"id":9159,"date":"2023-10-01T08:21:49","date_gmt":"2023-10-01T08:21:49","guid":{"rendered":"https:\/\/isfelevatorshop.de\/lc1d18m7-schneider-schuetz\/"},"modified":"2023-10-01T08:21:49","modified_gmt":"2023-10-01T08:21:49","slug":"lc1d18m7-schneider-schuetz","status":"publish","type":"product","link":"https:\/\/isfelevatorshop.de\/de\/lc1d18m7-schneider-schuetz\/","title":{"rendered":"LC1D18M7 Schneider Sch\u00fctz"},"content":{"rendered":"<p data-sourcepos=\"1:1-1:377\">Der <strong>LC1D18M7<\/strong> ist ein 3-poliger (3 Schlie\u00dfer) TeSys D Sch\u00fctz von Schneider Electric. Er ist f\u00fcr 18A bei 440V AC-3 und 7,5kW bei 400V AC-3 ausgelegt. Er verf\u00fcgt \u00fcber eine 220V AC 50\/60Hz Spule und Schraubklemmenanschl\u00fcsse. Er ist kompakt (45 mm Breite) und kann auf einer DIN-Schiene montiert oder auf einer Montageplatte verschraubt werden. Er ist nach mehreren Normen zertifiziert (IEC, UL, CSA, CCC, EAC, Marine) und Green Premium-konform (RoHS\/REACh).    <\/p>\n<p data-sourcepos=\"3:1-3:211\">TeSys D Sch\u00fctze sind f\u00fcr Motorsteuerungsanwendungen in einer Vielzahl von Branchen konzipiert, darunter Gewerbe, Industrie und Wohnungsbau. Sie sind bekannt f\u00fcr ihre Zuverl\u00e4ssigkeit, Langlebigkeit und Benutzerfreundlichkeit. <\/p>\n<p data-sourcepos=\"5:1-5:232\">Der Sch\u00fctz LC1D18M7 kann zur Steuerung einer Vielzahl von Motoren eingesetzt werden, einschlie\u00dflich Kurzschlussl\u00e4ufermotoren, Schleifringl\u00e4ufermotoren und Synchronmotor (getriebelos). Er kann auch zur Steuerung anderer Lastarten verwendet werden, wie z. B. ohmsche und induktive Lasten. <\/p>\n<p data-sourcepos=\"7:1-7:74\">Hier sind einige Beispiele f\u00fcr typische Anwendungen des LC1D18M7 Sch\u00fctzes:<\/p>\n<ul data-sourcepos=\"9:1-14:0\">\n<li data-sourcepos=\"9:1-9:77\">Hier sind einige Beispiele f\u00fcr typische Anwendungen des LC1D18M7 Sch\u00fctzes:<\/li>\n<li data-sourcepos=\"10:1-10:18\">Beleuchtungssteuerung<\/li>\n<li data-sourcepos=\"11:1-11:33\">Heizungs- und L\u00fcftungssteuerung<\/li>\n<li data-sourcepos=\"12:1-12:20\">Heizungs- und L\u00fcftungssteuerung<\/li>\n<li data-sourcepos=\"13:1-14:0\">Industrielle Automatisierungssysteme<\/li>\n<\/ul>\n<p data-sourcepos=\"15:1-15:234\">Der Sch\u00fctz LC1D18M7 ist ein vielseitiges und zuverl\u00e4ssiges Ger\u00e4t, das in einem breiten Spektrum von Anwendungen eingesetzt werden kann. Er ist eine bevorzugte Wahl f\u00fcr Ingenieure und Techniker, die einen hochwertigen Sch\u00fctz f\u00fcr anspruchsvolle Anwendungen ben\u00f6tigen. <\/p>\n","protected":false},"excerpt":{"rendered":"<p>Der LC1D18M7 ist ein 3-poliger (3 Schlie\u00dfer) TeSys D Sch\u00fctz von Schneider Electric. Er ist f\u00fcr 18A bei 440V AC-3<\/p>\n","protected":false},"featured_media":5229,"comment_status":"open","ping_status":"closed","template":"","meta":[],"product_brand":[],"product_cat":[608],"product_tag":[],"class_list":{"0":"post-9159","1":"product","2":"type-product","3":"status-publish","4":"has-post-thumbnail","6":"product_cat-isf-elevator-gmbh","8":"first","9":"instock","10":"taxable","11":"shipping-taxable","12":"purchasable","13":"product-type-simple"},"_links":{"self":[{"href":"https:\/\/isfelevatorshop.de\/de\/wp-json\/wp\/v2\/product\/9159","targetHints":{"allow":["GET"]}}],"collection":[{"href":"https:\/\/isfelevatorshop.de\/de\/wp-json\/wp\/v2\/product"}],"about":[{"href":"https:\/\/isfelevatorshop.de\/de\/wp-json\/wp\/v2\/types\/product"}],"replies":[{"embeddable":true,"href":"https:\/\/isfelevatorshop.de\/de\/wp-json\/wp\/v2\/comments?post=9159"}],"version-history":[{"count":0,"href":"https:\/\/isfelevatorshop.de\/de\/wp-json\/wp\/v2\/product\/9159\/revisions"}],"wp:featuredmedia":[{"embeddable":true,"href":"https:\/\/isfelevatorshop.de\/de\/wp-json\/wp\/v2\/media\/5229"}],"wp:attachment":[{"href":"https:\/\/isfelevatorshop.de\/de\/wp-json\/wp\/v2\/media?parent=9159"}],"wp:term":[{"taxonomy":"product_brand","embeddable":true,"href":"https:\/\/isfelevatorshop.de\/de\/wp-json\/wp\/v2\/product_brand?post=9159"},{"taxonomy":"product_cat","embeddable":true,"href":"https:\/\/isfelevatorshop.de\/de\/wp-json\/wp\/v2\/product_cat?post=9159"},{"taxonomy":"product_tag","embeddable":true,"href":"https:\/\/isfelevatorshop.de\/de\/wp-json\/wp\/v2\/product_tag?post=9159"}],"curies":[{"name":"wp","href":"https:\/\/api.w.org\/{rel}","templated":true}]}}