{"id":9157,"date":"2023-09-28T22:25:19","date_gmt":"2023-09-28T22:25:19","guid":{"rendered":"https:\/\/isfelevatorshop.de\/xalk178-schneider-drucktaster-fuer-aufzugsteuerungs-schaltschrank\/"},"modified":"2023-09-28T22:25:19","modified_gmt":"2023-09-28T22:25:19","slug":"xalk178-schneider-drucktaster-fuer-aufzugsteuerungs-schaltschrank","status":"publish","type":"product","link":"https:\/\/isfelevatorshop.de\/de\/xalk178-schneider-drucktaster-fuer-aufzugsteuerungs-schaltschrank\/","title":{"rendered":"XALK178 Schneider Drucktaster f\u00fcr Aufzugsteuerungs-Schaltschrank"},"content":{"rendered":"<h2>XALK178 Schneider Kunststoff Gelb Rot Drucktaster<\/h2>\n<p>XALK178 Schneider Plastic Yellow Red (Komplettes Befehlsger\u00e4t) ist ideal daf\u00fcr geeignet, eine einfache <strong>Notabschaltung<\/strong> jeder Maschine zu gew\u00e4hrleisten. Diese gelbe Befehlsstation wurde f\u00fcr Maschinenbauer entwickelt, die Steuerungs- und Signalfunktionen an ihren Maschinen hinzuf\u00fcgen m\u00f6chten, ohne permanente Modifikationen oder Sch\u00e4den am Maschinengeh\u00e4use zu verursachen. <\/p>\n<p>Es eignet sich f\u00fcr ein breites Anwendungsspektrum, einschlie\u00dflich einfacher Maschinen und Serienfertigung, Textil- und Verpackungsmaschinen, Handhabung kleiner Hebesysteme sowie der Steuerung von Garagentoren, Rolll\u00e4den und Rauchabzugsanlagen.<\/p>\n<p>Er bietet Not-Halt- und Not-Aus-Funktionen. Dank der Schutzarten IP69 \/ IP67 \/ IP66 \/ IP69K ist er schlagfest, staubdicht, wasserbest\u00e4ndig, korrosionsbest\u00e4ndig sowie vibrationsfest und somit ideal f\u00fcr den Einsatz in rauen Umgebungen geeignet. <\/p>\n<h2>Technische Spezifikationen der XALK178 Schneider Ausf\u00fchrung Kunststoff Gelb Rot (Kompletter Schaltschrank)<\/h2>\n<table>\n<thead>\n<tr>\n<th>Technische Spezifikationen<\/th>\n<th>Details<\/th>\n<\/tr>\n<\/thead>\n<tbody>\n<tr>\n<td>Produktname und Marke<\/td>\n<td>XALK178 Befehlsstelle (Harmony XALK)<\/td>\n<\/tr>\n<tr>\n<td>Zweck und Verwendung<\/td>\n<td>Ideal f\u00fcr die Notabschaltung von Maschinen<\/td>\n<\/tr>\n<tr>\n<td>Produktabmessungen<\/td>\n<td>7.000 cm x 7.000 cm x 9.700 cm<\/td>\n<\/tr>\n<tr>\n<td>Gewicht<\/td>\n<td>0.194 kg<\/td>\n<\/tr>\n<tr>\n<td>Hochdruckreinigerbest\u00e4ndigkeit<\/td>\n<td>7000000 Pa (bei 55 \u00b0C, Abstand: 0,1 m)<\/td>\n<\/tr>\n<tr>\n<td>Bet\u00e4tigungsweg<\/td>\n<td>1,5 mm (NC \u00c4nderung des elektrischen Zustands)<\/td>\n<\/tr>\n<tr>\n<td><\/td>\n<td>2,6 mm (Schaltzustand \u00e4ndert sich NICHT)<\/td>\n<\/tr>\n<tr>\n<td><\/td>\n<td>4,3 mm (Gesamtweg)<\/td>\n<\/tr>\n<tr>\n<td>Bet\u00e4tigungskraft<\/td>\n<td>44 N NC + NO Zustands\u00e4nderung der Kontakte<\/td>\n<\/tr>\n<tr>\n<td>Mechanische Lebensdauer<\/td>\n<td>300.000 Schaltspiele<\/td>\n<\/tr>\n<tr>\n<td>Anschl\u00fcsse &#8211; Klemmen<\/td>\n<td>Schraubklemmen<\/td>\n<\/tr>\n<tr>\n<td><\/td>\n<td>&lt;= 2 x 1,5 mm\u00b2 (mit Aderendh\u00fclsen)<\/td>\n<\/tr>\n<tr>\n<td>Anzugsdrehmoment<\/td>\n<td>0.8\u20261.2 N.m<\/td>\n<\/tr>\n<tr>\n<td>Kontaktmaterial<\/td>\n<td>Silberlegierung (Ag\/Ni)<\/td>\n<\/tr>\n<tr>\n<td>Kurzschlussschutz<\/td>\n<td>10 A Feinsicherung Typ gG<\/td>\n<\/tr>\n<tr>\n<td>Elektrische Lebensdauer<\/td>\n<td>1.000.000 Zyklen (AC-15, 2 A bei 230 V)<\/td>\n<\/tr>\n<tr>\n<td>Sicherheitsnormen<\/td>\n<td>EN\/IEC 60204-1, EN\/IEC 60947-1 und weitere<\/td>\n<\/tr>\n<\/tbody>\n<\/table>\n<p>Sicherheitsnormen: EN\/IEC 60204-1, EN\/IEC 60947-1, EN\/IEC 60947-5-4, EN\/ISO 13850, JIS C 4520, IEC 60364-5-53, EN\/IEC 60947-5-5, UL 508, CSA C22.2 No 14, EN\/IEC 60947-5-1<\/p>\n<h2>Hauptmerkmale des XALK178 Schneider Kunststoff Gelb Rot (Kompletter Geh\u00e4useschalter)<\/h2>\n<ul>\n<li>Langlebig und best\u00e4ndig gegen St\u00f6\u00dfe, Wasser, Staub und Korrosion<\/li>\n<li>Einfache Installation und Wartung<\/li>\n<li>Not-Halt- und Not-Aus-Funktionen<\/li>\n<li>Breiter Betriebstemperaturbereich (-40\u00b0C bis 70\u00b0C)<\/li>\n<li>Hohe Energieeffizienz und elektrische Langlebigkeit<\/li>\n<\/ul>\n<h2>Schaltschrank-Details von XALK178 Schneider Kunststoff Gelb Rot (Komplettes Geh\u00e4use)<\/h2>\n<ul>\n<li>1 roter Pilzdrucktaster mit einem Durchmesser von 40 mm<\/li>\n<li>1 NC (Normally Closed) unmarkierter Markierungskontakt<\/li>\n<li>Zum Entriegeln drehen f\u00fcr Abschaltung<\/li>\n<\/ul>\n<p>Energieeffizienz: Das Produkt bietet einen effizienten Energieverbrauch.<\/p>\n","protected":false},"excerpt":{"rendered":"<ul>\n<li>Modell-Nr: XALK178<\/li>\n<li>Beschreibung: XALK178 Schneider Kunststoff Gelb Rot (Kompletter Schaltschrank) ist f\u00fcr die einfache Notabschaltung von Maschinen ohne dauerhafte \u00c4nderungen konzipiert.<\/li>\n<li>Sto\u00df-, staub-, wasser- und korrosionsbest\u00e4ndig (IP69 \/ IP67 \/ IP66 \/ IP69K)<\/li>\n<li>Betriebstemperaturbereich: -40\u00b0C bis 70\u00b0C \u2022 Einfache Installation und Wartung<\/li>\n<li>Not-Halt- und Abschaltfunktionen<\/li>\n<li>Energieeffizientes und langlebiges Design<\/li>\n<\/ul>\n","protected":false},"featured_media":5237,"comment_status":"open","ping_status":"closed","template":"","meta":[],"product_brand":[],"product_cat":[608],"product_tag":[],"class_list":{"0":"post-9157","1":"product","2":"type-product","3":"status-publish","4":"has-post-thumbnail","6":"product_cat-isf-elevator-gmbh","8":"first","9":"instock","10":"taxable","11":"shipping-taxable","12":"purchasable","13":"product-type-simple"},"_links":{"self":[{"href":"https:\/\/isfelevatorshop.de\/de\/wp-json\/wp\/v2\/product\/9157","targetHints":{"allow":["GET"]}}],"collection":[{"href":"https:\/\/isfelevatorshop.de\/de\/wp-json\/wp\/v2\/product"}],"about":[{"href":"https:\/\/isfelevatorshop.de\/de\/wp-json\/wp\/v2\/types\/product"}],"replies":[{"embeddable":true,"href":"https:\/\/isfelevatorshop.de\/de\/wp-json\/wp\/v2\/comments?post=9157"}],"version-history":[{"count":0,"href":"https:\/\/isfelevatorshop.de\/de\/wp-json\/wp\/v2\/product\/9157\/revisions"}],"wp:featuredmedia":[{"embeddable":true,"href":"https:\/\/isfelevatorshop.de\/de\/wp-json\/wp\/v2\/media\/5237"}],"wp:attachment":[{"href":"https:\/\/isfelevatorshop.de\/de\/wp-json\/wp\/v2\/media?parent=9157"}],"wp:term":[{"taxonomy":"product_brand","embeddable":true,"href":"https:\/\/isfelevatorshop.de\/de\/wp-json\/wp\/v2\/product_brand?post=9157"},{"taxonomy":"product_cat","embeddable":true,"href":"https:\/\/isfelevatorshop.de\/de\/wp-json\/wp\/v2\/product_cat?post=9157"},{"taxonomy":"product_tag","embeddable":true,"href":"https:\/\/isfelevatorshop.de\/de\/wp-json\/wp\/v2\/product_tag?post=9157"}],"curies":[{"name":"wp","href":"https:\/\/api.w.org\/{rel}","templated":true}]}}