{"id":9151,"date":"2023-09-22T10:33:51","date_gmt":"2023-09-22T10:33:51","guid":{"rendered":"https:\/\/isfelevatorshop.de\/s8fs-c15024j-omron-netzteil\/"},"modified":"2023-09-22T10:33:51","modified_gmt":"2023-09-22T10:33:51","slug":"s8fs-c15024j-omron-netzteil","status":"publish","type":"product","link":"https:\/\/isfelevatorshop.de\/de\/s8fs-c15024j-omron-netzteil\/","title":{"rendered":"S8FS-C15024J Omron Netzteil"},"content":{"rendered":"<h2>Omron Power Supply S8FS-C15024J: Ihre zuverl\u00e4ssige Stromversorgungsl\u00f6sung f\u00fcr Stabilit\u00e4t und Effizienz<\/h2>\n<p>Omron Power Supply (<strong>S8FS-C15024J<\/strong>) ist ein Schaltnetzteil aus der S8FS-C-Serie von Omron. Es handelt sich um eine zuverl\u00e4ssige Basis-Stromversorgung, die zu einem stabilen Ger\u00e4tebetrieb beitr\u00e4gt. Dieses einphasige 150-W-Schaltnetzteil mit einem 24-VDC-Ausgang bei 6,5 A bietet eine breite Palette an Funktionen und Vorteilen, die auf industrielle Anwendungen zugeschnitten sind. Die wichtigsten Spezifikationen dieses Netzteils sind wie folgt.   <\/p>\n<h2>Produktspezifikationen f\u00fcr Omron Netzteil S8FS-C15024J<\/h2>\n<table>\n<thead>\n<tr>\n<th><strong>Spezifikation<\/strong><\/th>\n<th><strong>Beschreibung<\/strong><\/th>\n<\/tr>\n<\/thead>\n<tbody>\n<tr>\n<td><strong>Gewicht<\/strong><\/td>\n<td>0.5 kg<\/td>\n<\/tr>\n<tr>\n<td><strong>Abmessungen<\/strong><\/td>\n<td>24 \u00d7 13 \u00d7 7 cm<\/td>\n<\/tr>\n<tr>\n<td><strong>Marke<\/strong><\/td>\n<td>Omron<\/td>\n<\/tr>\n<tr>\n<td><strong>Produkt\u00fcbersicht<\/strong><\/td>\n<td>Das Omron Netzteil S8FS-C15024J ist ein zuverl\u00e4ssiges Schaltnetzteil aus der Omron S8FS-C Serie. Es gew\u00e4hrleistet einen stabilen Ger\u00e4tebetrieb mit einer Ausgangsleistung von 150W bei 24 VDC.<\/td>\n<\/tr>\n<\/tbody>\n<\/table>\n<h2>Wichtigste Spezifikationen des Omron Netzteil S8FS-C15024J<\/h2>\n<table data-sourcepos=\"5:1-11:152\">\n<tbody>\n<tr data-sourcepos=\"5:1-5:25\">\n<th data-sourcepos=\"5:1-5:9\">Funktion<\/th>\n<th data-sourcepos=\"5:11-5:23\">Erl\u00e4uterung<\/th>\n<\/tr>\n<tr data-sourcepos=\"7:1-7:129\">\n<td data-sourcepos=\"7:1-7:30\"><strong>Weiter Eingangsspannungsbereich<\/strong><\/td>\n<td data-sourcepos=\"7:32-7:127\">Das S8FS-C15024J kann mit einer Vielzahl von Eingangsspannungen betrieben werden und ist somit ideal f\u00fcr den weltweiten Einsatz.<\/td>\n<\/tr>\n<tr data-sourcepos=\"8:1-8:121\">\n<td data-sourcepos=\"8:1-8:21\"><strong>Weiter Eingangsspannungsbereich<\/strong><\/td>\n<td data-sourcepos=\"8:23-8:119\">Das S8FS-C15024J kann mit einer Vielzahl von Eingangsspannungen betrieben werden und ist somit ideal f\u00fcr den weltweiten Einsatz.<\/td>\n<\/tr>\n<tr data-sourcepos=\"9:1-9:116\">\n<td data-sourcepos=\"9:1-9:20\"><strong>Kompaktes Design<\/strong><\/td>\n<td data-sourcepos=\"9:22-9:114\">Das S8FS-C15024J weist eine relativ geringe Baugr\u00f6\u00dfe auf, was eine einfache Installation unter beengten Platzverh\u00e4ltnissen erm\u00f6glicht.<\/td>\n<\/tr>\n<tr data-sourcepos=\"10:1-10:144\">\n<td data-sourcepos=\"10:1-10:26\"><strong>Langlebige Konstruktion<\/strong><\/td>\n<td data-sourcepos=\"10:28-10:142\">Das S8FS-C15024J ist in einem Metallgeh\u00e4use untergebracht und wurde unter Einhaltung verschiedener Umweltstandards getestet.<\/td>\n<\/tr>\n<tr data-sourcepos=\"11:1-11:152\">\n<td data-sourcepos=\"11:1-11:33\"><strong>Vielfalt an Montageoptionen<\/strong><\/td>\n<td data-sourcepos=\"11:35-11:150\">Das S8FS-C15024J kann direkt oder auf einer DIN-Schiene montiert werden, was den Anwendern Flexibilit\u00e4t bei ihren Installationsm\u00f6glichkeiten bietet.<\/td>\n<\/tr>\n<\/tbody>\n<\/table>\n<h2>Produkt-Highlights des Omron Netzteils S8FS-C15024J<\/h2>\n<ol>\n<li><strong>Breiter Eingangsspannungsbereich:<\/strong> Das S8FS-C15024J kann an verschiedene Eingangsspannungen angepasst werden, was es zu einer idealen Wahl f\u00fcr weltweite Anwendungen macht.<\/li>\n<li><strong>Hohe Effizienz:<\/strong> Mit einem beeindruckenden Wirkungsgrad von bis zu 87 % minimiert dieses Netzteil den Energieverlust, reduziert die W\u00e4rmeentwicklung und spart Kosten.<\/li>\n<li><strong>Kompaktes Design:<\/strong> Seine relativ geringe Stellfl\u00e4che erm\u00f6glicht eine einfache Installation in begrenzten Platzverh\u00e4ltnissen und maximiert Ihre Installationsm\u00f6glichkeiten.<\/li>\n<li><strong>Robuste Konstruktion:<\/strong> Eingeschlossen in einem stabilen Metallgeh\u00e4use erf\u00fcllt das S8FS-C15024J strenge Umweltstandards und gew\u00e4hrleistet Langlebigkeit selbst in anspruchsvollen industriellen Umgebungen.<\/li>\n<li><strong>Vielseitige Montageoptionen:<\/strong> Sie k\u00f6nnen es direkt oder auf einer DIN-Schiene montieren, was Flexibilit\u00e4t bei Ihrer Installationskonfiguration bietet.<\/li>\n<\/ol>\n<h2>Zus\u00e4tzliche Merkmale des Omron Netzteils S8FS-C15024J<\/h2>\n<ul>\n<li><strong>Kurzschlussschutz:<\/strong> Sch\u00fctzt Ihre Ausr\u00fcstung, indem die Stromzufuhr im Falle eines Kurzschlusses unterbrochen wird.<\/li>\n<li><strong>\u00dcberlastschutz:<\/strong> Verhindert Sch\u00e4den durch Trennen der Stromversorgung, wenn eine \u00fcberm\u00e4\u00dfige Last erkannt wird.<\/li>\n<li><strong>\u00dcberspannungsschutz:<\/strong> Sch\u00fctzt vor Hochspannungsbedingungen und verl\u00e4ngert die Lebensdauer Ihrer Ger\u00e4te.<\/li>\n<li><strong>Temperaturschutz:<\/strong> Schaltet das System ab, wenn die sicheren Betriebstemperaturen \u00fcberschritten werden.<\/li>\n<li><strong>LED-Anzeigen:<\/strong> Zeigt verschiedene Systemzust\u00e4nde zur einfachen \u00dcberwachung \u00fcbersichtlich an.<\/li>\n<\/ul>\n<h2>FAQ zur Omron-Stromversorgung S8FS-C15024J<\/h2>\n<h3>F\u00fcr welche Anwendungen ist es ideal geeignet?<\/h3>\n<p>S8FS-C15024J ist ideal f\u00fcr die Stromversorgung von Motoren, Sensoren, Aktoren und allen Ger\u00e4ten, die eine 24 VDC Spannungsquelle ben\u00f6tigen, was es zu einer vielseitigen L\u00f6sung f\u00fcr industrielle Automatisierungssysteme und mehr macht.<\/p>\n<h2>Wie wird es montiert?<\/h2>\n<p>A: Sie haben die Flexibilit\u00e4t, dieses Netzteil entweder direkt oder auf einer DIN-Schiene zu montieren, ganz nach Ihren spezifischen Installationsanforderungen.<\/p>\n<h3>Was sind die Ausgangsnennleistungen?<\/h3>\n<p>A: Das S8FS-C15024J liefert 150 Watt Leistung mit einem 24 VDC Ausgang bei 6,5 A und gew\u00e4hrleistet so eine zuverl\u00e4ssige Stromquelle f\u00fcr Ihre Ausr\u00fcstung.<\/p>\n<h2>Omron Power Supply S8FS-C15024J Preis?<\/h2>\n<p>Die Preisinformationen f\u00fcr das Omron Power Supply S8FS-C15024J finden Sie auf dieser Produktseite. Vielen Dank f\u00fcr Ihr Interesse am Omron Power Supply (S8FS-C15024J), erh\u00e4ltlich im ISF Elevator Shop. <\/p>\n","protected":false},"excerpt":{"rendered":"<ul>\n<li>Model No: S8FS-C15024J<\/li>\n<li>Beschreibung: Omron Power Supply (S8FS-C15024J)<\/li>\n<\/ul>\n<p><strong>Eigenschaften:<\/strong><\/p>\n<ul>\n<li>Breiter Eingangsspannungsbereich: Anpassbar an verschiedene Eingangsspannungen f\u00fcr weltweite Anwendungen.<\/li>\n<li>Hohe Effizienz: Bis zu 87 % Wirkungsgrad reduzieren Energieverluste und sparen Kosten.<\/li>\n<li>Kompaktes Design: Passt in begrenzte R\u00e4ume f\u00fcr eine flexible Installation.<\/li>\n<li>Robuste Konstruktion: Das stabile Metallgeh\u00e4use entspricht den Umweltstandards.<\/li>\n<li>Vielseitige Montageoptionen: Kann direkt oder auf einer DIN-Schiene montiert werden.<\/li>\n<li>Kurzschlussschutz: Sch\u00fctzt die Ausr\u00fcstung im Falle eines Kurzschlusses.<\/li>\n<li>\u00dcberlastschutz: Verhindert Sch\u00e4den durch \u00fcberm\u00e4\u00dfige Lasten.<\/li>\n<li>\u00dcberspannungsschutz: Sch\u00fctzt vor Hochspannungszust\u00e4nden.<\/li>\n<li>Temperaturschutz: Schaltet das System ab, wenn sichere Temperaturen \u00fcberschritten werden.<\/li>\n<li>LED-Anzeigen: Zeigt Systemstati \u00fcbersichtlich f\u00fcr eine einfache \u00dcberwachung an.<\/li>\n<\/ul>\n","protected":false},"featured_media":9083,"comment_status":"open","ping_status":"closed","template":"","meta":[],"product_brand":[],"product_cat":[608],"product_tag":[],"class_list":{"0":"post-9151","1":"product","2":"type-product","3":"status-publish","4":"has-post-thumbnail","6":"product_cat-isf-elevator-gmbh","8":"first","9":"outofstock","10":"taxable","11":"shipping-taxable","12":"purchasable","13":"product-type-simple"},"_links":{"self":[{"href":"https:\/\/isfelevatorshop.de\/de\/wp-json\/wp\/v2\/product\/9151","targetHints":{"allow":["GET"]}}],"collection":[{"href":"https:\/\/isfelevatorshop.de\/de\/wp-json\/wp\/v2\/product"}],"about":[{"href":"https:\/\/isfelevatorshop.de\/de\/wp-json\/wp\/v2\/types\/product"}],"replies":[{"embeddable":true,"href":"https:\/\/isfelevatorshop.de\/de\/wp-json\/wp\/v2\/comments?post=9151"}],"version-history":[{"count":0,"href":"https:\/\/isfelevatorshop.de\/de\/wp-json\/wp\/v2\/product\/9151\/revisions"}],"wp:featuredmedia":[{"embeddable":true,"href":"https:\/\/isfelevatorshop.de\/de\/wp-json\/wp\/v2\/media\/9083"}],"wp:attachment":[{"href":"https:\/\/isfelevatorshop.de\/de\/wp-json\/wp\/v2\/media?parent=9151"}],"wp:term":[{"taxonomy":"product_brand","embeddable":true,"href":"https:\/\/isfelevatorshop.de\/de\/wp-json\/wp\/v2\/product_brand?post=9151"},{"taxonomy":"product_cat","embeddable":true,"href":"https:\/\/isfelevatorshop.de\/de\/wp-json\/wp\/v2\/product_cat?post=9151"},{"taxonomy":"product_tag","embeddable":true,"href":"https:\/\/isfelevatorshop.de\/de\/wp-json\/wp\/v2\/product_tag?post=9151"}],"curies":[{"name":"wp","href":"https:\/\/api.w.org\/{rel}","templated":true}]}}