{"id":9149,"date":"2023-09-19T16:43:58","date_gmt":"2023-09-19T16:43:58","guid":{"rendered":"https:\/\/isfelevatorshop.de\/arkel-etcm-netzwerk-anschlussmodul\/"},"modified":"2023-09-19T16:43:58","modified_gmt":"2023-09-19T16:43:58","slug":"arkel-etcm-netzwerk-anschlussmodul","status":"publish","type":"product","link":"https:\/\/isfelevatorshop.de\/de\/arkel-etcm-netzwerk-anschlussmodul\/","title":{"rendered":"Arkel ETCM Netzwerk-Anschlussmodul"},"content":{"rendered":"<div class=\"group w-full text-token-text-primary border-b border-black\/10 dark:border-gray-900\/50 bg-gray-50 dark:bg-[#444654]\" data-testid=\"conversation-turn-3\">\n<div class=\"p-4 justify-center text-base md:gap-6 md:py-6 m-auto\">\n<div class=\"flex flex-1 gap-4 text-base mx-auto md:gap-6 md:max-w-2xl lg:max-w-[38rem] xl:max-w-3xl }\">\n<div class=\"relative flex w-[calc(100%-50px)] flex-col gap-1 md:gap-3 lg:w-[calc(100%-115px)]\">\n<div class=\"flex flex-grow flex-col gap-3 max-w-full\">\n<div class=\"min-h-[20px] flex flex-col items-start gap-3 overflow-x-auto whitespace-pre-wrap break-words\">\n<div class=\"markdown prose w-full break-words dark:prose-invert light\">\n<h2>Arkel ETCM Netzwerk-Verbindungseinheit (Verbindung \u00fcber das Internet)<\/h2>\n<p><strong>Arkel ETCM<\/strong> Netzwerk-Anschlusseinheit (Verbindung via Internet) ist ein hochmodernes Internet-Konnektivit\u00e4tsmodul, das entwickelt wurde, um die Funktionen von Materialien f\u00fcr die Aufzugsteuerung zu erweitern, insbesondere f\u00fcr die peripheren Einheiten der <a title=\"https:\/\/isfelevatorshop.de\/arkel-arl-500-lift-controller-1001308\/\" href=\"https:\/\/isfelevatorshop.de\/arkel-arl-500-lift-controller-1001308\/\" target=\"_blank\" rel=\"noopener\">ARL-500<\/a>. Dieses innovative Produkt ist auf gro\u00dfe Geb\u00e4ude und komplexe Strukturen zugeschnitten und bietet eine optimierte Verwaltung und Wartung von Aufzugssystemen wie nie zuvor. <\/p>\n<h2>Hauptmerkmale der Arkel ETCM Netzwerk-Verbindungseinheit (Verbindung \u00fcber das Internet)<\/h2>\n<p><strong>Internet-Erreichbarkeit:<\/strong> Das ETCM-Modul bietet nahtlosen Internetzugang f\u00fcr ARL500-Peripherieger\u00e4te und erschlie\u00dft das Potenzial f\u00fcr Fernsteuerung und Wartung, unabh\u00e4ngig von Ihrem Standort.<\/p>\n<p><strong>Kompatibilit\u00e4t in Bestform:<\/strong> ETCM l\u00e4sst sich nahtlos in die Peripherieger\u00e4te der Arkel ARL-500 integrieren und gew\u00e4hrleistet so ein harmonisches und effizientes System.<\/p>\n<p><strong>M\u00fchelose Installation:<\/strong> Das Design des Moduls legt Wert auf Einfachheit und erm\u00f6glicht eine schnelle und reibungslose Installation. Dies f\u00fchrt zu verk\u00fcrzten Betriebszeiten und Kosteneinsparungen. <\/p>\n<h2>Vorteile und Highlights der Arkel ETCM Netzwerk-Verbindungseinheit (Verbindung \u00fcber das Internet)<\/h2>\n<p><strong>Gesteigerte Effizienz:<\/strong> Mit dem Internetzugang wird die Verwaltung und Wartung von Aufzugsanlagen schneller und effizienter, was minimale Ausfallzeiten gew\u00e4hrleistet.<\/p>\n<p><strong>Kosteneffiziente L\u00f6sung:<\/strong> Die Fernzugriffsfunktion reduziert den Bedarf an Vor-Ort-Wartungen erheblich, was im Laufe der Zeit zu substanziellen Kosteneinsparungen f\u00fchrt.<\/p>\n<p><strong>Erh\u00f6hte Sicherheit:<\/strong> Arkel ETCM erm\u00f6glicht es Ihnen, Systemfehler umgehend zu erkennen und schnell zu beheben, wodurch die Gesamtsicherheit Ihrer Aufzugsanlage gesteigert wird.<\/p>\n<h2>FAQ \u00fcber Arkel ETCM<\/h2>\n<h3>Ist die Installation der Arkel ETCM Netzwerk-Verbindungseinheit schwierig?<\/h3>\n<p>Ganz und gar nicht. Arkel ETCM verf\u00fcgt \u00fcber eine benutzerfreundliche Schnittstelle, die die Installation zu einem unkomplizierten Prozess macht. Es l\u00e4sst sich nahtlos in ARL-500 Peripherieger\u00e4te integrieren.  <\/p>\n<h3>Auf welche ARL-500 Peripherieger\u00e4te kann ich mit Arkel ETCM zugreifen?<\/h3>\n<p>Arkel ETCM bietet Internetzugang f\u00fcr alle ARL-500 Peripherieger\u00e4te und bietet Ihnen die Flexibilit\u00e4t der Fernsteuerung und Wartung.<\/p>\n<h3>Kann Arkel ETCM mir helfen, Wartungskosten zu sparen?<\/h3>\n<p>Absolut. Die Fernzugriffsfunktion des Arkel ETCM reduziert den Bedarf an Wartungseins\u00e4tzen vor Ort erheblich, was langfristig zu erheblichen Kosteneinsparungen f\u00fchrt. <\/p>\n<h3>Kann Arkel ETCM die Aufzugssicherheit verbessern?<\/h3>\n<p>In der Tat ist Arkel ETCM darauf ausgelegt, Systemfehler umgehend zu erkennen und eine schnelle Behebung zu erm\u00f6glichen, wodurch die Gesamtsicherheit Ihrer Aufzugsteuerung erh\u00f6ht wird.<\/p>\n<p>Vertrauen Sie auf die Arkel ETCM Netzwerk-Verbindungseinheit, um die Leistung und Sicherheit Ihres Aufzugssystems zu steigern. F\u00fcr detailliertere Informationen oder zum Erwerb dieser zukunftsweisenden L\u00f6sung besuchen Sie bitte noch heute den <a href=\"https:\/\/isfelevatorshop.de\/de\/\" target=\"_new\" rel=\"noopener\">ISF Elevator Shop<\/a>. Unser Engagement f\u00fcr Spitzenleistungen stellt sicher, dass Ihr Aufzugssystem in f\u00e4higen H\u00e4nden ist.  <\/p>\n<\/div>\n<\/div>\n<\/div>\n<\/div>\n<\/div>\n<\/div>\n<\/div>\n","protected":false},"excerpt":{"rendered":"<ul>\n<li><strong>Modell Nr:<\/strong> ETCM<\/li>\n<li><strong>Beschreibung:<\/strong> Die Arkel ETCM Netzwerk-Anschlusseinheit ist ein hochmodernes Internet-Konnektivit\u00e4tsmodul, das entwickelt wurde, um die Funktionen von Aufzugsteuerungen zu revolutionieren, insbesondere f\u00fcr ARL-500 Peripherieeinheiten.<\/li>\n<\/ul>\n","protected":false},"featured_media":5054,"comment_status":"open","ping_status":"closed","template":"","meta":[],"product_brand":[],"product_cat":[636,611],"product_tag":[],"class_list":{"0":"post-9149","1":"product","2":"type-product","3":"status-publish","4":"has-post-thumbnail","6":"product_cat-arl-500-peripheriegerate","7":"product_cat-arkel","9":"first","10":"outofstock","11":"taxable","12":"shipping-taxable","13":"purchasable","14":"product-type-simple"},"_links":{"self":[{"href":"https:\/\/isfelevatorshop.de\/de\/wp-json\/wp\/v2\/product\/9149","targetHints":{"allow":["GET"]}}],"collection":[{"href":"https:\/\/isfelevatorshop.de\/de\/wp-json\/wp\/v2\/product"}],"about":[{"href":"https:\/\/isfelevatorshop.de\/de\/wp-json\/wp\/v2\/types\/product"}],"replies":[{"embeddable":true,"href":"https:\/\/isfelevatorshop.de\/de\/wp-json\/wp\/v2\/comments?post=9149"}],"version-history":[{"count":0,"href":"https:\/\/isfelevatorshop.de\/de\/wp-json\/wp\/v2\/product\/9149\/revisions"}],"wp:featuredmedia":[{"embeddable":true,"href":"https:\/\/isfelevatorshop.de\/de\/wp-json\/wp\/v2\/media\/5054"}],"wp:attachment":[{"href":"https:\/\/isfelevatorshop.de\/de\/wp-json\/wp\/v2\/media?parent=9149"}],"wp:term":[{"taxonomy":"product_brand","embeddable":true,"href":"https:\/\/isfelevatorshop.de\/de\/wp-json\/wp\/v2\/product_brand?post=9149"},{"taxonomy":"product_cat","embeddable":true,"href":"https:\/\/isfelevatorshop.de\/de\/wp-json\/wp\/v2\/product_cat?post=9149"},{"taxonomy":"product_tag","embeddable":true,"href":"https:\/\/isfelevatorshop.de\/de\/wp-json\/wp\/v2\/product_tag?post=9149"}],"curies":[{"name":"wp","href":"https:\/\/api.w.org\/{rel}","templated":true}]}}