{"id":9129,"date":"2023-10-01T08:40:45","date_gmt":"2023-10-01T08:40:45","guid":{"rendered":"https:\/\/isfelevatorshop.de\/eyl-8-langlebiger-polyurethan-aufzugspuffer-anpassbare-sicherheitsvorrichtung-fuer-erhoehten-schutz\/"},"modified":"2023-10-01T08:40:45","modified_gmt":"2023-10-01T08:40:45","slug":"eyl-8-langlebiger-polyurethan-aufzugspuffer-anpassbare-sicherheitsvorrichtung-fuer-erhoehten-schutz","status":"publish","type":"product","link":"https:\/\/isfelevatorshop.de\/de\/eyl-8-langlebiger-polyurethan-aufzugspuffer-anpassbare-sicherheitsvorrichtung-fuer-erhoehten-schutz\/","title":{"rendered":"Eyl-8 Langlebiger Polyurethan-Aufzugspuffer &#8211; Anpassbare Sicherheitsvorrichtung f\u00fcr Erh\u00f6hten Schutz"},"content":{"rendered":"<p>Ein Aufzug-Polyurethan-Puffer Eyl-8 ist eine Art von Aufzug-Sicherheitseinrichtung, die dazu dient, den Aufprall einer abw\u00e4rtsfahrenden Kabine oder eines Gegengewichts im Notfall zu d\u00e4mpfen. Er besteht aus langlebigem und belastbarem Polyurethan-Material, das hohen Temperaturen, Abrieb und Chemikalien standh\u00e4lt. Er ist zudem in Gr\u00f6\u00dfe und Festigkeit anpassbar, um verschiedenen Aufzugsgeschwindigkeiten und Anforderungen gerecht zu werden. Er entspricht verschiedenen Sicherheitsnormen und Richtlinien f\u00fcr Aufzugsanlagen.   <\/p>\n<hr>\n<p>Bei ISF Elevator Shop zeigt sich unser Engagement f\u00fcr erstklassige Aufzugsl\u00f6sungen in unserem sorgf\u00e4ltig ausgew\u00e4hlten Produktsortiment, einschlie\u00dflich des Eyl-8 Polyurethan-Puffers f\u00fcr Aufz\u00fcge \u2013 ein H\u00f6chstma\u00df an Sicherheit und Zuverl\u00e4ssigkeit. Da wir die entscheidende Bedeutung der Aufzugssicherheit verstehen, ist der Eyl-8 Puffer nicht nur als Komponente konzipiert, sondern als W\u00e4chter, der den sicheren und reibungslosen Betrieb Ihrer Aufzugssysteme gew\u00e4hrleistet. <\/p>\n<h2>Wichtige Highlights des Eyl-8 Polyurethan-Aufzugspuffers:<\/h2>\n<ul>\n<li><strong>\u00dcberlegene Materialqualit\u00e4t:<\/strong> Gefertigt aus erstklassigem Polyurethan, zeichnet sich der Eyl-8 Puffer durch seine au\u00dfergew\u00f6hnliche Haltbarkeit und Best\u00e4ndigkeit aus. Dieses Material wurde speziell aufgrund seiner F\u00e4higkeit ausgew\u00e4hlt, widrigen Bedingungen wie hohen Temperaturen, Abrieb und dem Kontakt mit verschiedenen Chemikalien standzuhalten. Seine Verschlei\u00dffestigkeit stellt sicher, dass Ihre Aufzugssysteme \u00fcber l\u00e4ngere Zeitr\u00e4ume gesch\u00fctzt und betriebsbereit bleiben, was f\u00fcr Sicherheit sorgt und den Wartungsaufwand reduziert.  <\/li>\n<li><strong>Anpassung f\u00fcr pr\u00e4zise Passform:<\/strong> Da wir die Vielfalt der Aufzugsdesigns und Betriebsgeschwindigkeiten ber\u00fccksichtigen, ist der Eyl-8 Puffer in einer Reihe von Gr\u00f6\u00dfen und St\u00e4rken erh\u00e4ltlich. Dieser ma\u00dfgeschneiderte Ansatz erm\u00f6glicht eine exakte Abstimmung auf Ihre spezifischen Anforderungen an den Aufzug und gew\u00e4hrleistet so optimale Leistung und Sicherheit. Durch die Ber\u00fccksichtigung der individuellen Bed\u00fcrfnisse jedes Aufzugssystems stellen wir sicher, dass jede Installation so effizient und effektiv wie m\u00f6glich ist.  <\/li>\n<li><strong>Vereinfachte Installation und Wartung:<\/strong> Das Design des Eyl-8 Puffers legt Wert auf eine einfache Installation und geringen Wartungsaufwand \u2013 zwei entscheidende Faktoren in der schnelllebigen Welt des Aufzugsmanagements. Dieser Fokus erleichtert nicht nur eine schnellere Einrichtung, sondern tr\u00e4gt auch zur Langlebigkeit des Puffers bei, wodurch Ausfallzeiten und die mit der routinem\u00e4\u00dfigen Wartung verbundenen Betriebskosten minimiert werden. <\/li>\n<li><strong>Kompromisslose Einhaltung von Sicherheitsstandards:<\/strong> Bei ISF Elevator Shop hat Sicherheit oberste Priorit\u00e4t. Der Eyl-8 Polyurethan-Aufzugspuffer entspricht strengen Sicherheitsstandards, einschlie\u00dflich EN 81-1 \/ 2: 1998 + A3: 2010-F5 Endformat, EN 81-20: 2015 und EN 81-50: 2014 sowie der Richtlinie 95\/16\/EG. Diese Konformit\u00e4t stellt sicher, dass unsere Produkte die notwendigen Sicherheitsanforderungen nicht nur erf\u00fcllen, sondern \u00fcbertreffen, und bietet sowohl Fahrg\u00e4sten als auch der Aufzugsinfrastruktur einen unvergleichlichen Schutz.  <\/li>\n<\/ul>\n<p>Auf Ihrer Suche nach zuverl\u00e4ssigen Aufzugskomponenten, die Qualit\u00e4t mit Kosteneffizienz vereinen, erweist sich der Eyl-8 Aufzug-Polyurethan-Puffer von ISF Elevator Shop als die klare Wahl. Unser unerm\u00fcdliches Engagement f\u00fcr Exzellenz spiegelt sich in der handwerklichen Qualit\u00e4t unserer Produkte wider, die darauf ausgelegt sind, die Sicherheit und Funktionalit\u00e4t Ihrer Aufz\u00fcge zu verbessern. <\/p>\n<p>Erfahren Sie mehr \u00fcber den Eyl-8 Aufzugspuffer aus Polyurethan und erkunden Sie unser umfangreiches Inventar an Aufzugsl\u00f6sungen auf der Webseite des ISF Elevator Shop. Steigern Sie die Sicherheit und Effizienz Ihres Aufzugs mit dem ISF Elevator Shop \u2013 wo Qualit\u00e4t auf Wirtschaftlichkeit im Bereich der Aufzugskomponenten trifft. <\/p>\n","protected":false},"excerpt":{"rendered":"<p><strong>Eyl-8 Aufzug-Polyurethan-Puffer &#8211; Erh\u00f6hen Sie Ihre Sicherheitsstandards<\/strong><\/p>\n<ul>\n<li><strong>Hochwertiges Polyurethan-Material:<\/strong> Gefertigt aus erstklassigem Polyurethan f\u00fcr unvergleichliche Haltbarkeit und Best\u00e4ndigkeit gegen Abrieb, Verschlei\u00df und Chemikalien, um eine langlebige Leistung zu gew\u00e4hrleisten.<\/li>\n<li><strong>Anpassbar an Ihre Anforderungen:<\/strong> Erh\u00e4ltlich in verschiedenen Gr\u00f6\u00dfen und St\u00e4rken, um exakt den spezifischen Anforderungen unterschiedlicher Aufzugstypen und Geschwindigkeiten zu entsprechen und so optimale Sicherheit und Funktionalit\u00e4t zu gew\u00e4hrleisten.<\/li>\n<li><strong>Einfache Installation &amp; geringer Wartungsaufwand:<\/strong> Entwickelt f\u00fcr eine reibungslose Installation und minimale Wartung, um Zeit und Ressourcen zu sparen und gleichzeitig eine konstante Leistung zu gew\u00e4hrleisten.<\/li>\n<li><strong>Strikte Sicherheitseinhaltung:<\/strong> Entspricht den wesentlichen Sicherheitsnormen, einschlie\u00dflich EN 81-1 \/ 2: 1998 + A3: 2010-F5 Endformat, EN 81-20: 2015, EN 81-50: 2014 und der Richtlinie 95\/16\/EG, und bietet Sicherheit durch erstklassige Sicherheitsmerkmale.<\/li>\n<li><strong>Verbesserter Aufzugschutz:<\/strong> Absorbiert den Aufprall einer herabsinkenden Kabine oder eines Gegengewichts im Notfall und erh\u00f6ht so die Sicherheit von Fahrg\u00e4sten und Ausr\u00fcstung erheblich.<\/li>\n<li><strong>Widerstandsf\u00e4hig gegen raue Bedingungen:<\/strong> H\u00e4lt hohen Temperaturen, \u00d6l, Fett und verschiedenen Chemikalien stand und ist somit f\u00fcr anspruchsvolle Umgebungen im Aufzugsbau geeignet.<\/li>\n<li><strong>Professionell &amp; Vertrauensw\u00fcrdig:<\/strong> Vom ISF Elevator Shop, einem Namen, der f\u00fcr Qualit\u00e4t und Zuverl\u00e4ssigkeit in der Aufzugbranche steht und sicherstellt, dass Ihre Aufz\u00fcge mit den besten verf\u00fcgbaren Sicherheitskomponenten ausgestattet sind.<\/li>\n<\/ul>\n","protected":false},"featured_media":9010,"comment_status":"open","ping_status":"closed","template":"","meta":[],"product_brand":[],"product_cat":[608],"product_tag":[],"class_list":{"0":"post-9129","1":"product","2":"type-product","3":"status-publish","4":"has-post-thumbnail","6":"product_cat-isf-elevator-gmbh","8":"first","9":"instock","10":"taxable","11":"shipping-taxable","12":"purchasable","13":"product-type-simple"},"_links":{"self":[{"href":"https:\/\/isfelevatorshop.de\/de\/wp-json\/wp\/v2\/product\/9129","targetHints":{"allow":["GET"]}}],"collection":[{"href":"https:\/\/isfelevatorshop.de\/de\/wp-json\/wp\/v2\/product"}],"about":[{"href":"https:\/\/isfelevatorshop.de\/de\/wp-json\/wp\/v2\/types\/product"}],"replies":[{"embeddable":true,"href":"https:\/\/isfelevatorshop.de\/de\/wp-json\/wp\/v2\/comments?post=9129"}],"version-history":[{"count":0,"href":"https:\/\/isfelevatorshop.de\/de\/wp-json\/wp\/v2\/product\/9129\/revisions"}],"wp:featuredmedia":[{"embeddable":true,"href":"https:\/\/isfelevatorshop.de\/de\/wp-json\/wp\/v2\/media\/9010"}],"wp:attachment":[{"href":"https:\/\/isfelevatorshop.de\/de\/wp-json\/wp\/v2\/media?parent=9129"}],"wp:term":[{"taxonomy":"product_brand","embeddable":true,"href":"https:\/\/isfelevatorshop.de\/de\/wp-json\/wp\/v2\/product_brand?post=9129"},{"taxonomy":"product_cat","embeddable":true,"href":"https:\/\/isfelevatorshop.de\/de\/wp-json\/wp\/v2\/product_cat?post=9129"},{"taxonomy":"product_tag","embeddable":true,"href":"https:\/\/isfelevatorshop.de\/de\/wp-json\/wp\/v2\/product_tag?post=9129"}],"curies":[{"name":"wp","href":"https:\/\/api.w.org\/{rel}","templated":true}]}}