{"id":8921,"date":"2023-12-20T18:29:24","date_gmt":"2023-12-20T18:29:24","guid":{"rendered":"https:\/\/isfelevatorshop.de\/aufzug-ups-rd-1500-60v-arkel-stabile-stromversorgung\/"},"modified":"2023-12-20T18:29:24","modified_gmt":"2023-12-20T18:29:24","slug":"aufzug-ups-rd-1500-60v-arkel-stabile-stromversorgung","status":"publish","type":"product","link":"https:\/\/isfelevatorshop.de\/de\/aufzug-ups-rd-1500-60v-arkel-stabile-stromversorgung\/","title":{"rendered":"Aufzug-UPS RD-1500 60V Arkel Stabile Stromversorgung"},"content":{"rendered":"<p><strong>Aufzug-USV<\/strong> <strong>RD-1500 60V<\/strong> ist eine <strong>unterbrechungsfreie Stromversorgung<\/strong> (<strong>USV<\/strong>), die f\u00fcr industrielle Anwendungen, insbesondere f\u00fcr Aufzugsteuerungen, entwickelt wurde. Sie stellt den kontinuierlichen Betrieb kritischer Systeme im Falle eines Stromausfalls sicher. <\/p>\n<h2>Aufzug-USV RD-1500 60V Produktspezifikationen<\/h2>\n<table>\n<thead>\n<tr>\n<th><strong>Merkmal<\/strong><\/th>\n<th><strong>Beschreibung<\/strong><\/th>\n<\/tr>\n<\/thead>\n<tbody>\n<tr>\n<td><strong>Produktname<\/strong><\/td>\n<td> Aufzug USV RD-1500 60V<\/td>\n<\/tr>\n<tr>\n<td><strong>Gewicht<\/strong><\/td>\n<td>1.8 kg<\/td>\n<\/tr>\n<tr>\n<td><strong>Abmessungen<\/strong><\/td>\n<td>24 cm (L\u00e4nge) \u00d7 9 cm (Breite) \u00d7 20 cm (H\u00f6he)<\/td>\n<\/tr>\n<\/tbody>\n<\/table>\n<p><strong>\u00dcbersicht:<\/strong> Arkel RD-1500 60V ist eine kompakte und leichte unterbrechungsfreie Stromversorgung (UPS), die f\u00fcr verschiedene Anwendungen entwickelt wurde. Nachfolgend finden Sie die wichtigsten Spezifikationen f\u00fcr Anwender, die mit dem Produkt nicht vertraut sind: <\/p>\n<ol>\n<li><strong>Gewicht: <\/strong>Die USV hat ein Gewicht von 1,8 kg, was sie leicht transportierbar und f\u00fcr verschiedene Konfigurationen geeignet macht.<\/li>\n<li><strong>Abmessungen: <\/strong>Die Abmessungen der UPS betragen 24 cm in der L\u00e4nge, 9 cm in der Breite und 20 cm in der H\u00f6he. Diese kompakten Ma\u00dfe stellen sicher, dass das Ger\u00e4t in beengte Platzverh\u00e4ltnisse passt und vielseitig f\u00fcr verschiedene Installationen einsetzbar ist. <\/li>\n<li><strong>Zweck: <\/strong>Das Modell RD-1500 60V ist f\u00fcr eine unterbrechungsfreie Stromversorgung konzipiert und gew\u00e4hrleistet den kontinuierlichen Betrieb der angeschlossenen Ger\u00e4te bei Stromausf\u00e4llen oder Netzschwankungen.<\/li>\n<li><strong>Spannungskompatibilit\u00e4t: <\/strong>Dieses USV-Modell ist f\u00fcr 60V-Anwendungen optimiert und deckt spezifische Spannungsanforderungen f\u00fcr verschiedene elektronische Ger\u00e4te ab.<\/li>\n<li><strong>Handhabung: <\/strong>Dank seiner leichten Bauweise und kompakten Abmessungen ist die Arkel Elevator UPS leicht transportabel und sowohl f\u00fcr den Einsatz in Wohngeb\u00e4uden als auch in B\u00fcros geeignet.<\/li>\n<li><strong>Anwendungen: <\/strong>Ideal f\u00fcr den Einsatz in Aufz\u00fcgen gew\u00e4hrleistet die USV, dass Aufzugssysteme auch bei Unterbrechungen der Stromversorgung reibungslos funktionieren, wobei die Sicherheit und der Komfort der Fahrg\u00e4ste an erster Stelle stehen.<\/li>\n<li><strong>Verarbeitungsqualit\u00e4t: <\/strong>Die USV ist aus hochwertigen Materialien gefertigt und bietet Langlebigkeit sowie Zuverl\u00e4ssigkeit bei der Gew\u00e4hrleistung einer stabilen Stromversorgung f\u00fcr die angeschlossenen Ger\u00e4te.<\/li>\n<li><strong>Benutzerfreundliches Design: <\/strong>Das Design der UPS ist benutzerfreundlich gestaltet, mit einfachen Bedienelementen und Anzeigen f\u00fcr eine problemlose \u00dcberwachung und Bedienung.<\/li>\n<\/ol>\n<h2>Arkel Elevator <strong>UPS RD 1500 60V Merkmale<\/strong><\/h2>\n<ul>\n<li><strong>Hohe Kapazit\u00e4t:<\/strong> Mit einer Kapazit\u00e4t von 1500 \/ 60V kann dieses Produkt selbst intensivste Stromanforderungen erf\u00fcllen.<\/li>\n<li><strong>Fortschrittliche Technologie:<\/strong> Die Funktion der unterbrechungsfreien Stromversorgung stellt sicher, dass Ihre Aufzugsteuerung auch bei Stromausf\u00e4llen weiterarbeitet.<\/li>\n<li><strong>Zuverl\u00e4ssige Marke:<\/strong> ARKEL ist eine vertrauensw\u00fcrdige Marke im Bereich der Aufzugsteuerungen und industriellen Anwendungen.<\/li>\n<li><strong>Langlebiges Design:<\/strong> Diese USV erf\u00fcllt die branchen\u00fcblichen Qualit\u00e4ts- und Haltbarkeitsstandards.<\/li>\n<\/ul>\n<h2>Arkel UPS 1500 60V Vorteile und Hauptmerkmale<\/h2>\n<ul>\n<li>Ihre Aufzugsteuerungen bleiben dank der unterbrechungsfreien Stromversorgung auch bei Stromausf\u00e4llen weiterhin in Betrieb.<\/li>\n<li>ARKEL UPS \/ 1500 60V ist f\u00fcr seine Energieeffizienz und Zuverl\u00e4ssigkeit bekannt.<\/li>\n<li>Es gew\u00e4hrleistet den sicheren und effizienten Betrieb Ihrer Aufzugsteuerungen.<\/li>\n<li>Mit seiner fortschrittlichen Technologie unterst\u00fctzt es Sie bei der Deckung Ihres Energiebedarfs.<\/li>\n<\/ul>\n<h2>Was ist eine Aufzug-USV?<\/h2>\n<div class=\"flex-1 overflow-hidden\">\n<div class=\"react-scroll-to-bottom--css-fbrlb-79elbk h-full\">\n<div class=\"react-scroll-to-bottom--css-fbrlb-1n7m0yu\">\n<div class=\"flex flex-col pb-9 text-sm\">\n<div class=\"w-full text-token-text-primary\" data-testid=\"conversation-turn-11\">\n<div class=\"px-4 py-2 justify-center text-base md:gap-6 m-auto\">\n<div class=\"flex flex-1 text-base mx-auto gap-3 md:px-5 lg:px-1 xl:px-5 md:max-w-3xl lg:max-w-[40rem] xl:max-w-[48rem] } group final-completion\">\n<div class=\"relative flex w-full flex-col lg:w-[calc(100%-115px)] agent-turn\">\n<div class=\"flex-col gap-1 md:gap-3\">\n<div class=\"flex flex-grow flex-col max-w-full\">\n<div class=\"min-h-[20px] text-message flex flex-col items-start gap-3 whitespace-pre-wrap break-words [.text-message+&amp;]:mt-5 overflow-x-auto\" data-message-author-role=\"assistant\" data-message-id=\"93a3b4e7-8af2-48e5-92b5-2e9357aa0ea0\">\n<div class=\"markdown prose w-full break-words dark:prose-invert light\">\n<p>Ein USV-System (Unterbrechungsfreie Stromversorgung) f\u00fcr Aufz\u00fcge ist ein spezialisiertes Notstromsystem, das entwickelt wurde, um den kontinuierlichen und unterbrechungsfreien Betrieb von Aufz\u00fcgen bei Stromausf\u00e4llen oder Netzschwankungen zu gew\u00e4hrleisten. Dieses Ger\u00e4t f\u00e4llt in die Kategorie der Online-USV und besteht in der Regel aus drei Hauptkomponenten: einem Ladeger\u00e4t, Batterien und einem Frequenzumrichter. <\/p>\n<p>So funktioniert eine USV f\u00fcr einen Aufzug im Normalfall:<\/p>\n<ol>\n<li><strong>Stromquelle: <\/strong>Die Aufzug-USV ist an die Hauptstromversorgung angeschlossen, in der Regel an eine Dreiphasen-Stromquelle.<\/li>\n<li><strong>Lademodus: <\/strong>W\u00e4hrend des Normalbetriebs, wenn die Hauptstromversorgung verf\u00fcgbar ist, versorgt die Aufzug-USV gleichzeitig den Aufzug mit Strom und l\u00e4dt die Batterien auf.<\/li>\n<li><strong>Batterie-Backup: <\/strong>Im Falle eines Stromausfalls oder einer St\u00f6rung schaltet die Aufzug-UPS automatisch in den Batteriebetrieb um. Die in den Batterien gespeicherte Energie wird dann f\u00fcr den Betrieb des Aufzugs verwendet, wodurch die Betriebskontinuit\u00e4t gew\u00e4hrleistet wird. <\/li>\n<li><strong>Automatischer \u00dcbergang: <\/strong>Sobald die Hauptstromversorgung wiederhergestellt ist, schaltet die Aufzugs-Unterbrechungsfreie Stromversorgung (UPS) den Aufzug nahtlos zur\u00fcck auf die prim\u00e4re Stromquelle um. W\u00e4hrend dieses \u00dcbergangs werden die Batterien weiterhin aufgeladen, um auf k\u00fcnftige Stromunterbrechungen vorbereitet zu sein. <\/li>\n<li><strong>Automatischer \u00dcbergang: <\/strong>Sobald die Hauptstromversorgung wiederhergestellt ist, schaltet die Aufzugs-Unterbrechungsfreie Stromversorgung (UPS) den Aufzug nahtlos zur\u00fcck auf die prim\u00e4re Stromquelle um. W\u00e4hrend dieses \u00dcbergangs werden die Batterien weiterhin aufgeladen, um auf k\u00fcnftige Stromunterbrechungen vorbereitet zu sein. <\/li>\n<\/ol>\n<p>Der Hauptzweck einer Aufzug-UPS besteht darin, eine zuverl\u00e4ssige und konstante Stromquelle f\u00fcr Aufz\u00fcge bereitzustellen, um Unannehmlichkeiten, Verz\u00f6gerungen und potenzielle Sicherheitsrisiken zu vermeiden, die bei Stromausf\u00e4llen entstehen k\u00f6nnen. Aufzug-UPS-Systeme sind darauf ausgelegt, die spezifischen Leistungsanforderungen und Betriebseigenschaften von Aufz\u00fcgen zu erf\u00fcllen, und spielen eine entscheidende Rolle in verschiedenen Umgebungen, einschlie\u00dflich Gewerbegeb\u00e4uden, Wohnkomplexen, Industrieanlagen und mehr. <\/p>\n<\/div>\n<\/div>\n<\/div>\n<\/div>\n<\/div>\n<\/div>\n<\/div>\n<\/div>\n<\/div>\n<\/div>\n<\/div>\n<\/div>\n<h2>Wie funktioniert eine USV f\u00fcr den Aufzug?<\/h2>\n<p>Eine USV (Unterbrechungsfreie Stromversorgung) f\u00fcr Aufz\u00fcge arbeitet \u00fcber einen nahtlosen und automatischen Prozess, um eine unterbrechungsfreie Stromversorgung f\u00fcr Aufz\u00fcge bei Stromausf\u00e4llen zu gew\u00e4hrleisten. Hier ist eine \u00dcbersicht der Funktionsweise: <\/p>\n<ol>\n<li><strong>Normalbetrieb: <\/strong>Unter normalen Bedingungen ist die Aufzug-USV an die Hauptstromversorgung, in der Regel eine Drehstromquelle, angeschlossen. W\u00e4hrend dieser Zeit versorgt die USV den Aufzug mit Strom und l\u00e4dt gleichzeitig ihre Batterien auf. <\/li>\n<li><strong>Erkennung von Stromausf\u00e4llen: <\/strong>Im Falle eines Stromausfalls oder einer St\u00f6rung erkennt die Aufzug-USV den Verlust der Hauptstromversorgung.<\/li>\n<li><strong>Automatische Umschaltung auf Batteriebetrieb: <\/strong>Bei Erkennung eines Stromausfalls aktiviert die Aufzug-USV sofort den Batteriebetrieb. Dieser Modus erm\u00f6glicht es der USV, Strom aus der in ihren Batterien gespeicherten Energie zu beziehen. <\/li>\n<li><strong>Drei-Wege-Ausgang: <\/strong>Die Aufzugs-USV erzeugt einen Drei-Wege-Ausgang aus ihren Batterien und gew\u00e4hrleistet so eine kontinuierliche Stromversorgung der angeschlossenen Lasten, einschlie\u00dflich des Aufzugs. Dieser Ausgang ist entscheidend f\u00fcr die Aufrechterhaltung eines unterbrechungsfreien Betriebs. <\/li>\n<li><strong>Stromversorgung bei Stromausfall: <\/strong>Der Aufzug bleibt durch die von den Batterien gelieferte Energie in Betrieb, sodass Fahrg\u00e4ste ihre Fahrt ohne Unterbrechung fortsetzen k\u00f6nnen.<\/li>\n<li><strong>Automatische R\u00fcckkehr zur Hauptstromversorgung: <\/strong>Sobald die Hauptstromversorgung wiederhergestellt ist, schaltet die Aufzug-USV den Aufzug nahtlos auf die Prim\u00e4rquelle zur\u00fcck. Dieser \u00dcbergang erfolgt automatisch und schnell. <\/li>\n<li><strong>Batterieaufladung: <\/strong>Gleichzeitig mit der Umschaltung auf die Hauptstromquelle beginnt die Aufzug-UPS mit der Wiederaufladung ihrer Batterien. Dies stellt sicher, dass die Batterien aufgef\u00fcllt und f\u00fcr den n\u00e4chsten potenziellen Stromausfall bereit sind. <\/li>\n<li><strong>Schnelle Umschaltzeit: <\/strong>Die \u00dcbergangsphase vom Ausfall der Hauptstromversorgung bis zum Umschalten auf die Notstromversorgung dauert nur etwa 15 bis 20 Millisekunden. Diese kurze Zeitspanne gew\u00e4hrleistet eine schnelle und nahezu unmerkliche \u00dcbertragung, wodurch jegliche Unterbrechung des Aufzugsbetriebs minimiert wird. <\/li>\n<\/ol>\n<div class=\"w-full text-token-text-primary\" data-testid=\"conversation-turn-8\">\n<div class=\"px-4 py-2 justify-center text-base md:gap-6 m-auto\">\n<div class=\"flex flex-1 text-base mx-auto gap-3 md:px-5 lg:px-1 xl:px-5 md:max-w-3xl lg:max-w-[40rem] xl:max-w-[48rem] } group\">\n<div class=\"relative flex w-full flex-col lg:w-[calc(100%-115px)]\">\n<div class=\"flex-col gap-1 md:gap-3\">\n<div class=\"flex flex-grow flex-col max-w-full\">\n<div class=\"min-h-[20px] text-message flex flex-col items-start gap-3 whitespace-pre-wrap break-words [.text-message+&amp;]:mt-5 overflow-x-auto\" data-message-author-role=\"user\" data-message-id=\"aaa267b2-204f-4fb4-b178-6af5435dad4b\">\n<h2>Anwendungen von Aufzug-USV?<\/h2>\n<\/div>\n<\/div>\n<\/div>\n<\/div>\n<\/div>\n<\/div>\n<\/div>\n<p>Aufzug-UPS-Systeme finden in verschiedenen Anwendungen Einsatz und bieten eine zuverl\u00e4ssige und unterbrechungsfreie Stromversorgung f\u00fcr Aufz\u00fcge und Lifte. Zu den wichtigsten Anwendungen geh\u00f6ren: <\/p>\n<ol>\n<li><strong>Gewerbegeb\u00e4ude: <\/strong>Elevator-USV-Einheiten werden h\u00e4ufig in Gewerbegeb\u00e4uden wie B\u00fcros, Einkaufszentren und Hotels eingesetzt, um einen reibungslosen und kontinuierlichen Aufzugsbetrieb auch bei Stromausf\u00e4llen zu gew\u00e4hrleisten. Dies tr\u00e4gt dazu bei, ein nahtloses Erlebnis f\u00fcr Kunden und Besucher aufrechtzuerhalten. <\/li>\n<li><strong>Industrieanlagen: <\/strong>In industriellen Umgebungen, in denen Aufz\u00fcge f\u00fcr den vertikalen Transport von G\u00fctern und Personal unerl\u00e4sslich sind, spielen Aufzugs-USV-Systeme eine entscheidende Rolle bei der Vermeidung von Unterbrechungen, die durch Stromschwankungen oder -ausf\u00e4lle verursacht werden.<\/li>\n<li><strong>Wohnkomplexe: <\/strong>Elevator UPS-L\u00f6sungen werden zunehmend in Wohngeb\u00e4uden eingesetzt, um die Sicherheit und den Komfort der Bewohner zu erh\u00f6hen. Sie stellen sicher, dass Aufz\u00fcge bei Unterbrechungen der Stromversorgung weiterhin funktionieren, und verhindern so Unannehmlichkeiten oder potenzielle Sicherheitsprobleme. <\/li>\n<li><strong>Krankenh\u00e4user und Gesundheitseinrichtungen: <\/strong>Aufz\u00fcge in Krankenh\u00e4usern sind entscheidend f\u00fcr den schnellen und effizienten Transport von Patienten, Personal und medizinischer Ausr\u00fcstung. Aufzug-USV-Systeme bieten eine zuverl\u00e4ssige Stromquelle und gew\u00e4hrleisten einen unterbrechungsfreien Betrieb, insbesondere in Notf\u00e4llen. <\/li>\n<li><strong>Verkehrsknotenpunkte: <\/strong>Aufz\u00fcge in Verkehrsknotenpunkten wie Flugh\u00e4fen und Bahnh\u00f6fen sind entscheidend f\u00fcr die Bef\u00f6rderung von Fahrg\u00e4sten und Gep\u00e4ck. Aufzug-USV-Einheiten tragen zur Aufrechterhaltung der betrieblichen Effizienz bei, indem sie bei unvorhersehbaren elektrischen Unterbrechungen eine Notstromversorgung bieten. <\/li>\n<li><strong>Hochh\u00e4user: <\/strong>In hohen Geb\u00e4uden, in denen Aufz\u00fcge f\u00fcr die vertikale Mobilit\u00e4t unverzichtbar sind, helfen USV-Systeme f\u00fcr Aufz\u00fcge, Unannehmlichkeiten und potenzielle Sicherheitsrisiken zu vermeiden, indem sie einen kontinuierlichen Betrieb auch bei einem Stromausfall gew\u00e4hrleisten.<\/li>\n<li><strong>Rechenzentren und IT-Einrichtungen: <\/strong>USV-Einheiten f\u00fcr Aufz\u00fcge k\u00f6nnen auch in Rechenzentren und IT-Einrichtungen eingesetzt werden, in denen das reibungslose Funktionieren von Aufz\u00fcgen f\u00fcr den Transport von Ger\u00e4ten und Personal entscheidend ist und zur allgemeinen betrieblichen Effizienz beitr\u00e4gt.<\/li>\n<li><strong>Bildungseinrichtungen: <\/strong>Aufzug-USV-Systeme k\u00f6nnen in Bildungseinrichtungen installiert werden, um sicherzustellen, dass Studenten, Lehrkr\u00e4fte und Personal die verschiedenen Etagen ohne Unterbrechung erreichen k\u00f6nnen, was eine sichere und effiziente Lernumgebung f\u00f6rdert.<\/li>\n<\/ol>\n<h2>Was ist ARKEL Aufzug-USV \/ 1500 60V?<\/h2>\n<div class=\"content\">\n<div class=\"ac-container ac-adaptiveCard\">\n<div class=\"ac-textBlock\">\n<p><strong>Arkel Elevator Systems<\/strong> ist ein Unternehmen, das auf die Bereitstellung von Produkten und L\u00f6sungen f\u00fcr die Aufzugsindustrie spezialisiert ist. Seit 1998 gewinnen sie kontinuierlich an Vertrauen und Anerkennung. Werfen wir einen Blick auf die Details:  <\/p>\n<ol>\n<li><strong>ARCODE<\/strong>: Dieses innovative Produkt hat in seinem Sektor neue Ma\u00dfst\u00e4be gesetzt. ARCODE ist eine integrierte Aufzugsteuerung, die einen <strong>VVVF-Frequenzumrichter<\/strong>, die Steuereinheit und Evakuierungssysteme kombiniert. Es wurde mit Fokus auf Sicherheit und Langlebigkeit entwickelt und ist eine zuverl\u00e4ssige L\u00f6sung f\u00fcr Aufz\u00fcge.  <\/li>\n<li><strong>ARCUBE<\/strong>: ARCUBE bietet serielle oder parallele Anschlussm\u00f6glichkeiten f\u00fcr Au\u00dfentableaus (LOP) und Innentableaus (COP). Es ist kompatibel mit ARCODE und verf\u00fcgt \u00fcber Magnetschalter oder Motorencoder. ARCUBE ist in verschiedenen Leistungsstufen von 4 kW (10A) bis 11 kW (26A) erh\u00e4ltlich und beinhaltet Funktionen zur R\u00fcckrollverhinderung beim Anfahren des Aufzugs.  <\/li>\n<li><strong>UPS 1500<\/strong>: Arkel bietet ebenfalls USV-Systeme an. Die <strong>ARKEL UPS 1500<\/strong> ist f\u00fcr eine unterbrechungsfreie Stromversorgung ausgelegt. Obwohl sie prim\u00e4r auf Aufzugsunternehmen ausgerichtet ist, dient sie als zuverl\u00e4ssige Notstromquelle in Notf\u00e4llen. Bitte beachten Sie, dass diese USV speziell f\u00fcr Aufzugsanwendungen konzipiert ist.   <\/li>\n<\/ol>\n<p>Die Expertise von Arkel erstreckt sich auf Aufzugsteuerkarten, Schaltschr\u00e4nke, Notbefreiungssysteme, F&amp;E, Ingenieurdienstleistungen und die Herstellung integrierter Aufzugsteuerungen. Das Unternehmen treibt weiterhin Innovationen in der Aufzugsbranche voran und gew\u00e4hrleistet Sicherheit und Effizienz f\u00fcr den Personen- und G\u00fctertransport gleicherma\u00dfen. <\/p>\n<\/div>\n<h2 class=\"ac-horizontal-separator\" aria-hidden=\"true\"><span style=\"color: #1b1919; font-size: 22px;\">Was ist die Kapazit\u00e4t dieses Produkts?<\/span><\/h2>\n<\/div>\n<\/div>\n<p>Die Kapazit\u00e4t dieses Produkts betr\u00e4gt 1500 60V. Dies ist ausreichend, um selbst gro\u00dfe Energieanforderungen zu erf\u00fcllen. <\/p>\n<h2>Warum ist Elevator UPS 1500 60V wichtig?<\/h2>\n<p>Dieses Produkt gew\u00e4hrleistet den unterbrechungsfreien Betrieb von Aufzugsteuerungen selbst bei Stromausf\u00e4llen. Dies stellt den sicheren und effektiven Betrieb von Aufz\u00fcgen und anderen kritischen Systemen sicher. <\/p>\n","protected":false},"excerpt":{"rendered":"<ul>\n<li><strong>Spannung<\/strong>: 60V<\/li>\n<li><strong>Modell<\/strong>: Aufzug-USV RD-1500<\/li>\n<li><strong>Marke<\/strong>: Arkel<\/li>\n<li><strong>Anwendung<\/strong>: Industrie, Aufzugsteuerungen<\/li>\n<li><strong>Gew\u00e4hrleistung<\/strong>: 12 Monate<\/li>\n<li><strong>Vorteile<\/strong>: Energieeffizienz, Zuverl\u00e4ssigkeit und sicherer Betrieb von Aufzugsanlagen<\/li>\n<\/ul>\n","protected":false},"featured_media":3930,"comment_status":"open","ping_status":"closed","template":"","meta":[],"product_brand":[],"product_cat":[687,611],"product_tag":[],"class_list":{"0":"post-8921","1":"product","2":"type-product","3":"status-publish","4":"has-post-thumbnail","6":"product_cat-usv-batterien","7":"product_cat-arkel","9":"first","10":"instock","11":"taxable","12":"shipping-taxable","13":"purchasable","14":"product-type-simple"},"_links":{"self":[{"href":"https:\/\/isfelevatorshop.de\/de\/wp-json\/wp\/v2\/product\/8921","targetHints":{"allow":["GET"]}}],"collection":[{"href":"https:\/\/isfelevatorshop.de\/de\/wp-json\/wp\/v2\/product"}],"about":[{"href":"https:\/\/isfelevatorshop.de\/de\/wp-json\/wp\/v2\/types\/product"}],"replies":[{"embeddable":true,"href":"https:\/\/isfelevatorshop.de\/de\/wp-json\/wp\/v2\/comments?post=8921"}],"version-history":[{"count":0,"href":"https:\/\/isfelevatorshop.de\/de\/wp-json\/wp\/v2\/product\/8921\/revisions"}],"wp:featuredmedia":[{"embeddable":true,"href":"https:\/\/isfelevatorshop.de\/de\/wp-json\/wp\/v2\/media\/3930"}],"wp:attachment":[{"href":"https:\/\/isfelevatorshop.de\/de\/wp-json\/wp\/v2\/media?parent=8921"}],"wp:term":[{"taxonomy":"product_brand","embeddable":true,"href":"https:\/\/isfelevatorshop.de\/de\/wp-json\/wp\/v2\/product_brand?post=8921"},{"taxonomy":"product_cat","embeddable":true,"href":"https:\/\/isfelevatorshop.de\/de\/wp-json\/wp\/v2\/product_cat?post=8921"},{"taxonomy":"product_tag","embeddable":true,"href":"https:\/\/isfelevatorshop.de\/de\/wp-json\/wp\/v2\/product_tag?post=8921"}],"curies":[{"name":"wp","href":"https:\/\/api.w.org\/{rel}","templated":true}]}}