{"id":8899,"date":"2023-12-25T17:43:00","date_gmt":"2023-12-25T17:43:00","guid":{"rendered":"https:\/\/isfelevatorshop.de\/arkel-kbl-d3c-t-tuerkontakt-leitungsabschlusswiderstand-fuer-aufzugsteuerung\/"},"modified":"2023-12-25T17:43:00","modified_gmt":"2023-12-25T17:43:00","slug":"arkel-kbl-d3c-t-tuerkontakt-leitungsabschlusswiderstand-fuer-aufzugsteuerung","status":"publish","type":"product","link":"https:\/\/isfelevatorshop.de\/de\/arkel-kbl-d3c-t-tuerkontakt-leitungsabschlusswiderstand-fuer-aufzugsteuerung\/","title":{"rendered":"Arkel KBL-D3C-T T\u00fcrkontakt-Leitungsabschlusswiderstand f\u00fcr Aufzugsteuerung"},"content":{"rendered":"<p>Der Arkel KBL-D3C-T T\u00fcrkontakt-Leitungsabschluss wurde f\u00fcr Aufzugsysteme entwickelt und gew\u00e4hrleistet die Einhaltung der EN 81-20 Normen f\u00fcr verschiedene T\u00fcrtypen, einschlie\u00dflich Konfigurationen mit zwei Kabinent\u00fcren. Dieser Leitungsabschluss ist eine entscheidende Komponente zur Aufrechterhaltung einer ordnungsgem\u00e4\u00dfen Kommunikation und Sicherheit im Betrieb von Aufzugst\u00fcren und bietet einen zuverl\u00e4ssigen Verbindungsendpunkt f\u00fcr T\u00fcrkontaktleitungen. <\/p>\n","protected":false},"excerpt":{"rendered":"<p>Der Arkel KBL-D3C-T T\u00fcrkontakt-Leitungsabschluss wurde f\u00fcr Aufzugsysteme entwickelt und gew\u00e4hrleistet die Einhaltung der EN 81-20 Normen f\u00fcr verschiedene T\u00fcrtypen, einschlie\u00dflich<\/p>\n","protected":false},"featured_media":8431,"comment_status":"open","ping_status":"closed","template":"","meta":[],"product_brand":[],"product_cat":[654],"product_tag":[],"class_list":{"0":"post-8899","1":"product","2":"type-product","3":"status-publish","4":"has-post-thumbnail","6":"product_cat-turkontaktkabel","8":"first","9":"instock","10":"taxable","11":"shipping-taxable","12":"purchasable","13":"product-type-simple"},"_links":{"self":[{"href":"https:\/\/isfelevatorshop.de\/de\/wp-json\/wp\/v2\/product\/8899","targetHints":{"allow":["GET"]}}],"collection":[{"href":"https:\/\/isfelevatorshop.de\/de\/wp-json\/wp\/v2\/product"}],"about":[{"href":"https:\/\/isfelevatorshop.de\/de\/wp-json\/wp\/v2\/types\/product"}],"replies":[{"embeddable":true,"href":"https:\/\/isfelevatorshop.de\/de\/wp-json\/wp\/v2\/comments?post=8899"}],"version-history":[{"count":0,"href":"https:\/\/isfelevatorshop.de\/de\/wp-json\/wp\/v2\/product\/8899\/revisions"}],"wp:featuredmedia":[{"embeddable":true,"href":"https:\/\/isfelevatorshop.de\/de\/wp-json\/wp\/v2\/media\/8431"}],"wp:attachment":[{"href":"https:\/\/isfelevatorshop.de\/de\/wp-json\/wp\/v2\/media?parent=8899"}],"wp:term":[{"taxonomy":"product_brand","embeddable":true,"href":"https:\/\/isfelevatorshop.de\/de\/wp-json\/wp\/v2\/product_brand?post=8899"},{"taxonomy":"product_cat","embeddable":true,"href":"https:\/\/isfelevatorshop.de\/de\/wp-json\/wp\/v2\/product_cat?post=8899"},{"taxonomy":"product_tag","embeddable":true,"href":"https:\/\/isfelevatorshop.de\/de\/wp-json\/wp\/v2\/product_tag?post=8899"}],"curies":[{"name":"wp","href":"https:\/\/api.w.org\/{rel}","templated":true}]}}