{"id":8886,"date":"2024-01-29T11:53:07","date_gmt":"2024-01-29T11:53:07","guid":{"rendered":"https:\/\/isfelevatorshop.de\/aufhaengungsvorrichtung\/"},"modified":"2024-01-29T11:53:07","modified_gmt":"2024-01-29T11:53:07","slug":"aufhaengungsvorrichtung","status":"publish","type":"product","link":"https:\/\/isfelevatorshop.de\/de\/aufhaengungsvorrichtung\/","title":{"rendered":"Aufh\u00e4ngungsvorrichtung"},"content":{"rendered":"<p>Eine Tragmittelvorrichtung f\u00fcr einen Asans\u00f6r ist ein System, das die Kabine und das Gegengewicht tr\u00e4gt und mit der Antriebsmaschine verbindet. Sie besteht aus einem oder mehreren Seilen, Kabeln oder Gurten, die an den Rollen der Kabine und des Gegengewichts befestigt sind und \u00fcber die Treibscheibe der Antriebsmaschine laufen. Die Tragmittelvorrichtung umfasst auch alle Kompensations- und Geschwindigkeitsbegrenzersysteme, die dazu dienen, die Seilspannung auszugleichen und die Geschwindigkeit des Asans\u00f6r zu kontrollieren.  <\/p>\n<p>Es gibt verschiedene Arten von Tragmitteln f\u00fcr Aufz\u00fcge, wie z. B. Stahldrahtseile, nicht kreisf\u00f6rmige elastomerbeschichtete Stahlgurte sowie Stahldrahtseile f\u00fcr Aufz\u00fcge in Windkraftanlagen und Aufz\u00fcge f\u00fcr spezielle Anwendungen. Jede Art verf\u00fcgt \u00fcber eigene Materialeigenschaften, Konstruktions-, Pr\u00fcf-, Inspektions- und Austauschkriterien, die im Standard ASME A17.6 f\u00fcr Elevator Suspension, Compensation, and Governor Systems festgelegt sind. Dieser Standard ist f\u00fcr die Verwendung in Verbindung mit dem ASME A17.1\/CSA B44 Safety Code f\u00fcr Aufz\u00fcge und Fahrtreppen vorgesehen.  <\/p>\n","protected":false},"excerpt":{"rendered":"<ul>\n<li><strong>Hochwertige Aufh\u00e4ngungsvorrichtungen f\u00fcr Aufz\u00fcge:<\/strong> Unser Sortiment umfasst verschiedene Arten von Aufh\u00e4ngungssystemen, die darauf ausgelegt sind, die Kabine und das Gegengewicht mit der Antriebsmaschine zu verbinden und zu st\u00fctzen, um einen reibungslosen und sicheren Betrieb zu gew\u00e4hrleisten.<\/li>\n<li><strong>Vielf\u00e4ltige Materialoptionen:<\/strong> W\u00e4hlen Sie aus Stahldrahtseilen, nicht runden elastomerbeschichteten Stahltragmitteln und spezialisierten Stahldrahtseilen f\u00fcr Windkraftanlagen-Aufz\u00fcge sowie andere Sonderanwendungen, die jeweils spezifische Vorteile bieten.<\/li>\n<li><strong>Einhaltung von Industriestandards:<\/strong> Alle unsere Tragmittel entsprechen der Norm ASME A17.6 f\u00fcr Aufzugstrag-, Ausgleichs- und Geschwindigkeitsbegrenzersysteme und garantieren erstklassige Sicherheit und Leistung. Entwickelt f\u00fcr den Einsatz in Verbindung mit dem Sicherheitscode ASME A17.1\/CSA B44 f\u00fcr Aufz\u00fcge und Fahrtreppen. <\/li>\n<li><strong>Modernstes Design und fortschrittlichste Technologie:<\/strong> Unsere Produkte zeichnen sich durch fortschrittliche Entwicklung und Pr\u00fcfung aus, um Langlebigkeit, Zuverl\u00e4ssigkeit und Effizienz in einer Vielzahl von Aufzugssystemen zu gew\u00e4hrleisten, von gewerblichen Geb\u00e4uden bis hin zu Windkraftanlagen.<\/li>\n<li><strong>Regelm\u00e4\u00dfige Inspektions- und Austauschkriterien:<\/strong> Um ein H\u00f6chstma\u00df an Sicherheit und Funktionalit\u00e4t zu gew\u00e4hrleisten, werden unsere Aufh\u00e4ngungsvorrichtungen mit detaillierten Richtlinien f\u00fcr Pr\u00fcfung, Inspektion und Austausch geliefert, die den strengen Industriestandards entsprechen.<\/li>\n<li><strong>Umfassende L\u00f6sungen:<\/strong> Zus\u00e4tzlich zu Aufh\u00e4ngungssystemen bieten wir Ausgleichs- und Geschwindigkeitsbegrenzersysteme an, um die Seilspannung auszugleichen und die Aufzugsgeschwindigkeit zu kontrollieren, wodurch wir ein vollst\u00e4ndiges Paket an Komponenten f\u00fcr die Sicherheit und Effizienz von Aufz\u00fcgen bereitstellen.<\/li>\n<li><strong>Hochwertige Seilaufh\u00e4ngungen, g\u00fcnstiger Preis im ISF Elevator Shop:<\/strong> Unser Engagement f\u00fcr Exzellenz und attraktive Preisgestaltung macht uns zur bevorzugten Wahl f\u00fcr Aufzugskomponenten. Vertrauen Sie dem ISF Elevator Shop bei all Ihren Anforderungen an Aufh\u00e4ngungssysteme, unterst\u00fctzt durch eine robuste Garantie und Richtlinien zur Warenr\u00fcckgabe. <\/li>\n<\/ul>\n","protected":false},"featured_media":8869,"comment_status":"open","ping_status":"closed","template":"","meta":[],"product_brand":[],"product_cat":[608],"product_tag":[],"class_list":{"0":"post-8886","1":"product","2":"type-product","3":"status-publish","4":"has-post-thumbnail","6":"product_cat-isf-elevator-gmbh","8":"first","9":"instock","10":"taxable","11":"shipping-taxable","12":"purchasable","13":"product-type-simple"},"_links":{"self":[{"href":"https:\/\/isfelevatorshop.de\/de\/wp-json\/wp\/v2\/product\/8886","targetHints":{"allow":["GET"]}}],"collection":[{"href":"https:\/\/isfelevatorshop.de\/de\/wp-json\/wp\/v2\/product"}],"about":[{"href":"https:\/\/isfelevatorshop.de\/de\/wp-json\/wp\/v2\/types\/product"}],"replies":[{"embeddable":true,"href":"https:\/\/isfelevatorshop.de\/de\/wp-json\/wp\/v2\/comments?post=8886"}],"version-history":[{"count":0,"href":"https:\/\/isfelevatorshop.de\/de\/wp-json\/wp\/v2\/product\/8886\/revisions"}],"wp:featuredmedia":[{"embeddable":true,"href":"https:\/\/isfelevatorshop.de\/de\/wp-json\/wp\/v2\/media\/8869"}],"wp:attachment":[{"href":"https:\/\/isfelevatorshop.de\/de\/wp-json\/wp\/v2\/media?parent=8886"}],"wp:term":[{"taxonomy":"product_brand","embeddable":true,"href":"https:\/\/isfelevatorshop.de\/de\/wp-json\/wp\/v2\/product_brand?post=8886"},{"taxonomy":"product_cat","embeddable":true,"href":"https:\/\/isfelevatorshop.de\/de\/wp-json\/wp\/v2\/product_cat?post=8886"},{"taxonomy":"product_tag","embeddable":true,"href":"https:\/\/isfelevatorshop.de\/de\/wp-json\/wp\/v2\/product_tag?post=8886"}],"curies":[{"name":"wp","href":"https:\/\/api.w.org\/{rel}","templated":true}]}}