{"id":8853,"date":"2024-04-08T01:23:02","date_gmt":"2024-04-08T01:23:02","guid":{"rendered":"https:\/\/isfelevatorshop.de\/arkel-km-30s-dc-tuersteuergeraet-fuer-den-aufzug-tuersteuerung\/"},"modified":"2024-04-08T01:23:02","modified_gmt":"2024-04-08T01:23:02","slug":"arkel-km-30s-dc-tuersteuergeraet-fuer-den-aufzug-tuersteuerung","status":"publish","type":"product","link":"https:\/\/isfelevatorshop.de\/de\/arkel-km-30s-dc-tuersteuergeraet-fuer-den-aufzug-tuersteuerung\/","title":{"rendered":"Arkel KM-30S DC T\u00fcrsteuerger\u00e4t f\u00fcr den Aufzug (T\u00fcrsteuerung)"},"content":{"rendered":"<h2>T\u00fcrsteuerplatine KM-30S<\/h2>\n<p>Die Arkel KM-30S ist eine Steuerkarte f\u00fcr teleskopische <strong>Aufzugst\u00fcren<\/strong> mit 220V AC Synchronmotor-Antrieb, die einen reibungslosen und effizienten Betrieb gew\u00e4hrleistet.<\/p>\n<p><strong>Funktionalit\u00e4t auf einen Blick:<\/strong><\/p>\n<ul>\n<li><strong>Vollst\u00e4ndige T\u00fcrsteuerung:<\/strong> Sie verf\u00fcgt \u00fcber Ausg\u00e4nge f\u00fcr die Zust\u00e4nde \u201eT\u00fcr vollst\u00e4ndig offen\/geschlossen\u201c und erkennt, wenn eine T\u00fcr blockiert ist oder eine Sicherheitslichtleiste aktiv ist.<\/li>\n<li><strong>Relaisausgang:<\/strong> Bietet Relaiskontakte f\u00fcr maximale Lasten von 3A bei 250VAC oder 30VDC.<\/li>\n<li><strong>Signalkompetenz:<\/strong> Das Ger\u00e4t verarbeitet T\u00fcr-Auf\/Zu-Signale, Langsam\/Schnell-Signale, Lichtgittersignale und Etagensignale.<\/li>\n<li><strong>Konformit\u00e4t f\u00fcr Feuerwehr-Aufz\u00fcge:<\/strong> Die KM-30S T\u00fcrsteuerungskarte ist f\u00fcr Feuerwehraufzugst\u00fcren geeignet und gew\u00e4hrleistet Sicherheit und Konformit\u00e4t in Notfallszenarien.<\/li>\n<li><strong>Nudging-Modus:<\/strong> Mit einem Signal f\u00fcr langsame Geschwindigkeit kann das System die Signale der Sicherheitsleiste umgehen, um bei langanhaltender Aktivierung der Sicherheitsleiste ein Schlie\u00dfen der T\u00fcr mit reduzierter Geschwindigkeit zu erm\u00f6glichen (Nudging-Modus).<\/li>\n<li><strong>Diagnose-Display:<\/strong> Im Normalbetrieb zeigt die Karte T\u00fcrgeschwindigkeit, Position und Status an. Im Falle einer St\u00f6rung wird der entsprechende Fehler auf dem Bildschirm angezeigt. <\/li>\n<\/ul>\n<h3>Allgemeine Eigenschaften<\/h3>\n<ul>\n<li><strong>Stromeingang:<\/strong> 220 VAC \u00b1 10%<\/li>\n<li><strong>Schutz:<\/strong> Sicherungsgesch\u00fctzt (2 A)<\/li>\n<li><strong>Benutzerschnittstelle:<\/strong> 2-zeiliges LCD-Display mit 16 Zeichen, einem 4-Tasten-Set und einer optionalen externen LCD-Schnittstelle.<\/li>\n<li><strong>Abmessungen (mm):<\/strong> Ohne Geh\u00e4use: 275 x 105 x 21 (B x L x H), Mit Geh\u00e4use: 310 x 112.6 x 30 (B x L x H)<\/li>\n<li><strong>Motorspannung:<\/strong> 220 VAC<\/li>\n<li><strong>Sprachoptionen:<\/strong> T\u00fcrkisch und Englisch<\/li>\n<li><strong>Akustische Signale:<\/strong> Ausgestattet mit einem Buzzer<\/li>\n<li><strong>Zus\u00e4tzliche Funktionen:<\/strong> Enth\u00e4lt einen Reserve-Eingang<\/li>\n<\/ul>\n<h3>Technische Daten<\/h3>\n<ul>\n<li><strong>Sanfter und reibungsloser Betrieb:<\/strong> Fortschrittliche Software erm\u00f6glicht flie\u00dfende Bewegungs\u00fcberg\u00e4nge durch einen einzigartigen Algorithmus, der keine Endschalter f\u00fcr den T\u00fcrbetrieb erfordert.<\/li>\n<li><strong>Keine Endschalter erforderlich:<\/strong> T\u00fcrbreiten sowie Offen- und Geschlossen-Positionen werden automatisch erkannt, was den Installationsprozess vereinfacht.<\/li>\n<li><strong>Reaktion auf Hindernisse:<\/strong> Wenn ein Hindernis erkannt wird, gibt das System eine akustische Warnung aus und \u00f6ffnet die T\u00fcr erneut, um Sch\u00e4den an den Fahrg\u00e4sten und der T\u00fcr selbst zu vermeiden.<\/li>\n<li><strong>Autorisierter Zugriff:<\/strong> Der Men\u00fczugriff ist f\u00fcr Sicherheit und einfache Einstellungsanpassungen gestuft, mit verschiedenen Zugriffsebenen von der Hersteller- bis zur Basis- und eingeschr\u00e4nkten Ebene.<\/li>\n<li><strong>Autorisierter Zugriff:<\/strong> Der Men\u00fczugriff ist f\u00fcr Sicherheit und einfache Einstellungsanpassungen gestuft, mit verschiedenen Zugriffsebenen von der Hersteller- bis zur Basis- und eingeschr\u00e4nkten Ebene.<\/li>\n<li><strong>Benutzereinstellungen:<\/strong> Benutzer k\u00f6nnen Geschwindigkeiten in cm\/s definieren und Rampenwege in Zentimetern f\u00fcr eine pr\u00e4zise Steuerung festlegen.<\/li>\n<li><strong>Z\u00e4hler-Unterst\u00fctzung:<\/strong> Ein Auf\/Zu-Z\u00e4hler verfolgt die T\u00fcrbewegungen f\u00fcr Wartungseinblicke.<\/li>\n<li><strong>Verschiedene Ausgangssignale:<\/strong> Bietet Ausgangssignale f\u00fcr \u201evollst\u00e4ndig ge\u00f6ffnet\u201c, \u201evollst\u00e4ndig geschlossen\u201c und \u201eHindernis erkannt\u201c zur vollst\u00e4ndigen Integration in Schaltschr\u00e4nke.<\/li>\n<li><strong>Keypad-Programmierung:<\/strong> Alle Systemparameter k\u00f6nnen mit dem KM-30S Keypad eingestellt werden.<\/li>\n<li><strong>Getriebeoption:<\/strong> Unterst\u00fctzt die Steuerung von 220V BLDC-T\u00fcrantrieben, mit oder ohne Getriebe.<\/li>\n<\/ul>\n<h3>Weitere Funktionen<\/h3>\n<ul>\n<li><strong>Motor-Ausgangsleistung:<\/strong> Max. 200W <\/li>\n<li><strong>Motorausgangsstrom:<\/strong> 0.65 A (Nennwert)<\/li>\n<li><strong>Motorsteuerungstyp:<\/strong> Vektorregelung<\/li>\n<li><strong>Motorschutz:<\/strong> \u00dcberlast- und Kurzschlussschutz<\/li>\n<li><strong>Gebertyp:<\/strong> 3-Kanal Inkrementalgeber<\/li>\n<li><strong>Geber-Spannung:<\/strong> 5 VDC<\/li>\n<li><strong>Aufl\u00f6sung:<\/strong> Einstellbar von 100-2048 Impulsen<\/li>\n<li><strong>T\u00fcrbreitenbereich:<\/strong> 50 &#8211; 300 cm<\/li>\n<li><strong>T\u00fcr\u00f6ffnungs-\/-schlie\u00dfgeschwindigkeit:<\/strong> 20 cm\/s \u2013 99 cm\/s<\/li>\n<li><strong>Langsame \u00d6ffnungs-\/Schlie\u00dfgeschwindigkeit:<\/strong> 5 cm\/s \u2013 30 cm\/s<\/li>\n<\/ul>\n<p>Mit seinen fortschrittlichen Funktionen und der benutzerfreundlichen Oberfl\u00e4che bietet der KM-30S eine zuverl\u00e4ssige und anspruchsvolle Steuerung f\u00fcr Aufzugst\u00fcrsysteme und gew\u00e4hrleistet sowohl Sicherheit als auch operative Exzellenz.<\/p>\n","protected":false},"excerpt":{"rendered":"<p>T\u00fcrsteuerplatine KM-30S Die Arkel KM-30S ist eine Steuerkarte f\u00fcr teleskopische Aufzugst\u00fcren mit 220V AC Synchronmotor-Antrieb, die einen reibungslosen und effizienten<\/p>\n","protected":false},"featured_media":8445,"comment_status":"open","ping_status":"closed","template":"","meta":[],"product_brand":[],"product_cat":[659,611],"product_tag":[],"class_list":{"0":"post-8853","1":"product","2":"type-product","3":"status-publish","4":"has-post-thumbnail","6":"product_cat-tursteuerplatinen","7":"product_cat-arkel","9":"first","10":"instock","11":"taxable","12":"shipping-taxable","13":"purchasable","14":"product-type-simple"},"_links":{"self":[{"href":"https:\/\/isfelevatorshop.de\/de\/wp-json\/wp\/v2\/product\/8853","targetHints":{"allow":["GET"]}}],"collection":[{"href":"https:\/\/isfelevatorshop.de\/de\/wp-json\/wp\/v2\/product"}],"about":[{"href":"https:\/\/isfelevatorshop.de\/de\/wp-json\/wp\/v2\/types\/product"}],"replies":[{"embeddable":true,"href":"https:\/\/isfelevatorshop.de\/de\/wp-json\/wp\/v2\/comments?post=8853"}],"version-history":[{"count":0,"href":"https:\/\/isfelevatorshop.de\/de\/wp-json\/wp\/v2\/product\/8853\/revisions"}],"wp:featuredmedia":[{"embeddable":true,"href":"https:\/\/isfelevatorshop.de\/de\/wp-json\/wp\/v2\/media\/8445"}],"wp:attachment":[{"href":"https:\/\/isfelevatorshop.de\/de\/wp-json\/wp\/v2\/media?parent=8853"}],"wp:term":[{"taxonomy":"product_brand","embeddable":true,"href":"https:\/\/isfelevatorshop.de\/de\/wp-json\/wp\/v2\/product_brand?post=8853"},{"taxonomy":"product_cat","embeddable":true,"href":"https:\/\/isfelevatorshop.de\/de\/wp-json\/wp\/v2\/product_cat?post=8853"},{"taxonomy":"product_tag","embeddable":true,"href":"https:\/\/isfelevatorshop.de\/de\/wp-json\/wp\/v2\/product_tag?post=8853"}],"curies":[{"name":"wp","href":"https:\/\/api.w.org\/{rel}","templated":true}]}}