{"id":8847,"date":"2024-02-09T15:35:45","date_gmt":"2024-02-09T15:35:45","guid":{"rendered":"https:\/\/isfelevatorshop.de\/stellen-sie-eine-praezise-aufzugpositionierung-sicher-arkel-gks-gray-code-converter\/"},"modified":"2024-02-09T15:35:45","modified_gmt":"2024-02-09T15:35:45","slug":"stellen-sie-eine-praezise-aufzugpositionierung-sicher-arkel-gks-gray-code-converter","status":"publish","type":"product","link":"https:\/\/isfelevatorshop.de\/de\/stellen-sie-eine-praezise-aufzugpositionierung-sicher-arkel-gks-gray-code-converter\/","title":{"rendered":"Stellen Sie eine pr\u00e4zise Aufzugpositionierung sicher: Arkel GKS Gray Code Converter"},"content":{"rendered":"<p class=\"ng-star-inserted\"><strong class=\"ng-star-inserted\"><span class=\"ng-star-inserted\">Warum ist der Gray-Code-Konverter wichtig?<\/span><\/strong><\/p>\n<p class=\"ng-star-inserted\"><span class=\"ng-star-inserted\">In Aufzugssystemen ist eine pr\u00e4zise Positionsinformation entscheidend f\u00fcr sanfte Stopps und einen effizienten Betrieb. Der GKS Gray-Code-Wandler nimmt eingehende Signale auf und wandelt sie in ein Format (Gray-\/Bin\u00e4rcode) um, das Ihre Aufzugsteuerung perfekt verstehen kann. Dies gew\u00e4hrleistet eine exakte B\u00fcndigstellung auf den Stockwerken und eine komfortable Fahrt f\u00fcr die Fahrg\u00e4ste.  <\/span><\/p>\n<p class=\"ng-star-inserted\"><strong class=\"ng-star-inserted\"><span class=\"ng-star-inserted\">Wichtige Vorteile:<\/span><\/strong><\/p>\n<ul>\n<li class=\"ng-star-inserted\"><strong class=\"ng-star-inserted\"><span class=\"ng-star-inserted\">Pr\u00e4zise Positionierung:<\/span><\/strong><span class=\"ng-star-inserted\"> Liefert die pr\u00e4zisen Daten, die f\u00fcr sanfte und zuverl\u00e4ssige Aufzugsstopps auf jeder Etage erforderlich sind.<\/span><\/li>\n<li class=\"ng-star-inserted\"><strong class=\"ng-star-inserted\"><span class=\"ng-star-inserted\">Pr\u00e4zise Positionierung:<\/span><\/strong><span class=\"ng-star-inserted\"> Liefert die pr\u00e4zisen Daten, die f\u00fcr sanfte und zuverl\u00e4ssige Aufzugsstopps auf jeder Etage erforderlich sind.<\/span><\/li>\n<li class=\"ng-star-inserted\"><strong class=\"ng-star-inserted\"><span class=\"ng-star-inserted\">Zuverl\u00e4ssiger Betrieb:<\/span><\/strong><span class=\"ng-star-inserted\"> Tr\u00e4gt zur Gesamtzuverl\u00e4ssigkeit Ihres Aufzugsystems bei, indem eine pr\u00e4zise Datenverarbeitung gew\u00e4hrleistet wird.<\/span><\/li>\n<li class=\"ng-star-inserted\"><strong class=\"ng-star-inserted\"><span class=\"ng-star-inserted\">Nahtlose Integration:<\/span><\/strong><span class=\"ng-star-inserted\"> Kompatibel mit dem CANbus-Protokoll f\u00fcr eine einfache Verbindung mit anderen kompatiblen Aufzugskomponenten.<\/span><\/li>\n<li class=\"ng-star-inserted\"><strong class=\"ng-star-inserted\"><span class=\"ng-star-inserted\">Arkel Qualit\u00e4t:<\/span><\/strong><span class=\"ng-star-inserted\"> Teil der renommierten ARCODE Serie, bekannt f\u00fcr au\u00dfergew\u00f6hnliche Qualit\u00e4t und Zuverl\u00e4ssigkeit.<\/span><\/li>\n<\/ul>\n<p class=\"ng-star-inserted\"><strong class=\"ng-star-inserted\"><span class=\"ng-star-inserted\">In einfachen Worten:<\/span><\/strong><\/p>\n<p class=\"ng-star-inserted\"><span class=\"ng-star-inserted\">Stellen Sie sich den Gray-Code-Konverter als die \u201eAugen und Ohren\u201c Ihrer Aufzugsteuerung vor. Er erfasst Informationen \u00fcber die Bewegung des Aufzugs und \u00fcbersetzt diese in eine Sprache, die die Steuerung perfekt versteht, wodurch ein reibungsloser und pr\u00e4ziser Betrieb gew\u00e4hrleistet wird. <\/span><\/p>\n<p class=\"ng-star-inserted\"><strong class=\"ng-star-inserted\"><span class=\"ng-star-inserted\">Ideal f\u00fcr:<\/span><\/strong><\/p>\n<p class=\"ng-star-inserted\"><span class=\"ng-star-inserted\">Ideal f\u00fcr:<\/span><\/p>\n<p class=\"ng-star-inserted\"><strong class=\"ng-star-inserted\"><span class=\"ng-star-inserted\">Ideal f\u00fcr:<\/span><\/strong><\/p>\n","protected":false},"excerpt":{"rendered":"<p class=\"ng-star-inserted\"><span class=\"ng-star-inserted\">Ben\u00f6tigen Sie eine pr\u00e4zise und zuverl\u00e4ssige Positionierung Ihres Aufzugs? Der <\/span><strong class=\"ng-star-inserted\"><span class=\"ng-star-inserted\">Arkel GKS Gray Code Converter<\/span><\/strong><span class=\"ng-star-inserted\"> ist eine wesentliche Komponente f\u00fcr Ihre Aufzugsteuerung. Dieses intelligente Ger\u00e4t aus der bew\u00e4hrten ARCODE Serie von Arkel wandelt Daten in Gray- oder Bin\u00e4rcode um, was f\u00fcr einen reibungslosen, pr\u00e4zisen und zuverl\u00e4ssigen Aufzugsbetrieb unerl\u00e4sslich ist. Es fungiert als \u00dcbersetzer, der sicherstellt, dass Ihr Aufzug jederzeit genau wei\u00df, wo er sich befindet.<\/span><\/p>\n","protected":false},"featured_media":8394,"comment_status":"open","ping_status":"closed","template":"","meta":[],"product_brand":[],"product_cat":[684,611],"product_tag":[],"class_list":{"0":"post-8847","1":"product","2":"type-product","3":"status-publish","4":"has-post-thumbnail","6":"product_cat-ersatzteile","7":"product_cat-arkel","9":"first","10":"instock","11":"taxable","12":"shipping-taxable","13":"purchasable","14":"product-type-simple"},"_links":{"self":[{"href":"https:\/\/isfelevatorshop.de\/de\/wp-json\/wp\/v2\/product\/8847","targetHints":{"allow":["GET"]}}],"collection":[{"href":"https:\/\/isfelevatorshop.de\/de\/wp-json\/wp\/v2\/product"}],"about":[{"href":"https:\/\/isfelevatorshop.de\/de\/wp-json\/wp\/v2\/types\/product"}],"replies":[{"embeddable":true,"href":"https:\/\/isfelevatorshop.de\/de\/wp-json\/wp\/v2\/comments?post=8847"}],"version-history":[{"count":0,"href":"https:\/\/isfelevatorshop.de\/de\/wp-json\/wp\/v2\/product\/8847\/revisions"}],"wp:featuredmedia":[{"embeddable":true,"href":"https:\/\/isfelevatorshop.de\/de\/wp-json\/wp\/v2\/media\/8394"}],"wp:attachment":[{"href":"https:\/\/isfelevatorshop.de\/de\/wp-json\/wp\/v2\/media?parent=8847"}],"wp:term":[{"taxonomy":"product_brand","embeddable":true,"href":"https:\/\/isfelevatorshop.de\/de\/wp-json\/wp\/v2\/product_brand?post=8847"},{"taxonomy":"product_cat","embeddable":true,"href":"https:\/\/isfelevatorshop.de\/de\/wp-json\/wp\/v2\/product_cat?post=8847"},{"taxonomy":"product_tag","embeddable":true,"href":"https:\/\/isfelevatorshop.de\/de\/wp-json\/wp\/v2\/product_tag?post=8847"}],"curies":[{"name":"wp","href":"https:\/\/api.w.org\/{rel}","templated":true}]}}