{"id":8843,"date":"2024-02-05T10:36:57","date_gmt":"2024-02-05T10:36:57","guid":{"rendered":"https:\/\/isfelevatorshop.de\/arkel-cpc-t-kabinenruf-steuereinheit-arcode-parallel\/"},"modified":"2024-02-05T10:36:57","modified_gmt":"2024-02-05T10:36:57","slug":"arkel-cpc-t-kabinenruf-steuereinheit-arcode-parallel","status":"publish","type":"product","link":"https:\/\/isfelevatorshop.de\/de\/arkel-cpc-t-kabinenruf-steuereinheit-arcode-parallel\/","title":{"rendered":"Arkel CPC-T Kabinenruf-Steuereinheit (ARCODE Parallel)"},"content":{"rendered":"<p>Arkel CPC-T Car Call Control Unit (ARCODE Parallel) ist eine Controller-Karte zur Steuerung der Innentableau-Funktionen in Asans\u00f6r-Anlagen. Sie wandelt parallele Eingangs- und Ausgangssignale des Innentableaus in serielle Daten um und \u00fcbertr\u00e4gt diese an die Steuerungskarte der Revisionsbox. Sie ist Teil des ARCODE Systems, eines seriellen Kommunikationsprotokolls, das von Arkel entwickelt wurde \u2013 einem t\u00fcrkischen Unternehmen, das Aufzugsteuerungen, Schaltschr\u00e4nke, Evakuierungssysteme und weitere Produkte herstellt.  <\/p>\n","protected":false},"excerpt":{"rendered":"<p>Arkel CPC-T Car Call Control Unit (ARCODE Parallel) ist eine Controller-Karte zur Steuerung der Innentableau-Funktionen in Asans\u00f6r-Anlagen. Sie wandelt parallele<\/p>\n","protected":false},"featured_media":5732,"comment_status":"open","ping_status":"closed","template":"","meta":[],"product_brand":[],"product_cat":[624],"product_tag":[],"class_list":{"0":"post-8843","1":"product","2":"type-product","3":"status-publish","4":"has-post-thumbnail","6":"product_cat-arcode-peripheriegerate","8":"first","9":"instock","10":"taxable","11":"shipping-taxable","12":"purchasable","13":"product-type-simple"},"_links":{"self":[{"href":"https:\/\/isfelevatorshop.de\/de\/wp-json\/wp\/v2\/product\/8843","targetHints":{"allow":["GET"]}}],"collection":[{"href":"https:\/\/isfelevatorshop.de\/de\/wp-json\/wp\/v2\/product"}],"about":[{"href":"https:\/\/isfelevatorshop.de\/de\/wp-json\/wp\/v2\/types\/product"}],"replies":[{"embeddable":true,"href":"https:\/\/isfelevatorshop.de\/de\/wp-json\/wp\/v2\/comments?post=8843"}],"version-history":[{"count":0,"href":"https:\/\/isfelevatorshop.de\/de\/wp-json\/wp\/v2\/product\/8843\/revisions"}],"wp:featuredmedia":[{"embeddable":true,"href":"https:\/\/isfelevatorshop.de\/de\/wp-json\/wp\/v2\/media\/5732"}],"wp:attachment":[{"href":"https:\/\/isfelevatorshop.de\/de\/wp-json\/wp\/v2\/media?parent=8843"}],"wp:term":[{"taxonomy":"product_brand","embeddable":true,"href":"https:\/\/isfelevatorshop.de\/de\/wp-json\/wp\/v2\/product_brand?post=8843"},{"taxonomy":"product_cat","embeddable":true,"href":"https:\/\/isfelevatorshop.de\/de\/wp-json\/wp\/v2\/product_cat?post=8843"},{"taxonomy":"product_tag","embeddable":true,"href":"https:\/\/isfelevatorshop.de\/de\/wp-json\/wp\/v2\/product_tag?post=8843"}],"curies":[{"name":"wp","href":"https:\/\/api.w.org\/{rel}","templated":true}]}}