{"id":8817,"date":"2024-04-21T21:52:39","date_gmt":"2024-04-21T21:52:39","guid":{"rendered":"https:\/\/isfelevatorshop.de\/arkel-kbl-d1c-3-tuerkontaktkabel-10m\/"},"modified":"2024-04-21T21:52:39","modified_gmt":"2024-04-21T21:52:39","slug":"arkel-kbl-d1c-3-tuerkontaktkabel-10m","status":"publish","type":"product","link":"https:\/\/isfelevatorshop.de\/de\/arkel-kbl-d1c-3-tuerkontaktkabel-10m\/","title":{"rendered":"Arkel KBL-D1C-3 T\u00fcrkontaktkabel 10m."},"content":{"rendered":"<p>Arkel KBL-D1C-3 T\u00fcrkontaktkabel 10m. ist eine entscheidende Komponente f\u00fcr das EN 81-20 Vollautomatische T\u00fcrsystem. Es gew\u00e4hrleistet einen sicheren und zuverl\u00e4ssigen Kontakt zwischen den T\u00fcren und der Hauptleitung. Mit einer L\u00e4nge von 10m bietet das KBL-D1C-3 Kabel ausreichend Flexibilit\u00e4t f\u00fcr die Installation. Verlassen Sie sich auf das Arkel KBL-D1C-3 T\u00fcrkontaktkabel 10m. f\u00fcr einen effizienten und reibungslosen Betrieb Ihrer automatischen T\u00fcren.     <\/p>\n","protected":false},"excerpt":{"rendered":"<p>Arkel KBL-D1C-3 T\u00fcrkontaktkabel 10m. ist eine entscheidende Komponente f\u00fcr das EN 81-20 Vollautomatische T\u00fcrsystem. Es gew\u00e4hrleistet einen sicheren und zuverl\u00e4ssigen<\/p>\n","protected":false},"featured_media":8426,"comment_status":"open","ping_status":"closed","template":"","meta":[],"product_brand":[],"product_cat":[654],"product_tag":[],"class_list":{"0":"post-8817","1":"product","2":"type-product","3":"status-publish","4":"has-post-thumbnail","6":"product_cat-turkontaktkabel","8":"first","9":"instock","10":"taxable","11":"shipping-taxable","12":"purchasable","13":"product-type-simple"},"_links":{"self":[{"href":"https:\/\/isfelevatorshop.de\/de\/wp-json\/wp\/v2\/product\/8817","targetHints":{"allow":["GET"]}}],"collection":[{"href":"https:\/\/isfelevatorshop.de\/de\/wp-json\/wp\/v2\/product"}],"about":[{"href":"https:\/\/isfelevatorshop.de\/de\/wp-json\/wp\/v2\/types\/product"}],"replies":[{"embeddable":true,"href":"https:\/\/isfelevatorshop.de\/de\/wp-json\/wp\/v2\/comments?post=8817"}],"version-history":[{"count":0,"href":"https:\/\/isfelevatorshop.de\/de\/wp-json\/wp\/v2\/product\/8817\/revisions"}],"wp:featuredmedia":[{"embeddable":true,"href":"https:\/\/isfelevatorshop.de\/de\/wp-json\/wp\/v2\/media\/8426"}],"wp:attachment":[{"href":"https:\/\/isfelevatorshop.de\/de\/wp-json\/wp\/v2\/media?parent=8817"}],"wp:term":[{"taxonomy":"product_brand","embeddable":true,"href":"https:\/\/isfelevatorshop.de\/de\/wp-json\/wp\/v2\/product_brand?post=8817"},{"taxonomy":"product_cat","embeddable":true,"href":"https:\/\/isfelevatorshop.de\/de\/wp-json\/wp\/v2\/product_cat?post=8817"},{"taxonomy":"product_tag","embeddable":true,"href":"https:\/\/isfelevatorshop.de\/de\/wp-json\/wp\/v2\/product_tag?post=8817"}],"curies":[{"name":"wp","href":"https:\/\/api.w.org\/{rel}","templated":true}]}}