{"id":8814,"date":"2024-04-21T22:02:31","date_gmt":"2024-04-21T22:02:31","guid":{"rendered":"https:\/\/isfelevatorshop.de\/arkel-kbl-d3c-1-tuerkontaktkabel-33m-fuer-asansoersysteme\/"},"modified":"2024-04-21T22:02:31","modified_gmt":"2024-04-21T22:02:31","slug":"arkel-kbl-d3c-1-tuerkontaktkabel-33m-fuer-asansoersysteme","status":"publish","type":"product","link":"https:\/\/isfelevatorshop.de\/de\/arkel-kbl-d3c-1-tuerkontaktkabel-33m-fuer-asansoersysteme\/","title":{"rendered":"Arkel KBL-D3C-1 T\u00fcrkontaktkabel 3,3m f\u00fcr Asans\u00f6rsysteme"},"content":{"rendered":"<p>Arkel KBL-D3C-1 T\u00fcrkontaktkabel 3,3m (Hauptleitung) (EN 81-20 Andere T\u00fcrtypen\/Zwei Kabinent\u00fcren) ist ein speziell f\u00fcr Aufzugssysteme entwickeltes Kabel. Das KBL-D3C-1 Kabel ist f\u00fcr T\u00fcrkontakte geeignet und hat eine L\u00e4nge von 3,3 Metern. Es entspricht den EN 81-20 Standards f\u00fcr andere T\u00fcrtypen und zwei Kabinent\u00fcren. Gew\u00e4hrleisten Sie einen zuverl\u00e4ssigen und effizienten T\u00fcrbetrieb mit dem Arkel KBL-D3C-1 T\u00fcrkontaktkabel 3,3m.    <\/p>\n","protected":false},"excerpt":{"rendered":"<p>Arkel KBL-D3C-1 T\u00fcrkontaktkabel 3,3m (Hauptleitung) (EN 81-20 Andere T\u00fcrtypen\/Zwei Kabinent\u00fcren) ist ein speziell f\u00fcr Aufzugssysteme entwickeltes Kabel. Das KBL-D3C-1 Kabel<\/p>\n","protected":false},"featured_media":5982,"comment_status":"open","ping_status":"closed","template":"","meta":[],"product_brand":[],"product_cat":[654],"product_tag":[],"class_list":{"0":"post-8814","1":"product","2":"type-product","3":"status-publish","4":"has-post-thumbnail","6":"product_cat-turkontaktkabel","8":"first","9":"outofstock","10":"taxable","11":"shipping-taxable","12":"purchasable","13":"product-type-simple"},"_links":{"self":[{"href":"https:\/\/isfelevatorshop.de\/de\/wp-json\/wp\/v2\/product\/8814","targetHints":{"allow":["GET"]}}],"collection":[{"href":"https:\/\/isfelevatorshop.de\/de\/wp-json\/wp\/v2\/product"}],"about":[{"href":"https:\/\/isfelevatorshop.de\/de\/wp-json\/wp\/v2\/types\/product"}],"replies":[{"embeddable":true,"href":"https:\/\/isfelevatorshop.de\/de\/wp-json\/wp\/v2\/comments?post=8814"}],"version-history":[{"count":0,"href":"https:\/\/isfelevatorshop.de\/de\/wp-json\/wp\/v2\/product\/8814\/revisions"}],"wp:featuredmedia":[{"embeddable":true,"href":"https:\/\/isfelevatorshop.de\/de\/wp-json\/wp\/v2\/media\/5982"}],"wp:attachment":[{"href":"https:\/\/isfelevatorshop.de\/de\/wp-json\/wp\/v2\/media?parent=8814"}],"wp:term":[{"taxonomy":"product_brand","embeddable":true,"href":"https:\/\/isfelevatorshop.de\/de\/wp-json\/wp\/v2\/product_brand?post=8814"},{"taxonomy":"product_cat","embeddable":true,"href":"https:\/\/isfelevatorshop.de\/de\/wp-json\/wp\/v2\/product_cat?post=8814"},{"taxonomy":"product_tag","embeddable":true,"href":"https:\/\/isfelevatorshop.de\/de\/wp-json\/wp\/v2\/product_tag?post=8814"}],"curies":[{"name":"wp","href":"https:\/\/api.w.org\/{rel}","templated":true}]}}