{"id":8813,"date":"2024-04-21T22:41:11","date_gmt":"2024-04-21T22:41:11","guid":{"rendered":"https:\/\/isfelevatorshop.de\/arkel-kbl-dcn3-tuerkontaktkabel-10m\/"},"modified":"2024-04-21T22:41:11","modified_gmt":"2024-04-21T22:41:11","slug":"arkel-kbl-dcn3-tuerkontaktkabel-10m","status":"publish","type":"product","link":"https:\/\/isfelevatorshop.de\/de\/arkel-kbl-dcn3-tuerkontaktkabel-10m\/","title":{"rendered":"Arkel KBL-DCN3 T\u00fcrkontaktkabel 10m."},"content":{"rendered":"<p>Das Arkel KBL-DCN3 T\u00fcrkontaktkabel 10m ist ein hochwertiges Kabel, das f\u00fcr den Anschluss von Aufzugst\u00fcrkontakten in Sicherheitssystemen entwickelt wurde. Mit einer L\u00e4nge von 10 Metern bietet es eine ausreichende Reichweite f\u00fcr flexible Installationsm\u00f6glichkeiten. Das KBL-DCN3 Kabel wurde von Arkel speziell entwickelt, um zuverl\u00e4ssige und sichere Verbindungen zu gew\u00e4hrleisten, was es zu einer idealen Wahl f\u00fcr Fachleute in der Sicherheitsbranche macht.  <\/p>\n<p>&nbsp;<\/p>\n","protected":false},"excerpt":{"rendered":"<p>Das Arkel KBL-DCN3 T\u00fcrkontaktkabel 10m ist ein hochwertiges Kabel, das f\u00fcr den Anschluss von Aufzugst\u00fcrkontakten in Sicherheitssystemen entwickelt wurde. Mit<\/p>\n","protected":false},"featured_media":8434,"comment_status":"open","ping_status":"closed","template":"","meta":[],"product_brand":[],"product_cat":[654],"product_tag":[],"class_list":{"0":"post-8813","1":"product","2":"type-product","3":"status-publish","4":"has-post-thumbnail","6":"product_cat-turkontaktkabel","8":"first","9":"instock","10":"taxable","11":"shipping-taxable","12":"purchasable","13":"product-type-simple"},"_links":{"self":[{"href":"https:\/\/isfelevatorshop.de\/de\/wp-json\/wp\/v2\/product\/8813","targetHints":{"allow":["GET"]}}],"collection":[{"href":"https:\/\/isfelevatorshop.de\/de\/wp-json\/wp\/v2\/product"}],"about":[{"href":"https:\/\/isfelevatorshop.de\/de\/wp-json\/wp\/v2\/types\/product"}],"replies":[{"embeddable":true,"href":"https:\/\/isfelevatorshop.de\/de\/wp-json\/wp\/v2\/comments?post=8813"}],"version-history":[{"count":0,"href":"https:\/\/isfelevatorshop.de\/de\/wp-json\/wp\/v2\/product\/8813\/revisions"}],"wp:featuredmedia":[{"embeddable":true,"href":"https:\/\/isfelevatorshop.de\/de\/wp-json\/wp\/v2\/media\/8434"}],"wp:attachment":[{"href":"https:\/\/isfelevatorshop.de\/de\/wp-json\/wp\/v2\/media?parent=8813"}],"wp:term":[{"taxonomy":"product_brand","embeddable":true,"href":"https:\/\/isfelevatorshop.de\/de\/wp-json\/wp\/v2\/product_brand?post=8813"},{"taxonomy":"product_cat","embeddable":true,"href":"https:\/\/isfelevatorshop.de\/de\/wp-json\/wp\/v2\/product_cat?post=8813"},{"taxonomy":"product_tag","embeddable":true,"href":"https:\/\/isfelevatorshop.de\/de\/wp-json\/wp\/v2\/product_tag?post=8813"}],"curies":[{"name":"wp","href":"https:\/\/api.w.org\/{rel}","templated":true}]}}