{"id":8812,"date":"2024-06-01T13:41:34","date_gmt":"2024-06-01T13:41:34","guid":{"rendered":"https:\/\/isfelevatorshop.de\/arkel-kbl-d3c-2-tuerkontaktkabel-3m\/"},"modified":"2024-06-01T13:41:34","modified_gmt":"2024-06-01T13:41:34","slug":"arkel-kbl-d3c-2-tuerkontaktkabel-3m","status":"publish","type":"product","link":"https:\/\/isfelevatorshop.de\/de\/arkel-kbl-d3c-2-tuerkontaktkabel-3m\/","title":{"rendered":"Arkel KBL-D3C-2 T\u00fcrkontaktkabel 3m."},"content":{"rendered":"<p>Das Arkel KBL-D3C-2 T\u00fcrkontaktkabel ist ein 3 Meter langes Kabel, das f\u00fcr den Anschluss an Schacht\u00fcren konzipiert wurde und der Norm EN 81-20 f\u00fcr verschiedene T\u00fcrtypen entspricht, einschlie\u00dflich zwei Kabinent\u00fcren. Es ist Teil des Produktsortiments von Arkel, das auf die Erh\u00f6hung der Sicherheit und Funktionalit\u00e4t in Aufzugssystemen abzielt. Dieses Kabel gew\u00e4hrleistet eine zuverl\u00e4ssige Kommunikation und einen reibungslosen Betrieb zwischen der Aufzugsteuerung und den Schacht\u00fcren, was zur Gesamtsicherheit und Effizienz des Aufzugssystems beitr\u00e4gt.  <\/p>\n","protected":false},"excerpt":{"rendered":"<p>Das Arkel KBL-D3C-2 T\u00fcrkontaktkabel ist ein 3 Meter langes Kabel, das f\u00fcr den Anschluss an Schacht\u00fcren konzipiert wurde und der<\/p>\n","protected":false},"featured_media":8429,"comment_status":"open","ping_status":"closed","template":"","meta":[],"product_brand":[],"product_cat":[654],"product_tag":[],"class_list":{"0":"post-8812","1":"product","2":"type-product","3":"status-publish","4":"has-post-thumbnail","6":"product_cat-turkontaktkabel","8":"first","9":"instock","10":"taxable","11":"shipping-taxable","12":"purchasable","13":"product-type-simple"},"_links":{"self":[{"href":"https:\/\/isfelevatorshop.de\/de\/wp-json\/wp\/v2\/product\/8812","targetHints":{"allow":["GET"]}}],"collection":[{"href":"https:\/\/isfelevatorshop.de\/de\/wp-json\/wp\/v2\/product"}],"about":[{"href":"https:\/\/isfelevatorshop.de\/de\/wp-json\/wp\/v2\/types\/product"}],"replies":[{"embeddable":true,"href":"https:\/\/isfelevatorshop.de\/de\/wp-json\/wp\/v2\/comments?post=8812"}],"version-history":[{"count":0,"href":"https:\/\/isfelevatorshop.de\/de\/wp-json\/wp\/v2\/product\/8812\/revisions"}],"wp:featuredmedia":[{"embeddable":true,"href":"https:\/\/isfelevatorshop.de\/de\/wp-json\/wp\/v2\/media\/8429"}],"wp:attachment":[{"href":"https:\/\/isfelevatorshop.de\/de\/wp-json\/wp\/v2\/media?parent=8812"}],"wp:term":[{"taxonomy":"product_brand","embeddable":true,"href":"https:\/\/isfelevatorshop.de\/de\/wp-json\/wp\/v2\/product_brand?post=8812"},{"taxonomy":"product_cat","embeddable":true,"href":"https:\/\/isfelevatorshop.de\/de\/wp-json\/wp\/v2\/product_cat?post=8812"},{"taxonomy":"product_tag","embeddable":true,"href":"https:\/\/isfelevatorshop.de\/de\/wp-json\/wp\/v2\/product_tag?post=8812"}],"curies":[{"name":"wp","href":"https:\/\/api.w.org\/{rel}","templated":true}]}}