{"id":8811,"date":"2024-06-01T13:58:00","date_gmt":"2024-06-01T13:58:00","guid":{"rendered":"https:\/\/isfelevatorshop.de\/arkel-kbl-d3c-3-tuerkontaktkabel-10m\/"},"modified":"2024-06-01T13:58:00","modified_gmt":"2024-06-01T13:58:00","slug":"arkel-kbl-d3c-3-tuerkontaktkabel-10m","status":"publish","type":"product","link":"https:\/\/isfelevatorshop.de\/de\/arkel-kbl-d3c-3-tuerkontaktkabel-10m\/","title":{"rendered":"Arkel KBL-D3C-3 T\u00fcrkontaktkabel 10m."},"content":{"rendered":"<p>Das Arkel KBL-D3C-3 T\u00fcrkontaktkabel ist ein 10 Meter langes Hauptleitungskabel, das speziell f\u00fcr Aufzugssysteme entwickelt wurde. Es entspricht der Norm EN 81-20 und ist f\u00fcr verschiedene T\u00fcrentypen geeignet, einschlie\u00dflich Systemen mit zwei Kabinent\u00fcren. Dieses Kabel gew\u00e4hrleistet einen sicheren und zuverl\u00e4ssigen Kontakt zwischen den Aufzugsteuerungen und den T\u00fcren, was die Sicherheit und Effizienz des Aufzugssystems erh\u00f6ht. Es ist eine entscheidende Komponente zur Aufrechterhaltung der Betriebsintegrit\u00e4t in Aufzugsanlagen.   <\/p>\n<p>&nbsp;<\/p>\n","protected":false},"excerpt":{"rendered":"<p>Das Arkel KBL-D3C-3 T\u00fcrkontaktkabel ist ein 10 Meter langes Hauptleitungskabel, das speziell f\u00fcr Aufzugssysteme entwickelt wurde. Es entspricht der Norm<\/p>\n","protected":false},"featured_media":8430,"comment_status":"open","ping_status":"closed","template":"","meta":[],"product_brand":[],"product_cat":[654],"product_tag":[],"class_list":{"0":"post-8811","1":"product","2":"type-product","3":"status-publish","4":"has-post-thumbnail","6":"product_cat-turkontaktkabel","8":"first","9":"instock","10":"taxable","11":"shipping-taxable","12":"purchasable","13":"product-type-simple"},"_links":{"self":[{"href":"https:\/\/isfelevatorshop.de\/de\/wp-json\/wp\/v2\/product\/8811","targetHints":{"allow":["GET"]}}],"collection":[{"href":"https:\/\/isfelevatorshop.de\/de\/wp-json\/wp\/v2\/product"}],"about":[{"href":"https:\/\/isfelevatorshop.de\/de\/wp-json\/wp\/v2\/types\/product"}],"replies":[{"embeddable":true,"href":"https:\/\/isfelevatorshop.de\/de\/wp-json\/wp\/v2\/comments?post=8811"}],"version-history":[{"count":0,"href":"https:\/\/isfelevatorshop.de\/de\/wp-json\/wp\/v2\/product\/8811\/revisions"}],"wp:featuredmedia":[{"embeddable":true,"href":"https:\/\/isfelevatorshop.de\/de\/wp-json\/wp\/v2\/media\/8430"}],"wp:attachment":[{"href":"https:\/\/isfelevatorshop.de\/de\/wp-json\/wp\/v2\/media?parent=8811"}],"wp:term":[{"taxonomy":"product_brand","embeddable":true,"href":"https:\/\/isfelevatorshop.de\/de\/wp-json\/wp\/v2\/product_brand?post=8811"},{"taxonomy":"product_cat","embeddable":true,"href":"https:\/\/isfelevatorshop.de\/de\/wp-json\/wp\/v2\/product_cat?post=8811"},{"taxonomy":"product_tag","embeddable":true,"href":"https:\/\/isfelevatorshop.de\/de\/wp-json\/wp\/v2\/product_tag?post=8811"}],"curies":[{"name":"wp","href":"https:\/\/api.w.org\/{rel}","templated":true}]}}