{"id":8810,"date":"2024-06-01T14:07:00","date_gmt":"2024-06-01T14:07:00","guid":{"rendered":"https:\/\/isfelevatorshop.de\/arkel-kbl-dcn1-tuerkontaktkabel-33m\/"},"modified":"2024-06-01T14:07:00","modified_gmt":"2024-06-01T14:07:00","slug":"arkel-kbl-dcn1-tuerkontaktkabel-33m","status":"publish","type":"product","link":"https:\/\/isfelevatorshop.de\/de\/arkel-kbl-dcn1-tuerkontaktkabel-33m\/","title":{"rendered":"Arkel KBL-DCN1 T\u00fcrkontaktkabel 3,3m."},"content":{"rendered":"<p>Das Arkel KBL-DCN1 T\u00fcrkontaktkabel ist ein 3,3 Meter langes Hauptleitungskabel, das f\u00fcr den Einsatz in Aufzugsystemen entwickelt wurde. Dieses Kabel gew\u00e4hrleistet eine zuverl\u00e4ssige Verbindung zwischen der Aufzugsteuerung und den T\u00fcrkontakten, was f\u00fcr den sicheren Betrieb von Aufz\u00fcgen entscheidend ist. Konform mit den Normen EN 81-20 ist es f\u00fcr verschiedene T\u00fcrtypen geeignet, einschlie\u00dflich Installationen mit zwei Kabinent\u00fcren. Das Kabel ist Teil des Sortiments an hochwertigen Komponenten von Arkel, die darauf abzielen, die Sicherheit und Leistung von Aufz\u00fcgen zu verbessern.   <\/p>\n<p>&nbsp;<\/p>\n","protected":false},"excerpt":{"rendered":"<p>Das Arkel KBL-DCN1 T\u00fcrkontaktkabel ist ein 3,3 Meter langes Hauptleitungskabel, das f\u00fcr den Einsatz in Aufzugsystemen entwickelt wurde. Dieses Kabel<\/p>\n","protected":false},"featured_media":8432,"comment_status":"open","ping_status":"closed","template":"","meta":[],"product_brand":[],"product_cat":[654],"product_tag":[],"class_list":{"0":"post-8810","1":"product","2":"type-product","3":"status-publish","4":"has-post-thumbnail","6":"product_cat-turkontaktkabel","8":"first","9":"instock","10":"taxable","11":"shipping-taxable","12":"purchasable","13":"product-type-simple"},"_links":{"self":[{"href":"https:\/\/isfelevatorshop.de\/de\/wp-json\/wp\/v2\/product\/8810","targetHints":{"allow":["GET"]}}],"collection":[{"href":"https:\/\/isfelevatorshop.de\/de\/wp-json\/wp\/v2\/product"}],"about":[{"href":"https:\/\/isfelevatorshop.de\/de\/wp-json\/wp\/v2\/types\/product"}],"replies":[{"embeddable":true,"href":"https:\/\/isfelevatorshop.de\/de\/wp-json\/wp\/v2\/comments?post=8810"}],"version-history":[{"count":0,"href":"https:\/\/isfelevatorshop.de\/de\/wp-json\/wp\/v2\/product\/8810\/revisions"}],"wp:featuredmedia":[{"embeddable":true,"href":"https:\/\/isfelevatorshop.de\/de\/wp-json\/wp\/v2\/media\/8432"}],"wp:attachment":[{"href":"https:\/\/isfelevatorshop.de\/de\/wp-json\/wp\/v2\/media?parent=8810"}],"wp:term":[{"taxonomy":"product_brand","embeddable":true,"href":"https:\/\/isfelevatorshop.de\/de\/wp-json\/wp\/v2\/product_brand?post=8810"},{"taxonomy":"product_cat","embeddable":true,"href":"https:\/\/isfelevatorshop.de\/de\/wp-json\/wp\/v2\/product_cat?post=8810"},{"taxonomy":"product_tag","embeddable":true,"href":"https:\/\/isfelevatorshop.de\/de\/wp-json\/wp\/v2\/product_tag?post=8810"}],"curies":[{"name":"wp","href":"https:\/\/api.w.org\/{rel}","templated":true}]}}