{"id":8809,"date":"2024-06-01T14:34:12","date_gmt":"2024-06-01T14:34:12","guid":{"rendered":"https:\/\/isfelevatorshop.de\/arkel-km-30s-motor\/"},"modified":"2024-06-01T14:34:12","modified_gmt":"2024-06-01T14:34:12","slug":"arkel-km-30s-motor","status":"publish","type":"product","link":"https:\/\/isfelevatorshop.de\/de\/arkel-km-30s-motor\/","title":{"rendered":"Arkel KM-30S MOTOR"},"content":{"rendered":"<p>Der Arkel KM-30S MOTOR ARDM-1 T\u00fcrmotor ist eine Hochleistungskomponente, die f\u00fcr den Einsatz in Aufzugsystemen entwickelt wurde. Dieser Motor arbeitet mit 105W und 220V und bietet ein Drehmoment von 2Nm, wodurch er f\u00fcr Teleskop-Aufzugst\u00fcren mit Synchronmotor geeignet ist. Er verf\u00fcgt \u00fcber einen robusten Schutz durch eine 2A-Sicherung und bietet Sprachoptionen in T\u00fcrkisch und Englisch f\u00fcr eine einfache Bedienung. Der Motor ist zudem mit einem akustischen Warnsystem \u00fcber einen Summer ausgestattet und besitzt eine benutzerfreundliche Schnittstelle mit einem 16-Zeichen-LCD-Bildschirm und einem 4-Tasten-Set.   <\/p>\n","protected":false},"excerpt":{"rendered":"<p>Der Arkel KM-30S MOTOR ARDM-1 T\u00fcrmotor ist eine Hochleistungskomponente, die f\u00fcr den Einsatz in Aufzugsystemen entwickelt wurde. Dieser Motor arbeitet<\/p>\n","protected":false},"featured_media":8789,"comment_status":"open","ping_status":"closed","template":"","meta":[],"product_brand":[],"product_cat":[611],"product_tag":[],"class_list":{"0":"post-8809","1":"product","2":"type-product","3":"status-publish","4":"has-post-thumbnail","6":"product_cat-arkel","8":"first","9":"instock","10":"taxable","11":"shipping-taxable","12":"purchasable","13":"product-type-simple"},"_links":{"self":[{"href":"https:\/\/isfelevatorshop.de\/de\/wp-json\/wp\/v2\/product\/8809","targetHints":{"allow":["GET"]}}],"collection":[{"href":"https:\/\/isfelevatorshop.de\/de\/wp-json\/wp\/v2\/product"}],"about":[{"href":"https:\/\/isfelevatorshop.de\/de\/wp-json\/wp\/v2\/types\/product"}],"replies":[{"embeddable":true,"href":"https:\/\/isfelevatorshop.de\/de\/wp-json\/wp\/v2\/comments?post=8809"}],"version-history":[{"count":0,"href":"https:\/\/isfelevatorshop.de\/de\/wp-json\/wp\/v2\/product\/8809\/revisions"}],"wp:featuredmedia":[{"embeddable":true,"href":"https:\/\/isfelevatorshop.de\/de\/wp-json\/wp\/v2\/media\/8789"}],"wp:attachment":[{"href":"https:\/\/isfelevatorshop.de\/de\/wp-json\/wp\/v2\/media?parent=8809"}],"wp:term":[{"taxonomy":"product_brand","embeddable":true,"href":"https:\/\/isfelevatorshop.de\/de\/wp-json\/wp\/v2\/product_brand?post=8809"},{"taxonomy":"product_cat","embeddable":true,"href":"https:\/\/isfelevatorshop.de\/de\/wp-json\/wp\/v2\/product_cat?post=8809"},{"taxonomy":"product_tag","embeddable":true,"href":"https:\/\/isfelevatorshop.de\/de\/wp-json\/wp\/v2\/product_tag?post=8809"}],"curies":[{"name":"wp","href":"https:\/\/api.w.org\/{rel}","templated":true}]}}