{"id":8775,"date":"2025-01-03T21:33:27","date_gmt":"2025-01-03T21:33:27","guid":{"rendered":"https:\/\/isfelevatorshop.de\/arkel-kbl-d1c-1-tuerkontaktkabel-33m-kabinenkabel-fuer-aufzugsysteme\/"},"modified":"2025-12-31T21:40:09","modified_gmt":"2025-12-31T21:40:09","slug":"arkel-kbl-d1c-1-tuerkontaktkabel-33m-kabinenkabel-fuer-aufzugsysteme","status":"publish","type":"product","link":"https:\/\/isfelevatorshop.de\/de\/arkel-kbl-d1c-1-tuerkontaktkabel-33m-kabinenkabel-fuer-aufzugsysteme\/","title":{"rendered":"Arkel KBL-D1C-1 T\u00fcrkontaktkabel 3,3m. Kabinenkabel f\u00fcr Aufzugsysteme"},"content":{"rendered":"<p>thought Das Arkel KBL-D1C-1 T\u00fcrkontaktkabel ist ein spezielles 3,3 Meter langes Hauptleitungskabel, das in \u00dcbereinstimmung mit den EN 81-20 Normen f\u00fcr vollautomatische Aufzugt\u00fcrsysteme entwickelt wurde. Dieses professionelle Kabel wurde speziell f\u00fcr Hauptleitungs-T\u00fcrkontaktanwendungen in modernen Aufzugsanlagen konstruiert. Das Kabel zeichnet sich durch eine robuste Bauweise mit gelb ummantelten Schutzsteckern an beiden Enden und einer hochwertigen grauen Isolierung \u00fcber die gesamte L\u00e4nge aus. Als Hauptleitungskomponente, die f\u00fcr EN 81-20 konforme Systeme zertifiziert ist, gew\u00e4hrleistet es einen zuverl\u00e4ssigen und sicheren T\u00fcrbetrieb und erf\u00fcllt gleichzeitig alle aktuellen Sicherheitsstandards f\u00fcr automatische Aufzugst\u00fcren.   <\/p>\n\r\n\r\nTechnical Features\r\n\r\n\r\n<ul class=\"wp-block-list\">&#13;\n \t<li>Professionelle Zugentlastung an den Anschlusspunkten<\/li>&#13;\n &#13;\n \t<li>Hochwertige Funktionen f\u00fcr die Kabelb\u00fcndelung und -verlegung<\/li>&#13;\n &#13;\n \t<li>Industrietaugliches Steckverbinder-Design mit deutlichen Orientierungsmarkierungen<\/li>&#13;\n &#13;\n \t<li>Gesch\u00fctzte Anschl\u00fcsse mit gelben Sicherheits-Schutzmuffen<\/li>&#13;\n &#13;\n \t<li>Robuste graue Au\u00dfenisolierung f\u00fcr eine verl\u00e4ngerte Lebensdauer<\/li>&#13;\n &#13;\n \t<li>Hauptleitungs-Spezifikation Kabelquerschnitt f\u00fcr eine einwandfreie Signal\u00fcbertragung<\/li>&#13;\n<\/ul>\r\n","protected":false},"excerpt":{"rendered":"<p><!-- wp:paragraph --><\/p>\n<p><strong>Kurzbeschreibung:<\/strong><\/p>\n<p><!-- \/wp:paragraph --> <!-- wp:list --><\/p>\n<ul class=\"wp-block-list\"><!-- wp:list-item --><\/p>\n<li>Kurzbeschreibung:<\/li>\n<p><!-- \/wp:list-item --> <!-- wp:list-item --><\/p>\n<li>Professionelle 3,3-Meter-L\u00e4nge, optimiert f\u00fcr Standard-Aufzugsinstallationen<\/li>\n<p><!-- \/wp:list-item --> <!-- wp:list-item --><\/p>\n<li>Speziell f\u00fcr Hauptschachtt\u00fcrkontakt-Anwendungen entwickelt<\/li>\n<p><!-- \/wp:list-item --> <!-- wp:list-item --><\/p>\n<li>Verf\u00fcgt \u00fcber Industriesteckverbinder mit gelben Schutzh\u00fcllen<\/li>\n<p><!-- \/wp:list-item --> <!-- wp:list-item --><\/p>\n<li>Hochbelastbare graue isolierte Kabelkonstruktion f\u00fcr maximale Haltbarkeit<\/li>\n<p><!-- \/wp:list-item --> <!-- wp:list-item --><\/p>\n<li>Kompatibel mit EN 81-20 zertifizierten vollautomatischen T\u00fcrsystemen<\/li>\n<p><!-- \/wp:list-item --> <!-- wp:list-item --><\/p>\n<li>Hergestellt von Arkel, einem vertrauensw\u00fcrdigen Namen f\u00fcr Sicherheitskomponenten im Aufzugsbau<\/li>\n<p><!-- \/wp:list-item --> <!-- wp:list-item --><\/p>\n<li>SKU: 1003522 f\u00fcr einfache Bestandsverfolgung und Bestellung<\/li>\n<p><!-- \/wp:list-item --> <!-- wp:list-item --><\/p>\n<li>Vorkonfektioniertes Design mit professionellen Steckverbindern f\u00fcr eine zuverl\u00e4ssige Installation<\/li>\n<p><!-- \/wp:list-item --> <!-- wp:list-item --><\/p>\n<li>Vorkonfektioniertes Design mit professionellen Steckverbindern f\u00fcr eine zuverl\u00e4ssige Installation<\/li>\n<p><!-- \/wp:list-item --><\/ul>\n<p><!-- \/wp:list --><\/p>\n","protected":false},"featured_media":8424,"comment_status":"open","ping_status":"closed","template":"","meta":[],"product_brand":[],"product_cat":[654],"product_tag":[],"class_list":{"0":"post-8775","1":"product","2":"type-product","3":"status-publish","4":"has-post-thumbnail","6":"product_cat-turkontaktkabel","8":"first","9":"instock","10":"taxable","11":"shipping-taxable","12":"purchasable","13":"product-type-simple"},"_links":{"self":[{"href":"https:\/\/isfelevatorshop.de\/de\/wp-json\/wp\/v2\/product\/8775","targetHints":{"allow":["GET"]}}],"collection":[{"href":"https:\/\/isfelevatorshop.de\/de\/wp-json\/wp\/v2\/product"}],"about":[{"href":"https:\/\/isfelevatorshop.de\/de\/wp-json\/wp\/v2\/types\/product"}],"replies":[{"embeddable":true,"href":"https:\/\/isfelevatorshop.de\/de\/wp-json\/wp\/v2\/comments?post=8775"}],"version-history":[{"count":1,"href":"https:\/\/isfelevatorshop.de\/de\/wp-json\/wp\/v2\/product\/8775\/revisions"}],"predecessor-version":[{"id":8776,"href":"https:\/\/isfelevatorshop.de\/de\/wp-json\/wp\/v2\/product\/8775\/revisions\/8776"}],"wp:featuredmedia":[{"embeddable":true,"href":"https:\/\/isfelevatorshop.de\/de\/wp-json\/wp\/v2\/media\/8424"}],"wp:attachment":[{"href":"https:\/\/isfelevatorshop.de\/de\/wp-json\/wp\/v2\/media?parent=8775"}],"wp:term":[{"taxonomy":"product_brand","embeddable":true,"href":"https:\/\/isfelevatorshop.de\/de\/wp-json\/wp\/v2\/product_brand?post=8775"},{"taxonomy":"product_cat","embeddable":true,"href":"https:\/\/isfelevatorshop.de\/de\/wp-json\/wp\/v2\/product_cat?post=8775"},{"taxonomy":"product_tag","embeddable":true,"href":"https:\/\/isfelevatorshop.de\/de\/wp-json\/wp\/v2\/product_tag?post=8775"}],"curies":[{"name":"wp","href":"https:\/\/api.w.org\/{rel}","templated":true}]}}