{"id":8043,"date":"2024-06-01T15:14:29","date_gmt":"2024-06-01T15:14:29","guid":{"rendered":"https:\/\/isfelevatorshop.de\/arkel-sp16-arl500-seriell-parallel-wandlerplatine-arl-500-fuer-aufzugsanlagen\/"},"modified":"2024-06-01T15:14:29","modified_gmt":"2024-06-01T15:14:29","slug":"arkel-sp16-arl500-seriell-parallel-wandlerplatine-arl-500-fuer-aufzugsanlagen","status":"publish","type":"product","link":"https:\/\/isfelevatorshop.de\/de\/arkel-sp16-arl500-seriell-parallel-wandlerplatine-arl-500-fuer-aufzugsanlagen\/","title":{"rendered":"Arkel SP16 ARL500 Seriell-Parallel-Wandlerplatine (ARL-500) f\u00fcr Aufzugsanlagen"},"content":{"rendered":"<p>Die Arkel SP16 ARL500 Seriell-Parallel-Wandlerplatine wurde entwickelt, um es Steuerungen, wie z. B. ARCODE oder ARL500, die typischerweise mit seriellen Installationen arbeiten, zu erm\u00f6glichen, in Geb\u00e4uden mit parallelen Netzwerken zu funktionieren. Diese vielseitige Platine unterst\u00fctzt bis zu 16 Stockwerke in Einwegkommunikation und bis zu 9 Stockwerke in Zweiwegkommunikation. Bei Bedarf k\u00f6nnen zus\u00e4tzliche SP16-Platinen kaskadiert werden, um mehr Stockwerke zu unterst\u00fctzen.  <\/p>\n<p>Zu den Hauptmerkmalen der SP16 geh\u00f6ren:<br \/>\n&#8211; Eingangsversorgungsspannung von 24 VDC mit einer maximalen Leistungsaufnahme von 1 W.<br \/>\n&#8211; Ausg\u00e4nge umfassen 7-Segment- und Gray-Code-Optionen, die maximal 400 mA bzw. 200 mA bei 24 V unterst\u00fctzen.<br \/>\n&#8211; Ruftasterunterst\u00fctzung f\u00fcr bis zu 16 Haltestellen (einfache Erfassung) und 9 Haltestellen (doppelte Erfassung).<br \/>\n&#8211; Vordefinierte Relaisausg\u00e4nge f\u00fcr Zust\u00e4nde wie \u201eAu\u00dfer Betrieb\u201c, \u201eBesch\u00e4ftigt\u201c, \u201eAbw\u00e4rts\u201c und \u201eAufw\u00e4rtsrichtung\u201c.<br \/>\n&#8211; Einfache Programmierung \u00fcber DIP-Schalter.<\/p>\n","protected":false},"excerpt":{"rendered":"<p>Die Arkel SP16 ARL500 Seriell-Parallel-Wandlerplatine wurde entwickelt, um es Steuerungen, wie z. B. ARCODE oder ARL500, die typischerweise mit seriellen<\/p>\n","protected":false},"featured_media":8040,"comment_status":"open","ping_status":"closed","template":"","meta":[],"product_brand":[],"product_cat":[636,611],"product_tag":[],"class_list":{"0":"post-8043","1":"product","2":"type-product","3":"status-publish","4":"has-post-thumbnail","6":"product_cat-arl-500-peripheriegerate","7":"product_cat-arkel","9":"first","10":"instock","11":"taxable","12":"shipping-taxable","13":"purchasable","14":"product-type-simple"},"_links":{"self":[{"href":"https:\/\/isfelevatorshop.de\/de\/wp-json\/wp\/v2\/product\/8043","targetHints":{"allow":["GET"]}}],"collection":[{"href":"https:\/\/isfelevatorshop.de\/de\/wp-json\/wp\/v2\/product"}],"about":[{"href":"https:\/\/isfelevatorshop.de\/de\/wp-json\/wp\/v2\/types\/product"}],"replies":[{"embeddable":true,"href":"https:\/\/isfelevatorshop.de\/de\/wp-json\/wp\/v2\/comments?post=8043"}],"version-history":[{"count":0,"href":"https:\/\/isfelevatorshop.de\/de\/wp-json\/wp\/v2\/product\/8043\/revisions"}],"wp:featuredmedia":[{"embeddable":true,"href":"https:\/\/isfelevatorshop.de\/de\/wp-json\/wp\/v2\/media\/8040"}],"wp:attachment":[{"href":"https:\/\/isfelevatorshop.de\/de\/wp-json\/wp\/v2\/media?parent=8043"}],"wp:term":[{"taxonomy":"product_brand","embeddable":true,"href":"https:\/\/isfelevatorshop.de\/de\/wp-json\/wp\/v2\/product_brand?post=8043"},{"taxonomy":"product_cat","embeddable":true,"href":"https:\/\/isfelevatorshop.de\/de\/wp-json\/wp\/v2\/product_cat?post=8043"},{"taxonomy":"product_tag","embeddable":true,"href":"https:\/\/isfelevatorshop.de\/de\/wp-json\/wp\/v2\/product_tag?post=8043"}],"curies":[{"name":"wp","href":"https:\/\/api.w.org\/{rel}","templated":true}]}}