{"id":7779,"date":"2026-01-01T11:00:20","date_gmt":"2026-01-01T11:00:20","guid":{"rendered":"https:\/\/isfelevatorshop.de\/arkel-adrive-4c150-vvvf-frequenzumrichter-15kw-35a-400v\/"},"modified":"2025-02-27T11:00:20","modified_gmt":"2025-02-27T11:00:20","slug":"arkel-adrive-4c150-vvvf-frequenzumrichter-15kw-35a-400v","status":"publish","type":"product","link":"https:\/\/isfelevatorshop.de\/de\/arkel-adrive-4c150-vvvf-frequenzumrichter-15kw-35a-400v\/","title":{"rendered":"Arkel ADrive 4C150 VVVF Frequenzumrichter (15kW, 35A, 400V)"},"content":{"rendered":"<p class=\"ng-star-inserted\"><span class=\"ng-star-inserted\">Erf\u00fcllen Sie die Anforderungen von Aufzugsanlagen mit h\u00f6herer Kapazit\u00e4t mit dem <\/span><strong class=\"ng-star-inserted\"><span class=\"ng-star-inserted\">Arkel ADrive 4C150 VVVF Frequenzumrichter<\/span><\/strong><span class=\"ng-star-inserted\">. Entwickelt f\u00fcr <\/span><strong class=\"ng-star-inserted\"><span class=\"ng-star-inserted\">15 kW<\/span><\/strong><span class=\"ng-star-inserted\"> Motoren und mit einem Nennstrom von <\/span><strong class=\"ng-star-inserted\"><span class=\"ng-star-inserted\">35 A<\/span><\/strong><span class=\"ng-star-inserted\"> bei 400V, bietet dieses Size-C Modell aus der fortschrittlichen ADrive Serie erh\u00f6hte Leistungsreserven. Erh\u00e4ltlich im ISF Elevator Shop, bietet der ADrive 4C150 die gleiche hochentwickelte Vektorregelung, \u00fcberlegenen Fahrkomfort, Energieeffizienz und die wesentlichen Sicherheitsmerkmale der gesamten Serie, skaliert f\u00fcr anspruchsvollere Anwendungen.<\/span><\/p>\n<h2 class=\"ng-star-inserted\"><span class=\"ng-star-inserted\">Wichtigste Merkmale &amp; Vorteile (ADrive 4C150):<\/span><\/h2>\n<ul>\n<li class=\"ng-star-inserted\"><strong class=\"ng-star-inserted\"><span class=\"ng-star-inserted\">Optimiert f\u00fcr 15-kW-Motoren:<\/span><\/strong><span class=\"ng-star-inserted\"> Speziell entwickelt f\u00fcr die Steuerung von Aufzugsmotoren bis zu 15 kW (~20 PS), ideal f\u00fcr gewerbliche Geb\u00e4ude und Aufz\u00fcge mit h\u00f6herer Kapazit\u00e4t.<\/span><\/li>\n<li class=\"ng-star-inserted\"><strong class=\"ng-star-inserted\"><span class=\"ng-star-inserted\">Sanfter &amp; ger\u00e4uscharmer Betrieb:<\/span><\/strong><span class=\"ng-star-inserted\"> Gew\u00e4hrleistet erstklassige Fahrqualit\u00e4t mit nahtloser Beschleunigung\/Verz\u00f6gerung sowie minimalen Ger\u00e4uschen und Vibrationen, dank pr\u00e4ziser VVVF-Vektorregelung und der <\/span><strong class=\"ng-star-inserted\"><span class=\"ng-star-inserted\">Anti-Rollback-Funktion<\/span><\/strong><span class=\"ng-star-inserted\">.<\/span><\/li>\n<li class=\"ng-star-inserted\"><strong class=\"ng-star-inserted\"><span class=\"ng-star-inserted\">Energieeffizienz:<\/span><\/strong><span class=\"ng-star-inserted\"> Tr\u00e4gt zur Senkung der Betriebskosten des Aufzugs bei, indem der Stromverbrauch des Motors optimiert wird, was zu erheblichen Energieeinsparungen f\u00fchrt.<\/span><\/li>\n<li class=\"ng-star-inserted\"><strong class=\"ng-star-inserted\"><span class=\"ng-star-inserted\">Lastunabh\u00e4ngige Leistung:<\/span><\/strong><span class=\"ng-star-inserted\"> Beh\u00e4lt pr\u00e4zise Geschwindigkeitsprofile bei und garantiert eine exakte B\u00fcndigstellung, unabh\u00e4ngig von der Kabinenlast.<\/span><\/li>\n<li class=\"ng-star-inserted\"><strong class=\"ng-star-inserted\"><span class=\"ng-star-inserted\">Breite Motorkompatibilit\u00e4t:<\/span><\/strong><span class=\"ng-star-inserted\"> Steuert sowohl Standard-<\/span><strong class=\"ng-star-inserted\"><span class=\"ng-star-inserted\">Asynchron- (mit Getriebe)<\/span><\/strong><span class=\"ng-star-inserted\"> Motoren (Open\/Closed Loop) als auch hocheffiziente <\/span><strong class=\"ng-star-inserted\"><span class=\"ng-star-inserted\">Synchron- (getriebelos)<\/span><\/strong><span class=\"ng-star-inserted\"> Motoren (Closed Loop, erfordert optionales ENCABIT-Plus Modul).<\/span><\/li>\n<li class=\"ng-star-inserted\"><strong class=\"ng-star-inserted\"><span class=\"ng-star-inserted\">Unterst\u00fctzung der Notbefreiung:<\/span><\/strong><span class=\"ng-star-inserted\"> Vollst\u00e4ndig in der Lage, Notbefreiungsoperationen bei Stromausf\u00e4llen durchzuf\u00fchren, wenn eine externe 24VDC-Steuerspannung und ein geeignetes Batterie- oder USV-System angeschlossen sind.<\/span><\/li>\n<li class=\"ng-star-inserted\"><strong class=\"ng-star-inserted\"><span class=\"ng-star-inserted\">Umfassende Sicherheitsfunktionen:<\/span><\/strong><span class=\"ng-star-inserted\"> Verf\u00fcgt \u00fcber integrierte Schutzvorrichtungen gegen \u00dcberstrom, \u00dcber-\/Unterspannung, Kurzschluss, Phasenausfall, thermische \u00dcberlastung (Frequenzumrichter &amp; Motor \u00fcber PTC) und mehr. EMV-zertifiziert f\u00fcr eine zuverl\u00e4ssige Integration.<\/span><\/li>\n<li class=\"ng-star-inserted\"><strong class=\"ng-star-inserted\"><span class=\"ng-star-inserted\">Benutzerfreundliche Konfiguration:<\/span><\/strong><span class=\"ng-star-inserted\"> Ausgestattet mit einer integrierten LCD- und Tastaturschnittstelle f\u00fcr einfache Einrichtung, \u00dcberwachung und Diagnose unter Verwendung klarer, aufzugspezifischer Parameter.<\/span><\/li>\n<li class=\"ng-star-inserted\"><strong class=\"ng-star-inserted\"><span class=\"ng-star-inserted\">Fortschrittliche Integration:<\/span><\/strong><span class=\"ng-star-inserted\"> Unterst\u00fctzt Auto-Tuning, speichert die letzten 256 Systemfehler und bietet flexible Kommunikationsoptionen f\u00fcr die Integration in die Haupt-<\/span><strong class=\"ng-star-inserted\"><span class=\"ng-star-inserted\">Aufzugsteuerung<\/span><\/strong><span class=\"ng-star-inserted\">.<\/span><\/li>\n<\/ul>\n<h2 class=\"ng-star-inserted\"><span class=\"ng-star-inserted\">Typische Anwendungen:<\/span><\/h2>\n<p class=\"ng-star-inserted\"><span class=\"ng-star-inserted\">Der ADrive 4C150 ist bestens geeignet f\u00fcr:<\/span><\/p>\n<ul>\n<li class=\"ng-star-inserted\"><strong class=\"ng-star-inserted\"><span class=\"ng-star-inserted\">Gewerbegeb\u00e4ude:<\/span><\/strong><span class=\"ng-star-inserted\"> Mittelhohe B\u00fcrogeb\u00e4ude, Hotels, Krankenh\u00e4user.<\/span><\/li>\n<li class=\"ng-star-inserted\"><strong class=\"ng-star-inserted\"><span class=\"ng-star-inserted\">Wohnungsaufz\u00fcge mit h\u00f6herer Kapazit\u00e4t:<\/span><\/strong><span class=\"ng-star-inserted\"> Gr\u00f6\u00dfere Apartmentkomplexe oder Geb\u00e4ude mit h\u00f6herem Verkehrsaufkommen.<\/span><\/li>\n<li class=\"ng-star-inserted\"><strong class=\"ng-star-inserted\"><span class=\"ng-star-inserted\">G\u00fcteraufz\u00fcge \/ Lastenaufz\u00fcge:<\/span><\/strong><span class=\"ng-star-inserted\"> Anwendungen, die eine Steuerung von Motoren im 15kW-Bereich erfordern.<\/span><\/li>\n<li class=\"ng-star-inserted\"><strong class=\"ng-star-inserted\"><span class=\"ng-star-inserted\">Modernisierungsprojekte:<\/span><\/strong><span class=\"ng-star-inserted\"> Austausch \u00e4lterer, weniger effizienter Antriebe in Aufz\u00fcgen mit Motoren bis zu 15 kW.<\/span><\/li>\n<\/ul>\n<h2 class=\"ng-star-inserted\"><span class=\"ng-star-inserted\">Technische Spezifikationen: Arkel ADrive 4C150<\/span><\/h2>\n<div class=\"table-container ng-star-inserted\">\n<table>\n<tbody>\n<tr class=\"table-header ng-star-inserted\">\n<td class=\"ng-star-inserted\"><span class=\"ng-star-inserted\">Spezifikation<\/span><\/td>\n<td class=\"ng-star-inserted\"><span class=\"ng-star-inserted\">Wert<\/span><\/td>\n<\/tr>\n<tr class=\"ng-star-inserted\">\n<td class=\"ng-star-inserted\"><strong class=\"ng-star-inserted\"><span class=\"ng-star-inserted\">Modell<\/span><\/strong><\/td>\n<td class=\"ng-star-inserted\"><span class=\"ng-star-inserted\">ADrive 4C150<\/span><\/td>\n<\/tr>\n<tr class=\"ng-star-inserted\">\n<td class=\"ng-star-inserted\"><strong class=\"ng-star-inserted\"><span class=\"ng-star-inserted\">Arkel Identnummer<\/span><\/strong><\/td>\n<td class=\"ng-star-inserted\"><span class=\"ng-star-inserted\">1001474<\/span><\/td>\n<\/tr>\n<tr class=\"ng-star-inserted\">\n<td class=\"ng-star-inserted\"><strong class=\"ng-star-inserted\"><span class=\"ng-star-inserted\">Steuerungstyp<\/span><\/strong><\/td>\n<td class=\"ng-star-inserted\"><span class=\"ng-star-inserted\">Closed-Loop-Vektorregelung \/ Open-Loop V\/F (nur Asynchron)<\/span><\/td>\n<\/tr>\n<tr class=\"ng-star-inserted\">\n<td class=\"ng-star-inserted\"><strong class=\"ng-star-inserted\"><span class=\"ng-star-inserted\">Eingangsspannung<\/span><\/strong><\/td>\n<td class=\"ng-star-inserted\"><span class=\"ng-star-inserted\">3-Phasen, 340 &#8211; 420 V AC, 50\/60 Hz \u00b15%<\/span><\/td>\n<\/tr>\n<tr class=\"ng-star-inserted\">\n<td class=\"ng-star-inserted\"><strong class=\"ng-star-inserted\"><span class=\"ng-star-inserted\">Ausgangsspannung<\/span><\/strong><\/td>\n<td class=\"ng-star-inserted\"><span class=\"ng-star-inserted\">3-Phasen, 0 &#8211; 400 V AC, 0 &#8211; 100 Hz<\/span><\/td>\n<\/tr>\n<tr class=\"ng-star-inserted\">\n<td class=\"ng-star-inserted\"><strong class=\"ng-star-inserted\"><span class=\"ng-star-inserted\">Nennleistung<\/span><\/strong><\/td>\n<td class=\"ng-star-inserted\"><span class=\"ng-star-inserted\">15 kW<\/span><\/td>\n<\/tr>\n<tr class=\"ng-star-inserted\">\n<td class=\"ng-star-inserted\"><strong class=\"ng-star-inserted\"><span class=\"ng-star-inserted\">Nennausgangsstrom (Inom)<\/span><\/strong><\/td>\n<td class=\"ng-star-inserted\"><span class=\"ng-star-inserted\">35 A<\/span><\/td>\n<\/tr>\n<tr class=\"ng-star-inserted\">\n<td class=\"ng-star-inserted\"><strong class=\"ng-star-inserted\"><span class=\"ng-star-inserted\">Maximaler Ausgangsstrom (&lt; 6s)<\/span><\/strong><\/td>\n<td class=\"ng-star-inserted\"><span class=\"ng-star-inserted\">70 A<\/span><\/td>\n<\/tr>\n<tr class=\"ng-star-inserted\">\n<td class=\"ng-star-inserted\"><strong class=\"ng-star-inserted\"><span class=\"ng-star-inserted\">Kompatible Motortypen<\/span><\/strong><\/td>\n<td class=\"ng-star-inserted\"><span class=\"ng-star-inserted\">Asynchron (mit Getriebe), Synchron (getriebelos)<\/span><\/td>\n<\/tr>\n<tr class=\"ng-star-inserted\">\n<td class=\"ng-star-inserted\"><strong class=\"ng-star-inserted\"><span class=\"ng-star-inserted\">PWM-Verfahren<\/span><\/strong><\/td>\n<td class=\"ng-star-inserted\"><span class=\"ng-star-inserted\">Raumzeigermodulation<\/span><\/td>\n<\/tr>\n<tr class=\"ng-star-inserted\">\n<td class=\"ng-star-inserted\"><strong class=\"ng-star-inserted\"><span class=\"ng-star-inserted\">Taktfrequenz<\/span><\/strong><\/td>\n<td class=\"ng-star-inserted\"><span class=\"ng-star-inserted\">10 kHz (Standard)<\/span><\/td>\n<\/tr>\n<tr class=\"ng-star-inserted\">\n<td class=\"ng-star-inserted\"><strong class=\"ng-star-inserted\"><span class=\"ng-star-inserted\">Versorgung des Steuerkreises<\/span><\/strong><\/td>\n<td class=\"ng-star-inserted\"><span class=\"ng-star-inserted\">Externer 24 V DC Eingang f\u00fcr Backup\/vollen Funktionsumfang erforderlich<\/span><\/td>\n<\/tr>\n<tr class=\"ng-star-inserted\">\n<td class=\"ng-star-inserted\"><strong class=\"ng-star-inserted\"><span class=\"ng-star-inserted\">Drehgebereingang (Inkremental)<\/span><\/strong><\/td>\n<td class=\"ng-star-inserted\"><span class=\"ng-star-inserted\">TTL \/ HTL (500 &#8211; 4096 Impulse) &#8211; Direkter Anschluss<\/span><\/td>\n<\/tr>\n<tr class=\"ng-star-inserted\">\n<td class=\"ng-star-inserted\"><strong class=\"ng-star-inserted\"><span class=\"ng-star-inserted\">Drehgeber-Eingang (Absolut)<\/span><\/strong><\/td>\n<td class=\"ng-star-inserted\"><span class=\"ng-star-inserted\">EnDat \/ SSI \/ SinCos (Erfordert optionales ENCABIT-Plus Modul)<\/span><\/td>\n<\/tr>\n<tr class=\"ng-star-inserted\">\n<td class=\"ng-star-inserted\"><strong class=\"ng-star-inserted\"><span class=\"ng-star-inserted\">Kommunikationsschnittstellen<\/span><\/strong><\/td>\n<td class=\"ng-star-inserted\"><span class=\"ng-star-inserted\">RS-485, CANbus (mit ENCABIT-Plus), RS-232 (PC-Anschluss)<\/span><\/td>\n<\/tr>\n<tr class=\"ng-star-inserted\">\n<td class=\"ng-star-inserted\"><strong class=\"ng-star-inserted\"><span class=\"ng-star-inserted\">Schutzfunktionen<\/span><\/strong><\/td>\n<td class=\"ng-star-inserted\"><span class=\"ng-star-inserted\">\u00dcberstrom, \u00dcber-\/Unterspannung, \u00dcberhitzung, Kurzschluss, etc.<\/span><\/td>\n<\/tr>\n<tr class=\"ng-star-inserted\">\n<td class=\"ng-star-inserted\"><strong class=\"ng-star-inserted\"><span class=\"ng-star-inserted\">K\u00fchlung<\/span><\/strong><\/td>\n<td class=\"ng-star-inserted\"><span class=\"ng-star-inserted\">Zwangsbel\u00fcftung (Integrierte L\u00fcfter)<\/span><\/td>\n<\/tr>\n<tr class=\"ng-star-inserted\">\n<td class=\"ng-star-inserted\"><strong class=\"ng-star-inserted\"><span class=\"ng-star-inserted\">Abmessungen (BxHxT ca.)<\/span><\/strong><\/td>\n<td class=\"ng-star-inserted\"><span class=\"ng-star-inserted\">289 x 442 x 205 mm (Geh\u00e4usegr\u00f6\u00dfe C)<\/span><\/td>\n<\/tr>\n<tr class=\"ng-star-inserted\">\n<td class=\"ng-star-inserted\"><strong class=\"ng-star-inserted\"><span class=\"ng-star-inserted\">Gewicht (ca.)<\/span><\/strong><\/td>\n<td class=\"ng-star-inserted\"><span class=\"ng-star-inserted\">Schwerer als Baugr\u00f6\u00dfe-B Modelle (Exaktes Gewicht folgt)<\/span><\/td>\n<\/tr>\n<tr class=\"ng-star-inserted\">\n<td class=\"ng-star-inserted\"><strong class=\"ng-star-inserted\"><span class=\"ng-star-inserted\">Montage<\/span><\/strong><\/td>\n<td class=\"ng-star-inserted\"><span class=\"ng-star-inserted\">Vertikale Wandmontage<\/span><\/td>\n<\/tr>\n<tr class=\"ng-star-inserted\">\n<td class=\"ng-star-inserted\"><strong class=\"ng-star-inserted\"><span class=\"ng-star-inserted\">Normenkonformit\u00e4t<\/span><\/strong><\/td>\n<td class=\"ng-star-inserted\"><span class=\"ng-star-inserted\">EMV-zertifiziert, EN 81-1\/A2 (relevante Abschnitte)<\/span><\/td>\n<\/tr>\n<\/tbody>\n<\/table>\n<\/div>\n<h2 class=\"ng-star-inserted\"><span class=\"ng-star-inserted\">Optionales Zubeh\u00f6r:<\/span><\/h2>\n<ul>\n<li class=\"ng-star-inserted\"><strong class=\"ng-star-inserted\"><span class=\"ng-star-inserted\">Arkel ENCABIT-Plus Modul:<\/span><\/strong><span class=\"ng-star-inserted\"> Erforderlich f\u00fcr den Anschluss von Absolutwert-Drehgebern bei Verwendung von Synchronmotoren.<\/span><\/li>\n<li class=\"ng-star-inserted\"><strong class=\"ng-star-inserted\"><span class=\"ng-star-inserted\">Arkel SCR01 ADrive Remote Keypad:<\/span><\/strong><span class=\"ng-star-inserted\"> Erm\u00f6glicht einen komfortablen Fernzugriff f\u00fcr Konfiguration und \u00dcberwachung.<\/span><\/li>\n<li class=\"ng-star-inserted\"><strong class=\"ng-star-inserted\"><span class=\"ng-star-inserted\">Arkel Data Key:<\/span><\/strong><span class=\"ng-star-inserted\"> N\u00fctzlich f\u00fcr die Parametersicherung und den einfachen Transfer.<\/span><\/li>\n<li class=\"ng-star-inserted\"><strong class=\"ng-star-inserted\"><span class=\"ng-star-inserted\">Bremswiderstand:<\/span><\/strong><span class=\"ng-star-inserted\"> Erforderlich zur Ableitung regenerativer Energie. Auswahl basierend auf Anwendungsdetails (siehe ADrive Handbuch).<\/span><\/li>\n<li class=\"ng-star-inserted\"><strong class=\"ng-star-inserted\"><span class=\"ng-star-inserted\">EMI-Filter \/ Netzdrossel:<\/span><\/strong><span class=\"ng-star-inserted\"> Empfohlen f\u00fcr optimale EMV-Konformit\u00e4t und zur Reduzierung von Oberschwingungen.<\/span><\/li>\n<\/ul>\n<hr class=\"ng-star-inserted\">\n<h2 class=\"ng-star-inserted\"><span class=\"ng-star-inserted\">H\u00e4ufig gestellte Fragen (FAQ) &#8211; Arkel ADrive 4C150<\/span><\/h2>\n<p class=\"ng-star-inserted\"><strong class=\"ng-star-inserted\"><span class=\"ng-star-inserted\">F1: Was ist die maximale Nennleistung f\u00fcr den ADrive 4C150?<\/span><\/strong><br \/><span class=\"ng-star-inserted\">A: Dieser Frequenzumrichter ist f\u00fcr die Steuerung von Aufzugsmotoren mit einer Nennleistung von bis zu <\/span><strong class=\"ng-star-inserted\"><span class=\"ng-star-inserted\">15 kW<\/span><\/strong><span class=\"ng-star-inserted\"> (ca. 20 PS) ausgelegt.<\/span><\/p>\n<p class=\"ng-star-inserted\"><strong class=\"ng-star-inserted\"><span class=\"ng-star-inserted\">F2: Kann es mit getriebelosen (Synchron-) Motoren verwendet werden?<\/span><\/strong><br \/><span class=\"ng-star-inserted\">A: <\/span><strong class=\"ng-star-inserted\"><span class=\"ng-star-inserted\">Ja<\/span><\/strong><span class=\"ng-star-inserted\">, aber wie andere ADrive Modelle ben\u00f6tigt es das zus\u00e4tzliche <\/span><strong class=\"ng-star-inserted\"><span class=\"ng-star-inserted\">Arkel ENCABIT-Plus Modul<\/span><\/strong><span class=\"ng-star-inserted\"> f\u00fcr die Anbindung an die erforderlichen Absolutwert-Drehgeber (EnDat, SSI, SinCos).<\/span><\/p>\n<p class=\"ng-star-inserted\"><strong class=\"ng-star-inserted\"><span class=\"ng-star-inserted\">F3: Unterst\u00fctzt es Standard-Asynchronmotoren ohne Drehgeber?<\/span><\/strong><br \/><span class=\"ng-star-inserted\">A: <\/span><strong class=\"ng-star-inserted\"><span class=\"ng-star-inserted\">Ja<\/span><\/strong><span class=\"ng-star-inserted\">, der Open-Loop V\/F-Steuerungsmodus ist f\u00fcr Asynchronmotoren verf\u00fcgbar.<\/span><\/p>\n<p class=\"ng-star-inserted\"><strong class=\"ng-star-inserted\"><span class=\"ng-star-inserted\">F4: Was sind die Hauptunterschiede zwischen diesem Modell (4C150) und den leistungsschw\u00e4cheren 4B-Modellen?<\/span><\/strong><br \/><span class=\"ng-star-inserted\">A: Der Hauptunterschied liegt in der <\/span><strong class=\"ng-star-inserted\"><span class=\"ng-star-inserted\">h\u00f6heren Leistung und Strombelastbarkeit<\/span><\/strong><span class=\"ng-star-inserted\"> (15kW\/35A gegen\u00fcber niedrigeren Werten). Es verwendet zudem ein gr\u00f6\u00dferes <\/span><strong class=\"ng-star-inserted\"><span class=\"ng-star-inserted\">Geh\u00e4use der Baugr\u00f6\u00dfe C<\/span><\/strong><span class=\"ng-star-inserted\"> im Vergleich zum Geh\u00e4use der Baugr\u00f6\u00dfe B der 4B-Modelle. Funktionalit\u00e4t und Merkmale sind innerhalb der ADrive-Serie weitgehend identisch.<\/span><\/p>\n<p class=\"ng-star-inserted\"><strong class=\"ng-star-inserted\"><span class=\"ng-star-inserted\">F5: Ist ein Bremswiderstand im Lieferumfang enthalten?<\/span><\/strong><br \/><span class=\"ng-star-inserted\">A: <\/span><strong class=\"ng-star-inserted\"><span class=\"ng-star-inserted\">Nein.<\/span><\/strong><span class=\"ng-star-inserted\"> Ein passender Bremswiderstand muss basierend auf den Energier\u00fcckspeisungseigenschaften des Aufzugs ausgew\u00e4hlt und separat erworben werden. Informationen zur korrekten Dimensionierung finden Sie in der Dokumentation von Arkel.<\/span><\/p>\n<p class=\"ng-star-inserted\"><strong class=\"ng-star-inserted\"><span class=\"ng-star-inserted\">F6: Verf\u00fcgt es \u00fcber die Anti-Rollback-Funktion?<\/span><\/strong><br \/><span class=\"ng-star-inserted\">A: <\/span><strong class=\"ng-star-inserted\"><span class=\"ng-star-inserted\">Ja<\/span><\/strong><span class=\"ng-star-inserted\">, der ADrive 4C150 enth\u00e4lt die standardm\u00e4\u00dfige ADrive Anti-Rollback-Funktion (Start-Halt).<\/span><\/p>\n<div class=\"turn-content\">\n<hr class=\"ng-star-inserted\">\n<\/div>\n<div class=\"turn-information ng-star-inserted\">\n<h2 class=\"wp-block-heading\">Verf\u00fcgbare andere ADrive Modelle:<\/h2>\n<p class=\"wp-block-heading\">Die <a href=\"https:\/\/isfelevatorshop.de\/arkel-adrive-vvvf-frequenzumrichter\/\" target=\"_blank\" rel=\"noopener\">Arkel ADrive Serie<\/a> ist in verschiedenen Nennleistungen f\u00fcr unterschiedliche Motorgr\u00f6\u00dfen erh\u00e4ltlich und wird \u00fcblicherweise im Haupt-<strong>Schaltschrank<\/strong> installiert:<\/p>\n<ul>\n<li><a href=\"https:\/\/isfelevatorshop.de\/arkel-adrive-4b038-400v-10a-1004372\/\" target=\"_blank\" rel=\"noopener\">ADrive 4B038 (3.8kW \u2013 10A)<\/a><\/li>\n<li><a href=\"https:\/\/isfelevatorshop.de\/arkel-adrive-4b055-400v-5-5kw-14a-1001479\/\" target=\"_blank\" rel=\"noopener\">ADrive 4B055 (5.5kW \u2013 14A)<\/a><\/li>\n<li><a href=\"https:\/\/isfelevatorshop.de\/arkel-adrive-4b075-400v-75kw-17a-1001481\/\" target=\"_blank\" rel=\"noopener\">ADrive 4B075 (7.5kW \u2013 17A)<\/a><\/li>\n<li><a href=\"https:\/\/isfelevatorshop.de\/arkel-adrive-4b110-400v-11kw-26a-1001472\/\" target=\"_blank\" rel=\"noopener\">ADrive 4B110 (11kW \u2013 26A)<\/a><\/li>\n<li><a href=\"https:\/\/isfelevatorshop.de\/arkel-adrive-4c220-400v-22kw-50a-1001476\/\" target=\"_blank\" rel=\"noopener\">ADrive 4C220 (22kW \u2013 50A)<\/a><\/li>\n<\/ul>\n<\/div>\n","protected":false},"excerpt":{"rendered":"<ul>\n<li><strong>Nennleistung:<\/strong> 15 kW (~20 PS) Kapazit\u00e4t f\u00fcr anspruchsvollere Aufzugsanwendungen.<\/li>\n<li><strong>Stromst\u00e4rke<\/strong>: 35 A Nennausgangsstrom (Max. 70 A f\u00fcr &lt; 6s). <\/li>\n<li><strong>Spannung<\/strong>: Betrieb mit Standard 400V AC (340-420V), 3-Phasen, 50\/60Hz.<\/li>\n<li><strong>Pr\u00e4zisionsantrieb<\/strong>: Fortschrittliche VVVF-Vektorregelung f\u00fcr einen sanften, effizienten und zuverl\u00e4ssigen Betrieb.<\/li>\n<li><strong>Motorkompatibilit\u00e4t<\/strong>: Geeignet f\u00fcr sowohl Asynchron- (mit Getriebe) als auch Synchronmotoren (getriebelos).<\/li>\n<li><strong>Aufzugsspezifisch:<\/strong> Bietet Anti-Rollback, Unterst\u00fctzung f\u00fcr Notbefreiung und integrierte Schutzfunktionen.<\/li>\n<\/ul>\n","protected":false},"featured_media":7778,"comment_status":"open","ping_status":"closed","template":"","meta":[],"product_brand":[],"product_cat":[614,611],"product_tag":[],"class_list":{"0":"post-7779","1":"product","2":"type-product","3":"status-publish","4":"has-post-thumbnail","6":"product_cat-adrive-vvvf-frequenzumrichter","7":"product_cat-arkel","9":"first","10":"instock","11":"taxable","12":"shipping-taxable","13":"purchasable","14":"product-type-simple"},"_links":{"self":[{"href":"https:\/\/isfelevatorshop.de\/de\/wp-json\/wp\/v2\/product\/7779","targetHints":{"allow":["GET"]}}],"collection":[{"href":"https:\/\/isfelevatorshop.de\/de\/wp-json\/wp\/v2\/product"}],"about":[{"href":"https:\/\/isfelevatorshop.de\/de\/wp-json\/wp\/v2\/types\/product"}],"replies":[{"embeddable":true,"href":"https:\/\/isfelevatorshop.de\/de\/wp-json\/wp\/v2\/comments?post=7779"}],"version-history":[{"count":0,"href":"https:\/\/isfelevatorshop.de\/de\/wp-json\/wp\/v2\/product\/7779\/revisions"}],"wp:featuredmedia":[{"embeddable":true,"href":"https:\/\/isfelevatorshop.de\/de\/wp-json\/wp\/v2\/media\/7778"}],"wp:attachment":[{"href":"https:\/\/isfelevatorshop.de\/de\/wp-json\/wp\/v2\/media?parent=7779"}],"wp:term":[{"taxonomy":"product_brand","embeddable":true,"href":"https:\/\/isfelevatorshop.de\/de\/wp-json\/wp\/v2\/product_brand?post=7779"},{"taxonomy":"product_cat","embeddable":true,"href":"https:\/\/isfelevatorshop.de\/de\/wp-json\/wp\/v2\/product_cat?post=7779"},{"taxonomy":"product_tag","embeddable":true,"href":"https:\/\/isfelevatorshop.de\/de\/wp-json\/wp\/v2\/product_tag?post=7779"}],"curies":[{"name":"wp","href":"https:\/\/api.w.org\/{rel}","templated":true}]}}