{"id":8665,"date":"2023-08-06T08:45:57","date_gmt":"2023-08-06T08:45:57","guid":{"rendered":"https:\/\/isfelevatorshop.de\/rueckerstattungs-rueckgabe-und-stornierungsbedingungen\/"},"modified":"2023-08-06T08:45:57","modified_gmt":"2023-08-06T08:45:57","slug":"rueckerstattungs-rueckgabe-und-stornierungsbedingungen","status":"publish","type":"page","link":"https:\/\/isfelevatorshop.de\/de\/rueckerstattungs-rueckgabe-und-stornierungsbedingungen\/","title":{"rendered":"R\u00fcckerstattungs-, R\u00fcckgabe- und Stornierungsbedingungen"},"content":{"rendered":"<h2>ISF Elevator Shop Umfassende R\u00fcckerstattungs-, R\u00fcckgabe- und Stornierungsbedingungen<\/h2>\n<h2><strong>1. R\u00fcckerstattungsrichtlinie: Sicherstellung Ihrer Zufriedenheit<\/strong><\/h2>\n<p>Im ISF Elevator Shop hat <strong>Ihre Zufriedenheit oberste Priorit\u00e4t<\/strong>. Wir verstehen, dass Situationen eintreten k\u00f6nnen, in denen eine R\u00fcckerstattung erforderlich ist. Um diesen Prozess zu optimieren und Ihnen die bestm\u00f6gliche Kundenerfahrung zu bieten, haben wir eine umfassende R\u00fcckerstattungsrichtlinie entwickelt.  <\/p>\n<h3><strong>Berechtigung:<\/strong> Ihr Komfort z\u00e4hlt<\/h3>\n<p>Unsere R\u00fcckerstattungsrichtlinie gilt f\u00fcr Szenarien, in denen das erhaltene Produkt nicht Ihren Erwartungen entspricht. Wenn das Produkt <strong>defekt ist, beim Versand besch\u00e4digt wurde oder nicht der Beschreibung<\/strong> auf unserer Website entspricht, haben Sie Anspruch auf eine <strong>vollst\u00e4ndige R\u00fcckerstattung<\/strong>. <\/p>\n<h3><strong>Einleitung einer R\u00fcckerstattung:<\/strong> Ihre R\u00fcckmeldung z\u00e4hlt<\/h3>\n<p>Sollten Sie eine R\u00fcckerstattung ben\u00f6tigen, bitten wir Sie, <strong>unseren engagierten Kundenservice innerhalb von 14 Tagen<\/strong> nach Erhalt des Produkts zu kontaktieren. W\u00e4hrend dieses Prozesses w\u00fcrde es uns sehr helfen, wenn Sie einen <strong>eindeutigen Kaufbeleg vorlegen und detaillierte Informationen<\/strong> \u00fcber das aufgetretene Problem bereitstellen k\u00f6nnten. <\/p>\n<h3><strong>Prompt Processing:<\/strong> Your Time is Valued<\/h3>\n<p>Sobald Ihr R\u00fcckerstattungsantrag genehmigt wurde, verpflichten wir uns, die R\u00fcckerstattung umgehend innerhalb von <strong>7 Werktagen<\/strong> zu bearbeiten. Der erstattete Betrag wird der <strong>urspr\u00fcnglichen Zahlungsmethode<\/strong> gutgeschrieben, die Sie f\u00fcr den Kauf verwendet haben. <\/p>\n<h2><strong>2. R\u00fcckgabebedingungen: St\u00e4rkung Ihrer Wahlm\u00f6glichkeiten<\/strong><\/h2>\n<p>Wir glauben daran, unsere Kunden zu bef\u00e4higen, fundierte Entscheidungen zu treffen. Unsere R\u00fcckgaberichtlinien spiegeln unsere Verpflichtung wider, <strong>Ihre Zufriedenheit sicherzustellen<\/strong> mit Ihrem Kauf. <\/p>\n<h3><strong>Bedingungen:<\/strong> Ihre Sicherheit und Sorglosigkeit<\/h3>\n<p>Wir bitten Sie h\u00f6flich, das Produkt in demselben Zustand zur\u00fcckzusenden, in dem Sie es erhalten haben, einschlie\u00dflich aller mitgelieferten Zubeh\u00f6rteile und Verpackungsmaterialien.<\/p>\n<h3><strong>R\u00fcckgabefrist:<\/strong> Flexibilit\u00e4t ist wichtig<\/h3>\n<p>Sie haben ein gro\u00dfz\u00fcgiges <strong>Zeitfenster von 30 Tagen ab dem Datum der Produktlieferung<\/strong>, um eine R\u00fccksendung einzuleiten. Wir sch\u00e4tzen Ihre Zeit und verstehen, dass die Umst\u00e4nde variieren k\u00f6nnen, daher sind wir bestrebt, in dieser Hinsicht <strong>Flexibilit\u00e4t<\/strong> zu bieten. <\/p>\n<h3><strong>R\u00fcckversand:<\/strong> Transparenz verpflichtet<\/h3>\n<p>W\u00e4hrend wir bestrebt sind, ein reibungsloses Erlebnis zu bieten, <strong>gehen die Kosten f\u00fcr die R\u00fccksendung zu Lasten des Kunden<\/strong>, au\u00dfer in F\u00e4llen, in denen das Produkt als defekt befunden wird oder das Ergebnis eines Fehlers unsererseits ist.<\/p>\n<h3><strong>Wiedereinlagerungsgeb\u00fchr:<\/strong> Unterst\u00fctzung nachhaltiger L\u00f6sungen<\/h3>\n<p>F\u00fcr R\u00fccksendungen, die nicht auf M\u00e4ngel zur\u00fcckzuf\u00fchren sind, k\u00f6nnen wir eine moderate <strong>Wiedereinlagerungsgeb\u00fchr von 10 %<\/strong> erheben. Diese Geb\u00fchr deckt die administrativen Kosten und den Bearbeitungsaufwand im Zusammenhang mit der R\u00fcckabwicklung ab. <\/p>\n<h2><strong>3. Stornierungsbedingungen: Flexibilit\u00e4t bieten<\/strong><\/h2>\n<p>Wir verstehen, dass sich Umst\u00e4nde \u00e4ndern k\u00f6nnen, und wir sind hier, um <strong>diesen \u00c4nderungen so gut wie m\u00f6glich gerecht zu werden<\/strong>.<\/p>\n<h3><strong>Vor dem Versand:<\/strong> Flexibilit\u00e4t z\u00e4hlt<\/h3>\n<p>Bestellungen k\u00f6nnen kostenlos storniert werden, sofern sie noch nicht versandt wurden. Dies bietet Ihnen die <strong>Flexibilit\u00e4t, Anpassungen<\/strong> an Ihrem Kauf vorzunehmen, bevor dieser auf dem Weg zu Ihnen ist. <\/p>\n<h3><strong>Nach dem Versand:<\/strong> Ihre Optionen<\/h3>\n<p>In F\u00e4llen, in denen die Bestellung bereits versandt wurde und Sie sich f\u00fcr eine Stornierung entscheiden, empfehlen wir Ihnen, die <strong>Annahme des Pakets bei der Zustellung zu verweigern<\/strong>. Bitte beachten Sie, dass zwar der Produktpreis erstattet wird, die <strong>Versandkosten jedoch leider nicht erstattet werden k\u00f6nnen<\/strong>. <\/p>\n<h3><strong>Sonderanfertigungen:<\/strong> Wir erf\u00fcllen Ihre individuellen Anforderungen<\/h3>\n<p>Wir sind stolz darauf, ma\u00dfgeschneiderte L\u00f6sungen anzubieten. Bitte beachten Sie jedoch, dass kundenspezifische Auftr\u00e4ge, sobald sie in die Produktionsphase eingetreten sind, <strong>nicht mehr storniert werden k\u00f6nnen<\/strong>. <\/p>\n<h2><strong>Unsere Verpflichtung:<\/strong> Ihr Vertrauen z\u00e4hlt<\/h2>\n<p>Diese umfassende Richtlinie ist darauf ausgelegt, mit den Verbraucherschutzgesetzen Deutschlands in Einklang zu stehen. Wir legen gro\u00dfen Wert auf Ihre Zufriedenheit und streben danach, das <strong>bestm\u00f6gliche Einkaufserlebnis<\/strong> zu bieten. Wenn Sie Fragen oder Bedenken haben oder weitere Unterst\u00fctzung ben\u00f6tigen, z\u00f6gern Sie bitte nicht, sich an unser engagiertes <strong>Kundenserviceteam<\/strong> zu wenden.  <\/p>\n","protected":false},"excerpt":{"rendered":"<p>ISF Elevator Shop Umfassende R\u00fcckerstattungs-, R\u00fcckgabe- und Stornierungsbedingungen 1. R\u00fcckerstattungsrichtlinie: Sicherstellung Ihrer Zufriedenheit Im ISF Elevator Shop hat Ihre Zufriedenheit<\/p>\n","protected":false},"author":5,"featured_media":0,"parent":0,"menu_order":0,"comment_status":"closed","ping_status":"closed","template":"","meta":{"footnotes":""},"class_list":["post-8665","page","type-page","status-publish","hentry"],"_links":{"self":[{"href":"https:\/\/isfelevatorshop.de\/de\/wp-json\/wp\/v2\/pages\/8665","targetHints":{"allow":["GET"]}}],"collection":[{"href":"https:\/\/isfelevatorshop.de\/de\/wp-json\/wp\/v2\/pages"}],"about":[{"href":"https:\/\/isfelevatorshop.de\/de\/wp-json\/wp\/v2\/types\/page"}],"author":[{"embeddable":true,"href":"https:\/\/isfelevatorshop.de\/de\/wp-json\/wp\/v2\/users\/5"}],"replies":[{"embeddable":true,"href":"https:\/\/isfelevatorshop.de\/de\/wp-json\/wp\/v2\/comments?post=8665"}],"version-history":[{"count":0,"href":"https:\/\/isfelevatorshop.de\/de\/wp-json\/wp\/v2\/pages\/8665\/revisions"}],"wp:attachment":[{"href":"https:\/\/isfelevatorshop.de\/de\/wp-json\/wp\/v2\/media?parent=8665"}],"curies":[{"name":"wp","href":"https:\/\/api.w.org\/{rel}","templated":true}]}}