{"id":8108,"date":"2023-08-06T22:22:03","date_gmt":"2023-08-06T22:22:03","guid":{"rendered":"https:\/\/isfelevatorshop.de\/impressum\/"},"modified":"2025-12-31T02:53:35","modified_gmt":"2025-12-31T02:53:35","slug":"impressum","status":"publish","type":"page","link":"https:\/\/isfelevatorshop.de\/de\/impressum\/","title":{"rendered":"Impressum"},"content":{"rendered":"\t\t<div data-elementor-type=\"wp-page\" data-elementor-id=\"8108\" class=\"elementor elementor-8108 elementor-1803\" data-elementor-post-type=\"page\">\n\t\t\t\t<div class=\"wd-negative-gap elementor-element elementor-element-4957306 e-flex e-con-boxed e-con e-parent\" data-id=\"4957306\" data-element_type=\"container\" data-e-type=\"container\">\n\t\t\t\t\t<div class=\"e-con-inner\">\n\t\t\t\t<div class=\"elementor-element elementor-element-6152052 elementor-widget__width-auto color-scheme-inherit text-left elementor-widget elementor-widget-text-editor\" data-id=\"6152052\" data-element_type=\"widget\" data-e-type=\"widget\" data-widget_type=\"text-editor.default\">\n\t\t\t\t<div class=\"elementor-widget-container\">\n\t\t\t\t\t\t\t\t\t<p><strong>ISF Elevator Shop<\/strong> ist eine Tochtergesellschaft der <strong>ISF Elevator GmbH<\/strong>.<\/p><p>Managing Director (Gesch\u00e4ftsf\u00fchrer): Irfan \u00d6zt\u00fcrk<\/p><h2>Adresse<\/h2><ul><li><strong>Shop-Adresse: \ud83d\udccd <a href=\"https:\/\/maps.app.goo.gl\/fgF7UF6Xq9tn4wLp6\" target=\"_blank\" rel=\"noopener nofollow\">Raiffeisenstr. 8, 63814 Mainaschaff \/ Germany<\/a><\/strong><\/li><\/ul><h2>Kontakt<\/h2><p><strong>Telefon: <\/strong><a href=\"tel:\/\/+4915758828410\" target=\"_blank\" rel=\"noopener nofollow\">+49 157 58828410<\/a><\/p><p><strong> E-Mail-Adressen:<\/strong><\/p><ol><li><a href=\"mailto:info@isfelevatorshop.de\" target=\"_blank\" rel=\"noopener\">info@isfelevatorshop.de<\/a><\/li><li><a href=\"mailto:info@isfelevator.de\" target=\"_blank\" rel=\"noopener\">info@isfelevator.de<\/a><\/li><\/ol><h2>Umsatzsteuer-Identifikationsnummer<\/h2><p>Umsatzsteuer-Identifikationsnummer gem\u00e4\u00df \u00a7 27a Umsatzsteuergesetz: <strong>DE353298261<\/strong><\/p><p>Handelsregister: Amtsgericht Aschaffenburg <strong>HRB 17386<\/strong> Gerichtsstand: Aschaffenburg, Deutschland<\/p><p>EU-Online-Streitbeilegung: Die Europ\u00e4ische Kommission stellt eine Plattform zur Online-Streitbeilegung (OS) bereit: <a href=\"https:\/\/ec.europa.eu\/consumers\/odr\/\" target=\"_new\" rel=\"nofollow noopener\">https:\/\/ec.europa.eu\/consumers\/odr\/<\/a>.<\/p><p>Unsere E-Mail-Adresse finden Sie oben im Impressum.<\/p><p>Verbraucherstreitbeilegung\/Universalschlichtungsstelle: Hinweis gem\u00e4\u00df \u00a7 36 VSBG: ISF Elevator Shop ist weder bereit noch verpflichtet, an Streitbeilegungsverfahren vor einer Verbraucherschlichtungsstelle teilzunehmen.<\/p><p>F\u00fcr weitere Informationen k\u00f6nnen Sie die Seite <a title=\"ISF Elevator Shop \u00dcber uns Seite\" href=\"https:\/\/isfelevatorshop.de\/about-us\/\" target=\"_blank\" rel=\"noopener\">\u00dcber uns<\/a> oder die Seite <a title=\"ISF Elevator Shop Kontaktseite\" href=\"https:\/\/isfelevatorshop.de\/de\/kontaktieren-sie-uns\/\" target=\"_blank\" rel=\"noopener\">Kontakt<\/a> besuchen.<\/p>\t\t\t\t\t\t\t\t<\/div>\n\t\t\t\t<\/div>\n\t\t\t\t\t<\/div>\n\t\t\t\t<\/div>\n\t\t\t\t<\/div>\n\t\t","protected":false},"excerpt":{"rendered":"<p>ISF Elevator Shop ist eine Tochtergesellschaft der ISF Elevator GmbH. Managing Director (Gesch\u00e4ftsf\u00fchrer): Irfan \u00d6zt\u00fcrk Adresse Shop-Adresse: \ud83d\udccd Raiffeisenstr. 8,<\/p>\n","protected":false},"author":2,"featured_media":0,"parent":0,"menu_order":0,"comment_status":"closed","ping_status":"closed","template":"","meta":{"footnotes":""},"class_list":["post-8108","page","type-page","status-publish","hentry"],"_links":{"self":[{"href":"https:\/\/isfelevatorshop.de\/de\/wp-json\/wp\/v2\/pages\/8108","targetHints":{"allow":["GET"]}}],"collection":[{"href":"https:\/\/isfelevatorshop.de\/de\/wp-json\/wp\/v2\/pages"}],"about":[{"href":"https:\/\/isfelevatorshop.de\/de\/wp-json\/wp\/v2\/types\/page"}],"author":[{"embeddable":true,"href":"https:\/\/isfelevatorshop.de\/de\/wp-json\/wp\/v2\/users\/2"}],"replies":[{"embeddable":true,"href":"https:\/\/isfelevatorshop.de\/de\/wp-json\/wp\/v2\/comments?post=8108"}],"version-history":[{"count":1,"href":"https:\/\/isfelevatorshop.de\/de\/wp-json\/wp\/v2\/pages\/8108\/revisions"}],"predecessor-version":[{"id":8110,"href":"https:\/\/isfelevatorshop.de\/de\/wp-json\/wp\/v2\/pages\/8108\/revisions\/8110"}],"wp:attachment":[{"href":"https:\/\/isfelevatorshop.de\/de\/wp-json\/wp\/v2\/media?parent=8108"}],"curies":[{"name":"wp","href":"https:\/\/api.w.org\/{rel}","templated":true}]}}