{"id":8090,"date":"2022-05-23T11:10:26","date_gmt":"2022-05-23T11:10:26","guid":{"rendered":"https:\/\/isfelevatorshop.de\/kontaktieren-sie-uns\/"},"modified":"2025-12-31T02:45:30","modified_gmt":"2025-12-31T02:45:30","slug":"kontaktieren-sie-uns","status":"publish","type":"page","link":"https:\/\/isfelevatorshop.de\/de\/kontaktieren-sie-uns\/","title":{"rendered":"Kontaktieren Sie uns"},"content":{"rendered":"\t\t<div data-elementor-type=\"wp-page\" data-elementor-id=\"8090\" class=\"elementor elementor-8090 elementor-279\" data-elementor-post-type=\"page\">\n\t\t\t\t<div class=\"wd-negative-gap elementor-element elementor-element-bddfca2 e-flex e-con-boxed e-con e-parent\" data-id=\"bddfca2\" data-element_type=\"container\" data-e-type=\"container\">\n\t\t\t\t\t<div class=\"e-con-inner\">\n\t\t\t\t<div class=\"elementor-element elementor-element-44022ac elementor-widget elementor-widget-theme-post-title elementor-page-title elementor-widget-heading\" data-id=\"44022ac\" data-element_type=\"widget\" data-e-type=\"widget\" data-widget_type=\"theme-post-title.default\">\n\t\t\t\t<div class=\"elementor-widget-container\">\n\t\t\t\t\t<h1 class=\"elementor-heading-title elementor-size-default\">Kontaktieren Sie uns<\/h1>\t\t\t\t<\/div>\n\t\t\t\t<\/div>\n\t\t\t\t<div class=\"elementor-element elementor-element-5e7604b elementor-widget elementor-widget-wd_text_block\" data-id=\"5e7604b\" data-element_type=\"widget\" data-e-type=\"widget\" data-widget_type=\"wd_text_block.default\">\n\t\t\t\t<div class=\"elementor-widget-container\">\n\t\t\t\t\t\t\t<div class=\"wd-text-block reset-last-child text-left\">\n\t\t\t\n\t\t\t<p>Vielen Dank, dass Sie sich f\u00fcr den <strong>ISF Elevator Shop<\/strong> entschieden haben, eine stolze Tochtergesellschaft der <a href=\"https:\/\/isfelevator.de\/\" target=\"_blank\" rel=\"noopener\"><strong>ISF Elevator GmbH<\/strong><\/a>.<\/p><p>Wir spezialisieren uns auf den Vertrieb von erstklassigen Aufz\u00fcgen und Aufzugkomponenten und stellen sicher, dass Sie nur das Beste an Qualit\u00e4t und Leistung erhalten. Sicherheit und Kundenzufriedenheit sind der Kern unserer Mission. F\u00fcr Anfragen, technischen Support oder Kooperationsm\u00f6glichkeiten z\u00f6gern Sie bitte nicht, uns zu kontaktieren. Wir sind hier, um Sie bei jedem Schritt des Weges zu unterst\u00fctzen.   <\/p><p>Haben Sie Fragen zum ISF Elevator Shop und dazu, wie wir Ihr Unternehmen unterst\u00fctzen k\u00f6nnen? Keine Sorge, wir helfen Ihnen gerne weiter! Was auch immer Ihr Anliegen sein mag, senden Sie uns einfach eine E-Mail an eine der oben genannten Adressen, und wir werden uns so schnell wie m\u00f6glich bei Ihnen melden.  <\/p><p>Kundenzufriedenheit hat f\u00fcr uns oberste Priorit\u00e4t, und wir sind bestrebt, Ihnen die bestm\u00f6glichen Antworten auf Ihre Fragen zu geben. Dar\u00fcber hinaus verf\u00fcgen wir \u00fcber einen Bereich f\u00fcr h\u00e4ufig gestellte Fragen (FAQ), in dem wir allgemeine Anfragen unserer Kunden beantwortet haben. Schauen Sie dort unbedingt vorbei, um Informationen zu Ihren Interessen zu erhalten  <\/p>\n\t\t\t\t\t<\/div>\n\t\t\t\t\t\t<\/div>\n\t\t\t\t<\/div>\n\t\t\t\t\t<\/div>\n\t\t\t\t<\/div>\n\t\t\t\t<section class=\"wd-negative-gap elementor-section elementor-top-section elementor-element elementor-element-1840760c elementor-section-content-middle elementor-section-boxed elementor-section-height-default elementor-section-height-default\" data-id=\"1840760c\" data-element_type=\"section\" data-e-type=\"section\">\n\t\t\t\t\t\t<div class=\"elementor-container elementor-column-gap-extended\">\n\t\t\t\t\t<div class=\"elementor-column elementor-col-100 elementor-top-column elementor-element elementor-element-24b47424\" data-id=\"24b47424\" data-element_type=\"column\" data-e-type=\"column\">\n\t\t\t<div class=\"elementor-widget-wrap elementor-element-populated\">\n\t\t\t\t\t\t<div class=\"elementor-element elementor-element-6595cd1 elementor-widget elementor-widget-google_maps\" data-id=\"6595cd1\" data-element_type=\"widget\" data-e-type=\"widget\" data-widget_type=\"google_maps.default\">\n\t\t\t\t<div class=\"elementor-widget-container\">\n\t\t\t\t\t\t\t<div class=\"elementor-custom-embed\">\n\t\t\t<iframe loading=\"lazy\"\n\t\t\t\t\tsrc=\"https:\/\/www.google.com\/maps\/embed\/v1\/place?key=AIzaSyBNTYFBwozXweVUGa0dz8ftN8W7G07TZAA&#038;q=ISF%20Elevator%20GmbH%27s%20Shop%20-%20Lift%20Supplier%2C%20Components%20%26%20Manufacturer%20%20Raiffeisenstra%C3%9Fe%208%2C%2063814%20Mainaschaff%2C%20Germany&#038;zoom=10\"\n\t\t\t\t\ttitle=\"ISF Elevator GmbH&#039;s Shop - Lift Supplier, Components &amp; Manufacturer  Raiffeisenstra\u00dfe 8, 63814 Mainaschaff, Germany\"\n\t\t\t\t\taria-label=\"ISF Elevator GmbH&#039;s Shop - Lift Supplier, Components &amp; Manufacturer  Raiffeisenstra\u00dfe 8, 63814 Mainaschaff, Germany\"\n\t\t\t><\/iframe>\n\t\t<\/div>\n\t\t\t\t\t\t<\/div>\n\t\t\t\t<\/div>\n\t\t\t\t\t<\/div>\n\t\t<\/div>\n\t\t\t\t\t<\/div>\n\t\t<\/section>\n\t\t<div class=\"wd-negative-gap elementor-element elementor-element-02c9685 e-flex e-con-boxed e-con e-parent\" data-id=\"02c9685\" data-element_type=\"container\" data-e-type=\"container\">\n\t\t\t\t\t<div class=\"e-con-inner\">\n\t\t\t\t<div class=\"elementor-element elementor-element-dd7dfad elementor-widget elementor-widget-wd_text_block\" data-id=\"dd7dfad\" data-element_type=\"widget\" data-e-type=\"widget\" data-widget_type=\"wd_text_block.default\">\n\t\t\t\t<div class=\"elementor-widget-container\">\n\t\t\t\t\t\t\t<div class=\"wd-text-block reset-last-child text-left\">\n\t\t\t\n\t\t\t<h2>Kundensupport<\/h2><p>Unser erfahrenes Kundensupport-Team steht Ihnen zur Verf\u00fcgung, um Ihre Fragen zu beantworten, Ihre Anliegen zu bearbeiten und Sie durch Ihr Aufzugsprojekt zu f\u00fchren. Ganz gleich, ob Sie Informationen \u00fcber Aufzugskomponenten, Ersatzteile oder technische Details ben\u00f6tigen, wir sind hier, um Sie zu unterst\u00fctzen. <\/p><h2>Kontaktinformationen<\/h2><ul><li><strong>Telefon<\/strong>: Erreichen Sie unser Kundensupport-Team unter <img decoding=\"async\" title=\"wd-phone-dark.svg\" src=\"https:\/\/isfelevatorshop.de\/wp-content\/uploads\/2023\/08\/wd-phone-dark.svg\" width=\"14\" height=\"14\"> <span class=\"list-content\"><strong>+49 157 58828410<\/strong><\/span>. Kontaktieren Sie uns direkt \u00fcber WhatsApp unter <a href=\"https:\/\/wa.me\/4915758828410\" target=\"_blank\" rel=\"noopener nofollow\"><strong>WhatsApp Telefonnummer<\/strong><\/a>. <\/li><li><strong>E-Mail<\/strong>: F\u00fcr schriftliche Anfragen senden Sie bitte eine E-Mail an \ud83d\udce9<a href=\"mailto:info@isfelevatorshop.de\" target=\"_blank\" rel=\"noopener\"><strong>info@isfelevatorshop.de<\/strong><\/a>.<\/li><li><strong>Online-Anfrageformular<\/strong>: F\u00fcllen Sie unser Online-Formular auf unserer Website aus, um Ihre Fragen oder W\u00fcnsche zu \u00fcbermitteln, und wir werden uns umgehend bei Ihnen melden.<\/li><li><span class=\"list-content\"><strong>ISF Elevator Shop Adresse\/Standort:<\/strong> <a href=\"https:\/\/maps.app.goo.gl\/fgF7UF6Xq9tn4wLp6\" target=\"_blank\" rel=\"noopener nofollow\">Raiffeisenstr. 8, 63814 Mainaschaff \/ Germany<\/a><\/span><\/li><\/ul><h2>Besuchen Sie unseren Showroom<\/h2><p>Wir laden Sie herzlich ein, unsere zukunftsweisenden Aufzugsl\u00f6sungen pers\u00f6nlich kennenzulernen, indem Sie unseren Showroom unter [Showroom Address] besuchen. Unser engagiertes Fachpersonal freut sich darauf, Ihnen unsere Aufzugsteuerkarten, Materialien und Komponenten vorzuf\u00fchren und alle Ihre Fragen zu beantworten. <\/p><h3>Gesch\u00e4ftszeiten<\/h3><p>Montag - Freitag: 09:00 - 16:30<\/p><h3>Montag - Freitag: 09:00 - 16:30<\/h3><p>Bleiben Sie \u00fcber die neuesten Nachrichten, Innovationen und Projekte auf dem Laufenden, indem Sie uns in den sozialen Medien folgen:<\/p><ul><li><strong><a href=\"https:\/\/www.facebook.com\/isfElevatorShop\/\" target=\"_blank\" rel=\"noopener nofollow\">Facebook\ud83d\udd17<\/a><\/strong><\/li><li><strong><a title=\"ISF Elevator GmbH LinkedIn\" href=\"https:\/\/www.linkedin.com\/company\/isf-elevator-gmbh\/\" target=\"_blank\" rel=\"noopener nofollow\">LinkedIn<\/a>\ud83d\udd17<\/strong><\/li><li><strong><a href=\"https:\/\/www.instagram.com\/isfElevatorShop\/\" target=\"_blank\" rel=\"noopener nofollow\">Instagram\ud83d\udd17<\/a><\/strong><\/li><\/ul><p><strong>Ihr Feedback ist uns wichtig<\/strong><\/p><p>Wir sch\u00e4tzen Ihr Feedback und Ihre Erkenntnisse. Wenn Sie Erfahrungen mit unseren Produkten oder Dienstleistungen gemacht haben, ermutigen wir Sie, Ihre Gedanken zu teilen. Ihre Eingaben helfen uns, uns kontinuierlich zu verbessern und noch bessere L\u00f6sungen zu liefern.  <\/p><p>Wir sch\u00e4tzen Ihr Feedback und Ihre Erkenntnisse. Wenn Sie Erfahrungen mit unseren Produkten oder Dienstleistungen gemacht haben, ermutigen wir Sie, Ihre Gedanken zu teilen. Ihre Eingaben helfen uns, uns kontinuierlich zu verbessern und noch bessere L\u00f6sungen zu liefern. <\/p>\n\t\t\t\t\t<\/div>\n\t\t\t\t\t\t<\/div>\n\t\t\t\t<\/div>\n\t\t\t\t\t<\/div>\n\t\t\t\t<\/div>\n\t\t<div class=\"wd-negative-gap elementor-element elementor-element-1c25b0a e-flex e-con-boxed e-con e-parent\" data-id=\"1c25b0a\" data-element_type=\"container\" data-e-type=\"container\">\n\t\t\t\t\t<div class=\"e-con-inner\">\n\t\t\t\t<div class=\"elementor-element elementor-element-4af47b6 elementor-widget elementor-widget-heading\" data-id=\"4af47b6\" data-element_type=\"widget\" data-e-type=\"widget\" data-widget_type=\"heading.default\">\n\t\t\t\t<div class=\"elementor-widget-container\">\n\t\t\t\t\t<h2 class=\"elementor-heading-title elementor-size-default\">H\u00e4ufig gestellte Fragen (FAQ)<\/h2>\t\t\t\t<\/div>\n\t\t\t\t<\/div>\n\t\t\t\t<div class=\"elementor-element elementor-element-0e9d766 elementor-widget elementor-widget-accordion\" data-id=\"0e9d766\" data-element_type=\"widget\" data-e-type=\"widget\" data-widget_type=\"accordion.default\">\n\t\t\t\t<div class=\"elementor-widget-container\">\n\t\t\t\t\t\t\t<div class=\"elementor-accordion\">\n\t\t\t\t\t\t\t<div class=\"elementor-accordion-item\">\n\t\t\t\t\t<h3 id=\"elementor-tab-title-1531\" class=\"elementor-tab-title\" data-tab=\"1\" role=\"button\" aria-controls=\"elementor-tab-content-1531\" aria-expanded=\"false\">\n\t\t\t\t\t\t\t\t\t\t\t\t<a class=\"elementor-accordion-title\" tabindex=\"0\">Welche Produkte und Dienstleistungen bieten Sie an?<\/a>\n\t\t\t\t\t<\/h3>\n\t\t\t\t\t<div id=\"elementor-tab-content-1531\" class=\"elementor-tab-content elementor-clearfix\" data-tab=\"1\" role=\"region\" aria-labelledby=\"elementor-tab-title-1531\"><p>Im ISF Elevator Shop bieten wir hochwertige Aufzugsausr\u00fcstung und Dienstleistungen an. Ob Aufzugsmodernisierung, Design neuer Aufz\u00fcge oder mehr, wenden Sie sich gerne an uns. <\/p>\n<\/div>\n\t\t\t\t<\/div>\n\t\t\t\t\t\t\t<div class=\"elementor-accordion-item\">\n\t\t\t\t\t<h3 id=\"elementor-tab-title-1532\" class=\"elementor-tab-title\" data-tab=\"2\" role=\"button\" aria-controls=\"elementor-tab-content-1532\" aria-expanded=\"false\">\n\t\t\t\t\t\t\t\t\t\t\t\t<a class=\"elementor-accordion-title\" tabindex=\"0\">#2 Wie l\u00e4uft der Bestellprozess ab?<\/a>\n\t\t\t\t\t<\/h3>\n\t\t\t\t\t<div id=\"elementor-tab-content-1532\" class=\"elementor-tab-content elementor-clearfix\" data-tab=\"2\" role=\"region\" aria-labelledby=\"elementor-tab-title-1532\"><p>Um mehr \u00fcber unseren Bestellvorgang zu erfahren, k\u00f6nnen Sie mit uns Kontakt aufnehmen oder die Bestellseite unserer Webseite besuchen.<\/p>\n<\/div>\n\t\t\t\t<\/div>\n\t\t\t\t\t\t\t<div class=\"elementor-accordion-item\">\n\t\t\t\t\t<h3 id=\"elementor-tab-title-1533\" class=\"elementor-tab-title\" data-tab=\"3\" role=\"button\" aria-controls=\"elementor-tab-content-1533\" aria-expanded=\"false\">\n\t\t\t\t\t\t\t\t\t\t\t\t<a class=\"elementor-accordion-title\" tabindex=\"0\">#3 Wie hoch ist die Lieferzeit?<\/a>\n\t\t\t\t\t<\/h3>\n\t\t\t\t\t<div id=\"elementor-tab-content-1533\" class=\"elementor-tab-content elementor-clearfix\" data-tab=\"3\" role=\"region\" aria-labelledby=\"elementor-tab-title-1533\"><p>Die Lieferzeiten variieren je nach Art und Umfang Ihrer Bestellung. Bitte kontaktieren Sie uns f\u00fcr weitere Informationen. <\/p>\n<\/div>\n\t\t\t\t<\/div>\n\t\t\t\t\t\t\t<div class=\"elementor-accordion-item\">\n\t\t\t\t\t<h3 id=\"elementor-tab-title-1534\" class=\"elementor-tab-title\" data-tab=\"4\" role=\"button\" aria-controls=\"elementor-tab-content-1534\" aria-expanded=\"false\">\n\t\t\t\t\t\t\t\t\t\t\t\t<a class=\"elementor-accordion-title\" tabindex=\"0\">Die Lieferzeiten variieren je nach Art und Umfang Ihrer Bestellung. Bitte kontaktieren Sie uns f\u00fcr weitere Informationen.<\/a>\n\t\t\t\t\t<\/h3>\n\t\t\t\t\t<div id=\"elementor-tab-content-1534\" class=\"elementor-tab-content elementor-clearfix\" data-tab=\"4\" role=\"region\" aria-labelledby=\"elementor-tab-title-1534\"><p>F\u00fcr Details zu den Garantiebedingungen, die wir f\u00fcr unsere Produkte anbieten, setzen Sie sich bitte mit uns in Verbindung.<\/p>\n<\/div>\n\t\t\t\t<\/div>\n\t\t\t\t\t\t\t<div class=\"elementor-accordion-item\">\n\t\t\t\t\t<h3 id=\"elementor-tab-title-1535\" class=\"elementor-tab-title\" data-tab=\"5\" role=\"button\" aria-controls=\"elementor-tab-content-1535\" aria-expanded=\"false\">\n\t\t\t\t\t\t\t\t\t\t\t\t<a class=\"elementor-accordion-title\" tabindex=\"0\">#5 Wie kann ich Kontakt aufnehmen?<\/a>\n\t\t\t\t\t<\/h3>\n\t\t\t\t\t<div id=\"elementor-tab-content-1535\" class=\"elementor-tab-content elementor-clearfix\" data-tab=\"5\" role=\"region\" aria-labelledby=\"elementor-tab-title-1535\"><p>Sie k\u00f6nnen die f\u00fcr Sie bequemste Kontaktmethode w\u00e4hlen. Unsere Telefonnummern und E-Mail-Adressen sind oben aufgef\u00fchrt. <\/p>\n<\/div>\n\t\t\t\t<\/div>\n\t\t\t\t\t\t\t\t\t\t<script type=\"application\/ld+json\">{\"@context\":\"https:\\\/\\\/schema.org\",\"@type\":\"FAQPage\",\"mainEntity\":[{\"@type\":\"Question\",\"name\":\"Welche Produkte und Dienstleistungen bieten Sie an?\",\"acceptedAnswer\":{\"@type\":\"Answer\",\"text\":\"<p>Im ISF Elevator Shop bieten wir hochwertige Aufzugsausr\\u00fcstung und Dienstleistungen an. Ob Aufzugsmodernisierung, Design neuer Aufz\\u00fcge oder mehr, wenden Sie sich gerne an uns. <\\\/p>\\n\"}},{\"@type\":\"Question\",\"name\":\"#2 Wie l\\u00e4uft der Bestellprozess ab?\",\"acceptedAnswer\":{\"@type\":\"Answer\",\"text\":\"<p>Um mehr \\u00fcber unseren Bestellvorgang zu erfahren, k\\u00f6nnen Sie mit uns Kontakt aufnehmen oder die Bestellseite unserer Webseite besuchen.<\\\/p>\\n\"}},{\"@type\":\"Question\",\"name\":\"#3 Wie hoch ist die Lieferzeit?\",\"acceptedAnswer\":{\"@type\":\"Answer\",\"text\":\"<p>Die Lieferzeiten variieren je nach Art und Umfang Ihrer Bestellung. Bitte kontaktieren Sie uns f\\u00fcr weitere Informationen. <\\\/p>\\n\"}},{\"@type\":\"Question\",\"name\":\"Die Lieferzeiten variieren je nach Art und Umfang Ihrer Bestellung. Bitte kontaktieren Sie uns f\\u00fcr weitere Informationen.\",\"acceptedAnswer\":{\"@type\":\"Answer\",\"text\":\"<p>F\\u00fcr Details zu den Garantiebedingungen, die wir f\\u00fcr unsere Produkte anbieten, setzen Sie sich bitte mit uns in Verbindung.<\\\/p>\\n\"}},{\"@type\":\"Question\",\"name\":\"#5 Wie kann ich Kontakt aufnehmen?\",\"acceptedAnswer\":{\"@type\":\"Answer\",\"text\":\"<p>Sie k\\u00f6nnen die f\\u00fcr Sie bequemste Kontaktmethode w\\u00e4hlen. Unsere Telefonnummern und E-Mail-Adressen sind oben aufgef\\u00fchrt. <\\\/p>\\n\"}}]}<\/script>\n\t\t\t\t\t<\/div>\n\t\t\t\t\t\t<\/div>\n\t\t\t\t<\/div>\n\t\t\t\t<div class=\"elementor-element elementor-element-5d7bf04 color-scheme-inherit text-left elementor-widget elementor-widget-text-editor\" data-id=\"5d7bf04\" data-element_type=\"widget\" data-e-type=\"widget\" data-widget_type=\"text-editor.default\">\n\t\t\t\t<div class=\"elementor-widget-container\">\n\t\t\t\t\t\t\t\t\t<p>Wir sind hier, um Sie zu unterst\u00fctzen, und bestrebt, Ihnen schnelle und umfassende Antworten auf alle Ihre Anfragen zu geben<\/p><p>Mit freundlichen Gr\u00fc\u00dfen<\/p><p><strong>ISF Elevator Shop Team<\/strong><\/p>\t\t\t\t\t\t\t\t<\/div>\n\t\t\t\t<\/div>\n\t\t\t\t\t<\/div>\n\t\t\t\t<\/div>\n\t\t\t\t<\/div>\n\t\t","protected":false},"excerpt":{"rendered":"<p>Vielen Dank, dass Sie sich f\u00fcr den ISF Elevator Shop entschieden haben, eine stolze Tochtergesellschaft der ISF Elevator GmbH. Wir<\/p>\n","protected":false},"author":2,"featured_media":0,"parent":0,"menu_order":0,"comment_status":"closed","ping_status":"closed","template":"","meta":{"footnotes":""},"class_list":["post-8090","page","type-page","status-publish","hentry"],"_links":{"self":[{"href":"https:\/\/isfelevatorshop.de\/de\/wp-json\/wp\/v2\/pages\/8090","targetHints":{"allow":["GET"]}}],"collection":[{"href":"https:\/\/isfelevatorshop.de\/de\/wp-json\/wp\/v2\/pages"}],"about":[{"href":"https:\/\/isfelevatorshop.de\/de\/wp-json\/wp\/v2\/types\/page"}],"author":[{"embeddable":true,"href":"https:\/\/isfelevatorshop.de\/de\/wp-json\/wp\/v2\/users\/2"}],"replies":[{"embeddable":true,"href":"https:\/\/isfelevatorshop.de\/de\/wp-json\/wp\/v2\/comments?post=8090"}],"version-history":[{"count":1,"href":"https:\/\/isfelevatorshop.de\/de\/wp-json\/wp\/v2\/pages\/8090\/revisions"}],"predecessor-version":[{"id":8092,"href":"https:\/\/isfelevatorshop.de\/de\/wp-json\/wp\/v2\/pages\/8090\/revisions\/8092"}],"wp:attachment":[{"href":"https:\/\/isfelevatorshop.de\/de\/wp-json\/wp\/v2\/media?parent=8090"}],"curies":[{"name":"wp","href":"https:\/\/api.w.org\/{rel}","templated":true}]}}